{"id":94,"date":"2023-02-14T11:25:26","date_gmt":"2023-02-14T10:25:26","guid":{"rendered":"https:\/\/klaragymnasium.se\/vasteras\/?page_id=94"},"modified":"2025-02-14T11:54:56","modified_gmt":"2025-02-14T10:54:56","slug":"kontakta-oss","status":"publish","type":"page","link":"https:\/\/klaragymnasium.se\/vasteras\/kontakta-oss\/","title":{"rendered":"Kontakta Oss"},"content":{"rendered":"\n\t<div class=\"module_wrapper ams_remote_pages_module \">\n\t\t\n\t\n\t\n<section  class=\"ams-map ams-map--fifty c-block  media-bottom media-right \" data-color-scheme=\"map\" data-locations=\"[{&quot;id&quot;:&quot;547&quot;,&quot;county&quot;:&quot;V\\u00e4stmanlands l\\u00e4n&quot;,&quot;city&quot;:&quot;V\\u00e4ster\\u00e5s stad&quot;,&quot;school&quot;:&quot;V\\u00e4ster\\u00e5s&quot;,&quot;title&quot;:&quot;Klara V\\u00e4ster\\u00e5s&quot;,&quot;phone&quot;:&quot;021312254&quot;,&quot;phone_formatted&quot;:&quot;021-312254&quot;,&quot;email&quot;:&quot;vasteras@klaragymnasium.se&quot;,&quot;visiting_address&quot;:{&quot;address&quot;:&quot;Ingenj\\u00f6r B\\u00e5\\u00e5ths gata 47&quot;,&quot;zip_code&quot;:&quot;722 12&quot;,&quot;city&quot;:&quot;V\\u00e4ster\\u00e5s&quot;},&quot;postal_address&quot;:{&quot;address&quot;:&quot;Ingenj\\u00f6r B\\u00e5\\u00e5ths gata 47&quot;,&quot;zip_code&quot;:&quot;722 12&quot;,&quot;city&quot;:&quot;V\\u00e4ster\\u00e5s&quot;},&quot;address_map&quot;:&quot;Ingenj\\u00f6r B\\u00e5\\u00e5ths gata 47, 722 12 V\\u00e4ster\\u00e5s, Sverige&quot;,&quot;lat&quot;:59.6098003,&quot;lng&quot;:16.5528526,&quot;link&quot;:{&quot;url&quot;:&quot;https:\\\/\\\/klaragymnasium.se\\\/vasteras\\\/&quot;,&quot;text&quot;:&quot;L\\u00e4s mer om skolan&quot;}}]\">\n\t<div class=\"ams-map__content u-pt-fluid-3xl-6xl u-pb-fluid-3xl-6xl l-stack l-stack-fluid-xl is-left is-left@lg\">\n\t\t\t\n\t<h1\n\tclass=\"c-heading u-font-title-1 \"\n\tstyle=\"\">\n\t\t\n\t\t\t\t\tKontakta oss\n\t\t\t\t\n\t<\/h1>\n\n\t\t\n\t\t\t\t\t<div class=\"contact-info l-stack\">\n\t\t\t\t\t\t\t\t\t<div class=\"contact-info__item\">\n\t\t\t\t\t\t<p class=\"contact-info__heading u-font-title-4\">\n\t\t\t\t\t\t\tBes\u00f6ksadress\n\t\t\t\t\t\t<\/p>\n\t\t\t\t\t\t<p>\n\t\t\t\t\t\t\t\t\t\t\t\t\t\t\tIngenj\u00f6r B\u00e5\u00e5ths gata 47<br \/>\n\t\t\t\t\t\t\t\t\t\t\t\t\t\t722 12 V\u00e4ster\u00e5s\n\t\t\t\t\t\t<\/p>\n\t\t\t\t\t<\/div>\n\t\t\t\t\n\t\t\t\t\n\t\t\t\t\t\t\t\t\t<div class=\"contact-info__item\">\n\t\t\t\t\t\t<p class=\"contact-info__heading u-font-title-4\">\n\t\t\t\t\t\t\tKontakt\n\t\t\t\t\t\t<\/p>\n\t\t\t\t\t\t<p>\n\t\t\t\t\t\t\t\t\t\t\t\t\t\t\t<a href=\"tel:021312254\">021-312254<\/a><br \/>\n\t\t\t\t\t\t\t\t\t\t\t\t\t\t\t\t\t\t\t\t\t\t<a href=\"mailto:vasteras@klaragymnasium.se\">vasteras@klaragymnasium.se<\/a>\n\t\t\t\t\t\t\t\t\t\t\t\t\t<\/p>\n\t\t\t\t\t<\/div>\n\t\t\t\t\t\t\t<\/div>\n\t\t\t<\/div>\n\n\t<div class=\"ams-map__media\">\n\t<\/div>\n<\/section>\n\t<\/div>\n\n\t\n\n\n<div style=\"height:100px\" aria-hidden=\"true\" class=\"wp-block-spacer\"><\/div>\n\n\n\n<h2 class=\"wp-block-heading has-text-align-center\">Kontaktuppgifter<\/h2>\n\n\n\n<p class=\"has-text-align-center\">H\u00e4r hittar du kontaktuppgifter till alla oss som jobbar p\u00e5 Klara Teoretiska Gymnasium V\u00e4ster\u00e5s.<\/p>\n\n\n\n<section \n\t\t class=\"\n\t\t ams-contact\n\t\t \n\t\t c-block l-stacked\n\t\t \n\t\t \n\t\t js-load-more\n\t\t \"\n\t\t data-color-scheme=\"bakgrund-hover-standard\"\n\t\t\t\t\tdata-count=\"10\"\n\t\t\t\t\t\t\tdata-count-mobile=\"10\"\n\t\t\t\t>\n\t<div\n\t\t class=\"\n\t\t l-container\n\t\t l-stack l-stack-fluid-2xl\n\t\t u-pt-fluid-3xl-6xl\n\t\t u-pb-fluid-3xl-6xl\n\t\t is-center\n\t\t is-center@md\n\t\t \">\n\t\t\t\t\t<div class=\"ams-contact__intro l-stack l-stack-lg\">\n\t\t\t\t\t\n\t<h2\n\tclass=\"c-heading u-font-title-1 \"\n\tstyle=\"\">\n\t\t\n\t\t\t\t\tLedning\n\t\t\t\t\n\t<\/h2>\n\n\t\t\t\t\t\t\t<\/div>\n\t\t\n\t\t\n\t\t    \t\n\t\t\n\t\t<ul\n\t\t\tid=\"contact-grid-69e1d587a0459\"\n\t\t\tclass=\"ams-contact__list l-grid u-gap-fluid-2xl-4xl u-justify-center js-results \"\n\t\t\taria-label=\"Kontakter\"\n\t\t\tdata-filter-animation=\"off\"\n\t\t\t>\n\t\t\t\t\t\t\t\t\t\t\t\n\t\t\t\t\n\t\t\t\t<li class=\"l-col-6@md l-col-4@lg \" data-filter=\"ledning\">\n\t\t\t\t\t<article class=\"c-card \" data-variant=\"neutral\">\n\t\t\t\t\t\t<div class=\"c-card__content u-text-center\">\n\t\t\t\t\t\t\t\t\t\t\t\t\t\t\t<h3 class=\"c-card__title u-font-title-3\">\n\t\t\t\t\t\t\t\t\tEmma Hellberg\n\t\t\t\t\t\t\t\t<\/h3>\n\t\t\t\t\t\t\t\n\t\t\t\t\t\t\t\t\t\t\t\t\t\t\t<p class=\"position u-font-body\">Rektor<\/p>\n\t\t\t\t\t\t\t\n\t\t\t\t\t\t\t\t\t\t\t\t\t\t\t<div class=\"contact-info u-font-body\">\n\t\t\t\t\t\t\t\t\t\t\t\t\t\t\t\t\t\t\t\t\t\t\t\t\t\t\t\t\t\t<p class=\"phone\"><a\n\t\t\t\t\t\t\t\t\t\t\t\t\thref=\"tel:021312258\"\n\t\t\t\t\t\t\t\t\t\t\t\t\tclass=\"u-text-link\">021-31 22 58<\/a>\n\t\t\t\t\t\t\t\t\t\t\t<\/p>\n\t\t\t\t\t\t\t\t\t\t\t\t\t\t\t\t\t\t\t\n\t\t\t\t\t\t\t\t\t\t\t\t\t\t\t\t\t\t\t\t\t\t\t\t\t\t\t\t\t\t<p class=\"email\"><a\n\t\t\t\t\t\t\t\t\t\t\t\t\thref=\"m&#097;&#105;l&#116;&#111;:e&#109;&#109;&#097;&#046;&#104;&#101;&#108;&#108;&#098;e&#114;g&#064;&#107;l&#097;r&#097;&#103;y&#109;n&#097;sium.&#115;e\"\n\t\t\t\t\t\t\t\t\t\t\t\t\tclass=\"u-text-link\">&#101;&#109;&#109;a&#046;h&#101;&#108;lb&#101;rg&#064;&#107;l&#097;r&#097;&#103;&#121;mna&#115;ium.&#115;&#101;<\/a>\n\t\t\t\t\t\t\t\t\t\t\t<\/p>\n\t\t\t\t\t\t\t\t\t\t\t\t\t\t\t\t\t\t\t\t\t\t\t\t\t\t\t<\/div>\n\t\t\t\t\t\t\t\n\t\t\t\t\t\t\t\t\t\t\t\t\t<\/div>\n\t\t\t\t\t\t<div class=\"c-card__media\">\n\t\t\t\t\t\t\t\t\t\t\t\t\t\t\t\t\t\t\t\t\t\t\t\t\t\t\t\t\t\t\t\t\t\t\t\t\t\t\t\t\t\t\t\t\t\t\t\t\t<img decoding=\"async\" width=\"400\" height=\"500\" src=\"https:\/\/klaragymnasium.se\/wp-content\/uploads\/sites\/13\/2023\/09\/emma-hellbergkla-linkoping-400x500.jpg\" class=\"u-radius-round u-ratio-landscape  \" alt=\"Personportr\u00e4tt\" sizes=\"(max-width: 300px) 100vw, 300px\" srcset=\"https:\/\/klaragymnasium.se\/wp-content\/uploads\/sites\/13\/2023\/09\/emma-hellbergkla-linkoping-400x500.jpg 400w, https:\/\/klaragymnasium.se\/wp-content\/uploads\/sites\/13\/2023\/09\/emma-hellbergkla-linkoping-300x375.jpg 300w, https:\/\/klaragymnasium.se\/wp-content\/uploads\/sites\/13\/2023\/09\/emma-hellbergkla-linkoping-600x750.jpg 600w, https:\/\/klaragymnasium.se\/wp-content\/uploads\/sites\/13\/2023\/09\/emma-hellbergkla-linkoping-800x1000.jpg 800w, https:\/\/klaragymnasium.se\/wp-content\/uploads\/sites\/13\/2023\/09\/emma-hellbergkla-linkoping-1024x1280.jpg 1024w, https:\/\/klaragymnasium.se\/wp-content\/uploads\/sites\/13\/2023\/09\/emma-hellbergkla-linkoping-1200x1500.jpg 1200w, https:\/\/klaragymnasium.se\/wp-content\/uploads\/sites\/13\/2023\/09\/emma-hellbergkla-linkoping.jpg 1638w\" \/>\n\t\t\t\t\t\t<\/div>\n\t\t\t\t\t<\/article>\n\t\t\t\t<\/li>\n\t\t\t\t\t\t\t\t\t\t\t\n\t\t\t\t\n\t\t\t\t<li class=\"l-col-6@md l-col-4@lg \" data-filter=\"ledning\">\n\t\t\t\t\t<article class=\"c-card \" data-variant=\"neutral\">\n\t\t\t\t\t\t<div class=\"c-card__content u-text-center\">\n\t\t\t\t\t\t\t\t\t\t\t\t\t\t\t<h3 class=\"c-card__title u-font-title-3\">\n\t\t\t\t\t\t\t\t\tJohanna Linde\n\t\t\t\t\t\t\t\t<\/h3>\n\t\t\t\t\t\t\t\n\t\t\t\t\t\t\t\t\t\t\t\t\t\t\t<p class=\"position u-font-body\">Administrat\u00f6r<\/p>\n\t\t\t\t\t\t\t\n\t\t\t\t\t\t\t\t\t\t\t\t\t\t\t<div class=\"contact-info u-font-body\">\n\t\t\t\t\t\t\t\t\t\t\t\t\t\t\t\t\t\t\t\t\t\t\t\t\t\t\t\t\t\t<p class=\"phone\"><a\n\t\t\t\t\t\t\t\t\t\t\t\t\thref=\"tel:021312254\"\n\t\t\t\t\t\t\t\t\t\t\t\t\tclass=\"u-text-link\">021-31 22 54<\/a>\n\t\t\t\t\t\t\t\t\t\t\t<\/p>\n\t\t\t\t\t\t\t\t\t\t\t\t\t\t\t\t\t\t\t\n\t\t\t\t\t\t\t\t\t\t\t\t\t\t\t\t\t<\/div>\n\t\t\t\t\t\t\t\n\t\t\t\t\t\t\t\t\t\t\t\t\t<\/div>\n\t\t\t\t\t\t<div class=\"c-card__media\">\n\t\t\t\t\t\t\t\t\t\t\t\t\t\t\t\t\t\t\t\t\t\t\t\t\t\t\t\t\t\t\t\t\t\t\t\t\t\t\t\t\t\t\t\t\t\t\t\t\t<img decoding=\"async\" width=\"400\" height=\"400\" src=\"https:\/\/klaragymnasium.se\/wp-content\/uploads\/2023\/08\/klara-default-400x400.jpeg\" class=\"u-radius-round u-ratio-landscape  \" alt=\"Avatarbild f\u00f6r kontakter.\" sizes=\"(max-width: 300px) 100vw, 300px\" srcset=\"https:\/\/klaragymnasium.se\/wp-content\/uploads\/2023\/08\/klara-default-400x400.jpeg 400w, https:\/\/klaragymnasium.se\/wp-content\/uploads\/2023\/08\/klara-default-150x150.jpeg 150w, https:\/\/klaragymnasium.se\/wp-content\/uploads\/2023\/08\/klara-default-300x300.jpeg 300w, https:\/\/klaragymnasium.se\/wp-content\/uploads\/2023\/08\/klara-default.jpeg 500w\" \/>\n\t\t\t\t\t\t<\/div>\n\t\t\t\t\t<\/article>\n\t\t\t\t<\/li>\n\t\t\t\t\t<\/ul>\n\n\t\t\n\t\t    <div class=\"ams-contact__more u-inline-items js-load-more-btn\">\n        <button href=\"#\"\n                class=\"c-btn\"\n                data-style=\"round\"\n                data-size=\"md\"\n                data-width=\"full-mobile\"\n                data-variant=\"outline\">\n        \tVisa mer\n        <\/button>\n    <\/div>\n\n\t\t\t<\/div>\n\n\t\t\n\n<\/section>\n\n\n\n<section \n\t\t class=\"\n\t\t ams-contact\n\t\t \n\t\t c-block l-stacked\n\t\t \n\t\t \n\t\t js-load-more\n\t\t \"\n\t\t data-color-scheme=\"bakgrund-hover-standard\"\n\t\t\t\t\tdata-count=\"10\"\n\t\t\t\t\t\t\tdata-count-mobile=\"10\"\n\t\t\t\t>\n\t<div\n\t\t class=\"\n\t\t l-container\n\t\t l-stack l-stack-fluid-2xl\n\t\t u-pt-fluid-3xl-6xl\n\t\t u-pb-fluid-3xl-6xl\n\t\t is-center\n\t\t is-center@md\n\t\t \">\n\t\t\t\t\t<div class=\"ams-contact__intro l-stack l-stack-lg\">\n\t\t\t\t\t\n\t<h2\n\tclass=\"c-heading u-font-title-1 \"\n\tstyle=\"\">\n\t\t\n\t\t\t\t\tElevh\u00e4lsa\n\t\t\t\t\n\t<\/h2>\n\n\t\t\t\t\t\t\t<\/div>\n\t\t\n\t\t\n\t\t    \t\n\t\t\n\t\t<ul\n\t\t\tid=\"contact-grid-69e1d587a810c\"\n\t\t\tclass=\"ams-contact__list l-grid u-gap-fluid-2xl-4xl u-justify-center js-results \"\n\t\t\taria-label=\"Kontakter\"\n\t\t\tdata-filter-animation=\"off\"\n\t\t\t>\n\t\t\t\t\t\t\t\t\t\t\t\n\t\t\t\t\n\t\t\t\t<li class=\"l-col-6@md l-col-4@lg \" data-filter=\"elevhalsa\">\n\t\t\t\t\t<article class=\"c-card \" data-variant=\"neutral\">\n\t\t\t\t\t\t<div class=\"c-card__content u-text-center\">\n\t\t\t\t\t\t\t\t\t\t\t\t\t\t\t<h3 class=\"c-card__title u-font-title-3\">\n\t\t\t\t\t\t\t\t\tDunya Al-Hakeem\n\t\t\t\t\t\t\t\t<\/h3>\n\t\t\t\t\t\t\t\n\t\t\t\t\t\t\t\t\t\t\t\t\t\t\t<p class=\"position u-font-body\">Kurator<\/p>\n\t\t\t\t\t\t\t\n\t\t\t\t\t\t\t\t\t\t\t\t\t\t\t<div class=\"contact-info u-font-body\">\n\t\t\t\t\t\t\t\t\t\t\t\t\t\t\t\t\t\t\t\t\t\t\t\t\t\t\t\t\t\t<p class=\"phone\"><a\n\t\t\t\t\t\t\t\t\t\t\t\t\thref=\"tel:021312254\"\n\t\t\t\t\t\t\t\t\t\t\t\t\tclass=\"u-text-link\">021-31 22 54<\/a>\n\t\t\t\t\t\t\t\t\t\t\t<\/p>\n\t\t\t\t\t\t\t\t\t\t\t\t\t\t\t\t\t\t\t\n\t\t\t\t\t\t\t\t\t\t\t\t\t\t\t\t\t<\/div>\n\t\t\t\t\t\t\t\n\t\t\t\t\t\t\t\t\t\t\t\t\t<\/div>\n\t\t\t\t\t\t<div class=\"c-card__media\">\n\t\t\t\t\t\t\t\t\t\t\t\t\t\t\t\t\t\t\t\t\t\t\t\t\t\t\t\t\t\t\t\t\t\t\t\t\t\t\t\t\t\t\t\t\t\t\t\t\t<img decoding=\"async\" width=\"400\" height=\"400\" src=\"https:\/\/klaragymnasium.se\/wp-content\/uploads\/2023\/08\/klara-default-400x400.jpeg\" class=\"u-radius-round u-ratio-landscape  \" alt=\"Avatarbild f\u00f6r kontakter.\" sizes=\"(max-width: 300px) 100vw, 300px\" srcset=\"https:\/\/klaragymnasium.se\/wp-content\/uploads\/2023\/08\/klara-default-400x400.jpeg 400w, https:\/\/klaragymnasium.se\/wp-content\/uploads\/2023\/08\/klara-default-150x150.jpeg 150w, https:\/\/klaragymnasium.se\/wp-content\/uploads\/2023\/08\/klara-default-300x300.jpeg 300w, https:\/\/klaragymnasium.se\/wp-content\/uploads\/2023\/08\/klara-default.jpeg 500w\" \/>\n\t\t\t\t\t\t<\/div>\n\t\t\t\t\t<\/article>\n\t\t\t\t<\/li>\n\t\t\t\t\t\t\t\t\t\t\t\n\t\t\t\t\n\t\t\t\t<li class=\"l-col-6@md l-col-4@lg \" data-filter=\"elevhalsa\">\n\t\t\t\t\t<article class=\"c-card \" data-variant=\"neutral\">\n\t\t\t\t\t\t<div class=\"c-card__content u-text-center\">\n\t\t\t\t\t\t\t\t\t\t\t\t\t\t\t<h3 class=\"c-card__title u-font-title-3\">\n\t\t\t\t\t\t\t\t\tJenny Karlsson\n\t\t\t\t\t\t\t\t<\/h3>\n\t\t\t\t\t\t\t\n\t\t\t\t\t\t\t\t\t\t\t\t\t\t\t<p class=\"position u-font-body\">Specialpedagog<\/p>\n\t\t\t\t\t\t\t\n\t\t\t\t\t\t\t\t\t\t\t\t\t\t\t<div class=\"contact-info u-font-body\">\n\t\t\t\t\t\t\t\t\t\t\t\t\t\t\t\t\t\t\t\t\t\t\t\t\t\t\t\t\t\t<p class=\"phone\"><a\n\t\t\t\t\t\t\t\t\t\t\t\t\thref=\"tel:021312255\"\n\t\t\t\t\t\t\t\t\t\t\t\t\tclass=\"u-text-link\">021-31 22 55<\/a>\n\t\t\t\t\t\t\t\t\t\t\t<\/p>\n\t\t\t\t\t\t\t\t\t\t\t\t\t\t\t\t\t\t\t\n\t\t\t\t\t\t\t\t\t\t\t\t\t\t\t\t\t<\/div>\n\t\t\t\t\t\t\t\n\t\t\t\t\t\t\t\t\t\t\t\t\t<\/div>\n\t\t\t\t\t\t<div class=\"c-card__media\">\n\t\t\t\t\t\t\t\t\t\t\t\t\t\t\t\t\t\t\t\t\t\t\t\t\t\t\t\t\t\t\t\t\t\t\t\t\t\t\t\t\t\t\t\t\t\t\t\t\t<img decoding=\"async\" width=\"400\" height=\"400\" src=\"https:\/\/klaragymnasium.se\/wp-content\/uploads\/2023\/08\/klara-default-400x400.jpeg\" class=\"u-radius-round u-ratio-landscape  \" alt=\"Avatarbild f\u00f6r kontakter.\" sizes=\"(max-width: 300px) 100vw, 300px\" srcset=\"https:\/\/klaragymnasium.se\/wp-content\/uploads\/2023\/08\/klara-default-400x400.jpeg 400w, https:\/\/klaragymnasium.se\/wp-content\/uploads\/2023\/08\/klara-default-150x150.jpeg 150w, https:\/\/klaragymnasium.se\/wp-content\/uploads\/2023\/08\/klara-default-300x300.jpeg 300w, https:\/\/klaragymnasium.se\/wp-content\/uploads\/2023\/08\/klara-default.jpeg 500w\" \/>\n\t\t\t\t\t\t<\/div>\n\t\t\t\t\t<\/article>\n\t\t\t\t<\/li>\n\t\t\t\t\t\t\t\t\t\t\t\n\t\t\t\t\n\t\t\t\t<li class=\"l-col-6@md l-col-4@lg \" data-filter=\"elevhalsa\">\n\t\t\t\t\t<article class=\"c-card \" data-variant=\"neutral\">\n\t\t\t\t\t\t<div class=\"c-card__content u-text-center\">\n\t\t\t\t\t\t\t\t\t\t\t\t\t\t\t<h3 class=\"c-card__title u-font-title-3\">\n\t\t\t\t\t\t\t\t\tMarjo Svensson\n\t\t\t\t\t\t\t\t<\/h3>\n\t\t\t\t\t\t\t\n\t\t\t\t\t\t\t\t\t\t\t\t\t\t\t<p class=\"position u-font-body\">Skolsk\u00f6terska<\/p>\n\t\t\t\t\t\t\t\n\t\t\t\t\t\t\t\t\t\t\t\t\t\t\t<div class=\"contact-info u-font-body\">\n\t\t\t\t\t\t\t\t\t\t\t\t\t\t\t\t\t\t\t\t\t\t\t\t\t\t\t\t\t\t<p class=\"phone\"><a\n\t\t\t\t\t\t\t\t\t\t\t\t\thref=\"tel:0761474739\"\n\t\t\t\t\t\t\t\t\t\t\t\t\tclass=\"u-text-link\">076-147 47 39<\/a>\n\t\t\t\t\t\t\t\t\t\t\t<\/p>\n\t\t\t\t\t\t\t\t\t\t\t\t\t\t\t\t\t\t\t\n\t\t\t\t\t\t\t\t\t\t\t\t\t\t\t\t\t<\/div>\n\t\t\t\t\t\t\t\n\t\t\t\t\t\t\t\t\t\t\t\t\t<\/div>\n\t\t\t\t\t\t<div class=\"c-card__media\">\n\t\t\t\t\t\t\t\t\t\t\t\t\t\t\t\t\t\t\t\t\t\t\t\t\t\t\t\t\t\t\t\t\t\t\t\t\t\t\t\t\t\t\t\t\t\t\t\t\t<img decoding=\"async\" width=\"400\" height=\"400\" src=\"https:\/\/klaragymnasium.se\/wp-content\/uploads\/2023\/08\/klara-default-400x400.jpeg\" class=\"u-radius-round u-ratio-landscape  \" alt=\"Avatarbild f\u00f6r kontakter.\" sizes=\"(max-width: 300px) 100vw, 300px\" srcset=\"https:\/\/klaragymnasium.se\/wp-content\/uploads\/2023\/08\/klara-default-400x400.jpeg 400w, https:\/\/klaragymnasium.se\/wp-content\/uploads\/2023\/08\/klara-default-150x150.jpeg 150w, https:\/\/klaragymnasium.se\/wp-content\/uploads\/2023\/08\/klara-default-300x300.jpeg 300w, https:\/\/klaragymnasium.se\/wp-content\/uploads\/2023\/08\/klara-default.jpeg 500w\" \/>\n\t\t\t\t\t\t<\/div>\n\t\t\t\t\t<\/article>\n\t\t\t\t<\/li>\n\t\t\t\t\t\t\t\t\t\t\t\n\t\t\t\t\n\t\t\t\t<li class=\"l-col-6@md l-col-4@lg \" data-filter=\"elevhalsa\">\n\t\t\t\t\t<article class=\"c-card \" data-variant=\"neutral\">\n\t\t\t\t\t\t<div class=\"c-card__content u-text-center\">\n\t\t\t\t\t\t\t\t\t\t\t\t\t\t\t<h3 class=\"c-card__title u-font-title-3\">\n\t\t\t\t\t\t\t\t\tRebecca Zand\u00e9n\n\t\t\t\t\t\t\t\t<\/h3>\n\t\t\t\t\t\t\t\n\t\t\t\t\t\t\t\t\t\t\t\t\t\t\t<p class=\"position u-font-body\">SYV<\/p>\n\t\t\t\t\t\t\t\n\t\t\t\t\t\t\t\t\t\t\t\t\t\t\t<div class=\"contact-info u-font-body\">\n\t\t\t\t\t\t\t\t\t\t\t\t\t\t\t\t\t\t\t\t\t\t\t\t\t\t\t\t\t\t<p class=\"phone\"><a\n\t\t\t\t\t\t\t\t\t\t\t\t\thref=\"tel:0761030531\"\n\t\t\t\t\t\t\t\t\t\t\t\t\tclass=\"u-text-link\">076-103 05 31<\/a>\n\t\t\t\t\t\t\t\t\t\t\t<\/p>\n\t\t\t\t\t\t\t\t\t\t\t\t\t\t\t\t\t\t\t\n\t\t\t\t\t\t\t\t\t\t\t\t\t\t\t\t\t<\/div>\n\t\t\t\t\t\t\t\n\t\t\t\t\t\t\t\t\t\t\t\t\t<\/div>\n\t\t\t\t\t\t<div class=\"c-card__media\">\n\t\t\t\t\t\t\t\t\t\t\t\t\t\t\t\t\t\t\t\t\t\t\t\t\t\t\t\t\t\t\t\t\t\t\t\t\t\t\t\t\t\t\t\t\t\t\t\t\t<img decoding=\"async\" width=\"400\" height=\"400\" src=\"https:\/\/klaragymnasium.se\/wp-content\/uploads\/2023\/08\/klara-default-400x400.jpeg\" class=\"u-radius-round u-ratio-landscape  \" alt=\"Avatarbild f\u00f6r kontakter.\" sizes=\"(max-width: 300px) 100vw, 300px\" srcset=\"https:\/\/klaragymnasium.se\/wp-content\/uploads\/2023\/08\/klara-default-400x400.jpeg 400w, https:\/\/klaragymnasium.se\/wp-content\/uploads\/2023\/08\/klara-default-150x150.jpeg 150w, https:\/\/klaragymnasium.se\/wp-content\/uploads\/2023\/08\/klara-default-300x300.jpeg 300w, https:\/\/klaragymnasium.se\/wp-content\/uploads\/2023\/08\/klara-default.jpeg 500w\" \/>\n\t\t\t\t\t\t<\/div>\n\t\t\t\t\t<\/article>\n\t\t\t\t<\/li>\n\t\t\t\t\t<\/ul>\n\n\t\t\n\t\t    <div class=\"ams-contact__more u-inline-items js-load-more-btn\">\n        <button href=\"#\"\n                class=\"c-btn\"\n                data-style=\"round\"\n                data-size=\"md\"\n                data-width=\"full-mobile\"\n                data-variant=\"outline\">\n        \tVisa mer\n        <\/button>\n    <\/div>\n\n\t\t\t<\/div>\n\n\t\t\n\n<\/section>\n\n\n\n\n<section  class=\"ams-cta ams-cta--stacked c-block l-stacked\" data-color-scheme=\"gra\">\n\t<div class=\"l-container-narrow l-stack l-stack-fluid-2xl u-pt-fluid-3xl-6xl u-pb-fluid-3xl-6xl is-center is-center@md\">\n\t\t\t\t\t<div class=\"ams-cta__intro l-stack l-stack-lg\">\n\t\t\t\t\t\n\t<h2\n\tclass=\"c-heading u-font-title-1 \"\n\tstyle=\"\">\n\t\t\n\t\t\t\t\tSynpunkter p\u00e5 verksamheten\n\t\t\t\t\n\t<\/h2>\n\n\t\t\t\t\t\t\t\t\t<div class=\"c-text l-stack u-cs-xl u-font-body\">\n\t\t\t\t\t\t<p>V\u00e5rt m\u00e5l \u00e4r att erbjuda en h\u00f6g och god kvalitet. D\u00e4rf\u00f6r \u00e4r det viktigt att vi f\u00e5r information om eventuella brister, s\u00e5 att vi i dialog med dig kan f\u00f6rb\u00e4ttra och utveckla verksamheten.<\/p>\n\n\t\t\t\t\t<\/div>\n\t\t\t\t\t\t\t<\/div>\n\t\t\n\t\t\n\t\t\t<div class=\"ams-cta__action u-inline-items\">\n\t\t\t\t\t\t\t\n\n\n<a href=\"https:\/\/klaragymnasium.se\/vasteras\/vart-kvalitetsarbete\/synpunkter-pa-verksamheten\/\"\n\t\n\tclass=\"c-btn \"\n\tdata-style=\"round\"\n\tdata-size=\"md\"\n\tdata-width=\"full-mobile\"\n\tdata-variant=\"default\"\n\ttarget=\"_self\">\n\t\t\t<span class=\"label\"> L\u00e4mna synpunkt<\/span>\n\t\t\t<\/a>\n\t\t\t<\/div>\n\t<\/div>\n\n\t\t\n\n<\/section>\n","protected":false},"excerpt":{"rendered":"<p>Kontaktuppgifter H\u00e4r hittar du kontaktuppgifter till alla oss som jobbar p\u00e5 Klara Teoretiska Gymnasium V\u00e4ster\u00e5s.<\/p>\n","protected":false},"author":1,"featured_media":0,"parent":0,"menu_order":0,"comment_status":"closed","ping_status":"closed","template":"archive-personal.php","meta":{"footnotes":""},"yoast_head":"<!-- This site is optimized with the Yoast SEO plugin v22.0 - https:\/\/yoast.com\/wordpress\/plugins\/seo\/ -->\n<title>Kontakta Oss - Klara Gymnasium V\u00e4ster\u00e5s<\/title>\n<meta name=\"description\" content=\"H\u00e4r hittar du kontaktuppgifter till alla oss som jobbar p\u00e5 Klara Teoretiska Gymnasium V\u00e4ster\u00e5s.\" \/>\n<meta name=\"robots\" content=\"index, follow, max-snippet:-1, max-image-preview:large, max-video-preview:-1\" \/>\n<link rel=\"canonical\" href=\"https:\/\/klaragymnasium.se\/vasteras\/kontakta-oss\/\" \/>\n<meta property=\"og:locale\" content=\"sv_SE\" \/>\n<meta property=\"og:type\" content=\"article\" \/>\n<meta property=\"og:title\" content=\"Kontakta Oss - Klara Gymnasium V\u00e4ster\u00e5s\" \/>\n<meta property=\"og:description\" content=\"H\u00e4r hittar du kontaktuppgifter till alla oss som jobbar p\u00e5 Klara Teoretiska Gymnasium V\u00e4ster\u00e5s.\" \/>\n<meta property=\"og:url\" content=\"https:\/\/klaragymnasium.se\/vasteras\/kontakta-oss\/\" \/>\n<meta property=\"og:site_name\" content=\"V\u00e4ster\u00e5s\" \/>\n<meta property=\"article:modified_time\" content=\"2025-02-14T10:54:56+00:00\" \/>\n<meta name=\"twitter:card\" content=\"summary_large_image\" \/>\n<meta name=\"twitter:title\" content=\"Kontakta Oss - Klara Gymnasium V\u00e4ster\u00e5s\" \/>\n<meta name=\"twitter:description\" content=\"H\u00e4r hittar du kontaktuppgifter till alla oss som jobbar p\u00e5 Klara Teoretiska Gymnasium V\u00e4ster\u00e5s.\" \/>\n<meta name=\"twitter:label1\" content=\"Est. reading time\" \/>\n\t<meta name=\"twitter:data1\" content=\"1 minut\" \/>\n<script type=\"application\/ld+json\" class=\"yoast-schema-graph\">{\"@context\":\"https:\/\/schema.org\",\"@graph\":[{\"@type\":\"WebPage\",\"@id\":\"https:\/\/klaragymnasium.se\/vasteras\/kontakta-oss\/\",\"url\":\"https:\/\/klaragymnasium.se\/vasteras\/kontakta-oss\/\",\"name\":\"Kontakta Oss - Klara Gymnasium V\u00e4ster\u00e5s\",\"isPartOf\":{\"@id\":\"https:\/\/klaragymnasium.se\/vasteras\/#website\"},\"datePublished\":\"2023-02-14T10:25:26+00:00\",\"dateModified\":\"2025-02-14T10:54:56+00:00\",\"description\":\"H\u00e4r hittar du kontaktuppgifter till alla oss som jobbar p\u00e5 Klara Teoretiska Gymnasium V\u00e4ster\u00e5s.\",\"breadcrumb\":{\"@id\":\"https:\/\/klaragymnasium.se\/vasteras\/kontakta-oss\/#breadcrumb\"},\"inLanguage\":\"sv-SE\",\"potentialAction\":[{\"@type\":\"ReadAction\",\"target\":[\"https:\/\/klaragymnasium.se\/vasteras\/kontakta-oss\/\"]}]},{\"@type\":\"BreadcrumbList\",\"@id\":\"https:\/\/klaragymnasium.se\/vasteras\/kontakta-oss\/#breadcrumb\",\"itemListElement\":[{\"@type\":\"ListItem\",\"position\":1,\"name\":\"Start\",\"item\":\"https:\/\/klaragymnasium.se\/vasteras\/\"},{\"@type\":\"ListItem\",\"position\":2,\"name\":\"Kontakta Oss\"}]},{\"@type\":\"WebSite\",\"@id\":\"https:\/\/klaragymnasium.se\/vasteras\/#website\",\"url\":\"https:\/\/klaragymnasium.se\/vasteras\/\",\"name\":\"V\u00e4ster\u00e5s\",\"description\":\"Just another WordPress site\",\"potentialAction\":[{\"@type\":\"SearchAction\",\"target\":{\"@type\":\"EntryPoint\",\"urlTemplate\":\"https:\/\/klaragymnasium.se\/vasteras\/?s={search_term_string}\"},\"query-input\":\"required name=search_term_string\"}],\"inLanguage\":\"sv-SE\"}]}<\/script>\n<!-- \/ Yoast SEO plugin. -->","yoast_head_json":{"title":"Kontakta Oss - Klara Gymnasium V\u00e4ster\u00e5s","description":"H\u00e4r hittar du kontaktuppgifter till alla oss som jobbar p\u00e5 Klara Teoretiska Gymnasium V\u00e4ster\u00e5s.","robots":{"index":"index","follow":"follow","max-snippet":"max-snippet:-1","max-image-preview":"max-image-preview:large","max-video-preview":"max-video-preview:-1"},"canonical":"https:\/\/klaragymnasium.se\/vasteras\/kontakta-oss\/","og_locale":"sv_SE","og_type":"article","og_title":"Kontakta Oss - Klara Gymnasium V\u00e4ster\u00e5s","og_description":"H\u00e4r hittar du kontaktuppgifter till alla oss som jobbar p\u00e5 Klara Teoretiska Gymnasium V\u00e4ster\u00e5s.","og_url":"https:\/\/klaragymnasium.se\/vasteras\/kontakta-oss\/","og_site_name":"V\u00e4ster\u00e5s","article_modified_time":"2025-02-14T10:54:56+00:00","twitter_card":"summary_large_image","twitter_title":"Kontakta Oss - Klara Gymnasium V\u00e4ster\u00e5s","twitter_description":"H\u00e4r hittar du kontaktuppgifter till alla oss som jobbar p\u00e5 Klara Teoretiska Gymnasium V\u00e4ster\u00e5s.","twitter_misc":{"Est. reading time":"1 minut"},"schema":{"@context":"https:\/\/schema.org","@graph":[{"@type":"WebPage","@id":"https:\/\/klaragymnasium.se\/vasteras\/kontakta-oss\/","url":"https:\/\/klaragymnasium.se\/vasteras\/kontakta-oss\/","name":"Kontakta Oss - Klara Gymnasium V\u00e4ster\u00e5s","isPartOf":{"@id":"https:\/\/klaragymnasium.se\/vasteras\/#website"},"datePublished":"2023-02-14T10:25:26+00:00","dateModified":"2025-02-14T10:54:56+00:00","description":"H\u00e4r hittar du kontaktuppgifter till alla oss som jobbar p\u00e5 Klara Teoretiska Gymnasium V\u00e4ster\u00e5s.","breadcrumb":{"@id":"https:\/\/klaragymnasium.se\/vasteras\/kontakta-oss\/#breadcrumb"},"inLanguage":"sv-SE","potentialAction":[{"@type":"ReadAction","target":["https:\/\/klaragymnasium.se\/vasteras\/kontakta-oss\/"]}]},{"@type":"BreadcrumbList","@id":"https:\/\/klaragymnasium.se\/vasteras\/kontakta-oss\/#breadcrumb","itemListElement":[{"@type":"ListItem","position":1,"name":"Start","item":"https:\/\/klaragymnasium.se\/vasteras\/"},{"@type":"ListItem","position":2,"name":"Kontakta Oss"}]},{"@type":"WebSite","@id":"https:\/\/klaragymnasium.se\/vasteras\/#website","url":"https:\/\/klaragymnasium.se\/vasteras\/","name":"V\u00e4ster\u00e5s","description":"Just another WordPress site","potentialAction":[{"@type":"SearchAction","target":{"@type":"EntryPoint","urlTemplate":"https:\/\/klaragymnasium.se\/vasteras\/?s={search_term_string}"},"query-input":"required name=search_term_string"}],"inLanguage":"sv-SE"}]}},"_links":{"self":[{"href":"https:\/\/klaragymnasium.se\/vasteras\/wp-json\/wp\/v2\/pages\/94"}],"collection":[{"href":"https:\/\/klaragymnasium.se\/vasteras\/wp-json\/wp\/v2\/pages"}],"about":[{"href":"https:\/\/klaragymnasium.se\/vasteras\/wp-json\/wp\/v2\/types\/page"}],"author":[{"embeddable":true,"href":"https:\/\/klaragymnasium.se\/vasteras\/wp-json\/wp\/v2\/users\/1"}],"replies":[{"embeddable":true,"href":"https:\/\/klaragymnasium.se\/vasteras\/wp-json\/wp\/v2\/comments?post=94"}],"version-history":[{"count":10,"href":"https:\/\/klaragymnasium.se\/vasteras\/wp-json\/wp\/v2\/pages\/94\/revisions"}],"predecessor-version":[{"id":2638,"href":"https:\/\/klaragymnasium.se\/vasteras\/wp-json\/wp\/v2\/pages\/94\/revisions\/2638"}],"wp:attachment":[{"href":"https:\/\/klaragymnasium.se\/vasteras\/wp-json\/wp\/v2\/media?parent=94"}],"curies":[{"name":"wp","href":"https:\/\/api.w.org\/{rel}","templated":true}]}}