{"id":491,"date":"2023-03-09T11:59:38","date_gmt":"2023-03-09T10:59:38","guid":{"rendered":"https:\/\/klaragymnasium.se\/sthlmsodra\/?page_id=491"},"modified":"2023-11-27T08:52:38","modified_gmt":"2023-11-27T07:52:38","slug":"vart-kvalitetsarbete","status":"publish","type":"page","link":"https:\/\/klaragymnasium.se\/sthlmsodra\/vart-kvalitetsarbete\/","title":{"rendered":"V\u00e5rt kvalitetsarbete"},"content":{"rendered":"\n\t<div class=\"module_wrapper ams_remote_pages_module \">\n\t\t\n\n<section  class=\"ams-cta ams-cta--stacked c-block l-stacked\" data-color-scheme=\"vit\">\n\t<div class=\"l-container-narrow l-stack l-stack-fluid-2xl u-pt-fluid-3xl-6xl u-pb-fluid-3xl-6xl is-center is-center@md\">\n\t\t\t\t\t<div class=\"ams-cta__intro l-stack l-stack-lg\">\n\t\t\t\t\t\n\t<h1\n\tclass=\"c-heading u-font-title-1 \"\n\tstyle=\"\">\n\t\t\n\t\t\t\t\tKvalitetsarbete p\u00e5 KLARA \n\t\t\t\t\n\t<\/h1>\n\n\t\t\t\t\t\t\t\t\t<div class=\"c-text l-stack u-cs-xl u-font-body\">\n\t\t\t\t\t\t<p>Kommunikation och samtal \u00e4r en viktig ingrediens f\u00f6r oss p\u00e5 Klara Teoretiska Gymnasium. Att se varandra, visa respekt och f\u00e5 m\u00f6jlighet till egen utveckling utg\u00f6r f\u00f6r oss en v\u00e4sentlig grund f\u00f6r l\u00e4rande.<\/p>\n\n\t\t\t\t\t<\/div>\n\t\t\t\t\t\t\t<\/div>\n\t\t\n\t\t\n\t\t\t<\/div>\n\n\t\t\n\n<\/section>\n\n\t\n\t\n\t\n\n\t\n\t\n\t\t\n<section  class=\"c-block l-stacked  \" data-color-scheme=\"gra\">\n\t<div class=\"ams-fifty ams-fifty--container ams-fifty--right ams-fifty--top l-container u-pt-fluid-3xl-6xl u-pb-fluid-3xl-6xl\">\n\t\t<div class=\"ams-fifty__content l-stack l-stack-xl is-center is-left@lg\">\n\t\t\t<div class=\"ams-fifty__text l-stack l-stack-lg\">\n\t\t\t\t\t\n\t<h2\n\tclass=\"c-heading u-font-title-1 \"\n\tstyle=\"\">\n\t\t\n\t\t\t\t\tTrygghet och kvalitet\n\t\t\t\t\n\t<\/h2>\n\n\t\t\t\t\t\t\t\t\t<div class=\"text l-stack u-font-body\">\n\t\t\t\t\t\t<p>V\u00e5r kvalitet \u00e4r ett resultat av tydliga strukturer och kunniga och trygga l\u00e4rare som g\u00e4rna samarbetar kring elevernas olika kurser. Vi har ett stort intresse f\u00f6r aktuella skolfr\u00e5gor och \u00e4r m\u00e5na om att h\u00e5lla oss uppdaterade. Vi har \u00e4ven ett gemensamt intresse att utveckla v\u00e5ra skolor f\u00f6r att n\u00e5 \u00e4nnu b\u00e4ttre resultat.<\/p>\n<p>B\u00e5de erfarenhet och forskning s\u00e4ger att det \u00e4r viktigare att du studerar \u00e4n att du vet vilket yrke studierna ska leda till. Den karakt\u00e4r och den personlighet du formar under dina tre \u00e5r hos oss kommer att ge dig viktiga f\u00f6ruts\u00e4ttningar oavsett vad du sedan v\u00e4ljer att g\u00f6ra \u2013 studera p\u00e5 universitet eller h\u00f6gskola i Sverige eller utomlands, starta eget f\u00f6retag eller kanske g\u00e5 direkt in p\u00e5 arbetsmarknaden. Tillsammans kommer vi att f\u00f6rbereda och st\u00f6tta dig, hur du \u00e4n v\u00e4ljer!<\/p>\n\n\t\t\t\t\t<\/div>\n\t\t\t\t\t\t\t<\/div>\n\n\t\t\t\t\t<\/div>\n\n\t\t <div class=\"ams-fifty__media u-ratio-square\">\n\t\t \t\t\t\t\t<img decoding=\"async\" width=\"600\" height=\"400\" src=\"https:\/\/klaragymnasium.se\/wp-content\/uploads\/2025\/02\/klarasundsvall202410-202910webb151-600x400.jpg\" class=\"attachment-md size-md\" alt=\"Elever genomf\u00f6r en laboration tillsammans med en l\u00e4rare.\" sizes=\"(min-width: 64em) 600px, calc(100vw - 160px)\" srcset=\"https:\/\/klaragymnasium.se\/wp-content\/uploads\/2025\/02\/klarasundsvall202410-202910webb151-600x400.jpg 600w, https:\/\/klaragymnasium.se\/wp-content\/uploads\/2025\/02\/klarasundsvall202410-202910webb151-300x200.jpg 300w, https:\/\/klaragymnasium.se\/wp-content\/uploads\/2025\/02\/klarasundsvall202410-202910webb151-400x267.jpg 400w, https:\/\/klaragymnasium.se\/wp-content\/uploads\/2025\/02\/klarasundsvall202410-202910webb151-800x533.jpg 800w, https:\/\/klaragymnasium.se\/wp-content\/uploads\/2025\/02\/klarasundsvall202410-202910webb151-1024x683.jpg 1024w, https:\/\/klaragymnasium.se\/wp-content\/uploads\/2025\/02\/klarasundsvall202410-202910webb151-1200x800.jpg 1200w, https:\/\/klaragymnasium.se\/wp-content\/uploads\/2025\/02\/klarasundsvall202410-202910webb151.jpg 2048w\" \/>\n\t\t\t\n\t\t\t\n\t\t\t\t\t<\/div>\n\t<\/div>\n\n\t\t\n\n<\/section>\n\t<\/div>\n\n\t\n\n\n\n<section  class=\"ams-info-card c-block l-stacked\" data-color-scheme=\"info-card\">\n\t<div class=\"l-container l-stack l-stack-fluid-2xl u-pt-fluid-3xl-6xl u-pb-fluid-3xl-6xl is-center is-center@md\">\n\t\t\t\t\t<div class=\"ams-info-card__intro l-stack l-stack-lg\">\n\t\t\t\t\t\n\t<h2\n\tclass=\"c-heading u-font-title-1 \"\n\tstyle=\"\">\n\t\t\n\t\t\t\t\tVill du veta mer om v\u00e5rt kvalitetsarbete?\n\t\t\t\t\n\t<\/h2>\n\n\t\t\t\t\t\t\t<\/div>\n\t\t\n\t\t\t\t\t\n<ul class=\"ams-info-card__list l-grid u-gap-2xl\">\n\t\t\t<li class=\"l-col-6@md l-col-4@lg\">\n\t\t\t<article\n\t\t\t\tclass=\"\n\t\t\t\tc-card\n\t\t\t\t\n\t\t\t\thas-media-zoom\n\t\t\t\t\n\t\t\t\t\"\n\t\t\t\tdata-variant=\"space\"\n\t\t\t\tdata-style=\"square\"\n\t\t\t\t data-click-area\n\t\t\t\t\n\t\t\t\t\n\t\t\t\t>\n\t\t\t\t<div class=\"c-card__content l-stack l-stack-sm is-left is-left@md\">\n\t\t\t\t\t\t\t\t\t\t\t<h3 class=\"c-card__title u-font-title-3\">\n\t\t\t\t\t\t\t\t\t\t\t\t\t\t\t<a class=\"c-card__link\" href=\"https:\/\/klaragymnasium.se\/sthlmsodra\/kontakta-oss\/\" target=\"_self\">\n\t\t\t\t\t\t\t\t\tKontakta oss\n\t\t\t\t\t\t\t\t<\/a>\n\t\t\t\t\t\t\t\t\t\t\t\t\t<\/h3>\n\t\t\t\t\t\n\t\t\t\t\t\t\t\t\t\t\t<div class=\"c-card__text l-stack-xs u-font-body\">\n\t\t\t\t\t\t\t<p>Har du n\u00e5gra fr\u00e5gor om v\u00e5ra verksamheter till v\u00e5r ledning? Klicka dig vidare f\u00f6r att kontakta oss.<\/p>\n\n\t\t\t\t\t\t<\/div>\n\t\t\t\t\t\n\t\t\t\t\t\t\t\t\t\t\t<div class=\"c-card__icon c-card__icon--nl\">\n\t\t\t\t\t\t\t\t\t\t\t\t\t\t<svg class=\"ams-icon ams-icon--arrow-right\" width=\"32\" height=\"32\" viewbox=\"0 0 32 32\" fill=\"currentColor\" aria-hidden=\"true\" xmlns=\"http:\/\/www.w3.org\/2000\/svg\">\n\t\t\t\t\t\t\t\t\t\t\t\t\t\t\t\t<path d=\"M15.4617 0.252159L14.9567 0.75931C14.6219 1.09545 14.6219 1.64048 14.9567 1.97669L27.7062 14.7806H0.857144C0.383786 14.7806 0 15.166 0 15.6414V16.3587C0 16.8341 0.383786 17.2195 0.857144 17.2195H27.7062L14.9567 30.0234C14.6219 30.3595 14.6219 30.9045 14.9567 31.2407L15.4617 31.7479C15.7964 32.084 16.3392 32.084 16.6739 31.7479L31.749 16.6087C32.0837 16.2725 32.0837 15.7275 31.749 15.3913L16.6739 0.252159C16.3392 -0.084053 15.7964 -0.084053 15.4617 0.252159Z\"\/>\n\t\t\t\t\t\t\t\n\t\t\t\t\t\t\t<\/svg>\n\t\t\t\t\t\t<\/div>\n\t\t\t\t\t\t\t\t\t<\/div>\n\n\t\t\t\t\t\t\t\t\t<div class=\"c-card__media \" style=\" \">\n\t\t\t\t\t\t<img decoding=\"async\" width=\"400\" height=\"400\" src=\"https:\/\/klaragymnasium.se\/wp-content\/uploads\/sites\/12\/2023\/04\/klasollentunalasarstider1080x10805-400x400.jpg\" class=\"\" alt=\"Elever utanf\u00f6r skolan\" sizes=\"(min-width: 64em) 300px, (min-width: 48em) calc(.50 * (100vw - 304px)), calc(100vw - 208px)\" srcset=\"https:\/\/klaragymnasium.se\/wp-content\/uploads\/sites\/12\/2023\/04\/klasollentunalasarstider1080x10805-400x400.jpg 400w, https:\/\/klaragymnasium.se\/wp-content\/uploads\/sites\/12\/2023\/04\/klasollentunalasarstider1080x10805-150x150.jpg 150w, https:\/\/klaragymnasium.se\/wp-content\/uploads\/sites\/12\/2023\/04\/klasollentunalasarstider1080x10805-300x300.jpg 300w, https:\/\/klaragymnasium.se\/wp-content\/uploads\/sites\/12\/2023\/04\/klasollentunalasarstider1080x10805-600x600.jpg 600w, https:\/\/klaragymnasium.se\/wp-content\/uploads\/sites\/12\/2023\/04\/klasollentunalasarstider1080x10805-800x800.jpg 800w, https:\/\/klaragymnasium.se\/wp-content\/uploads\/sites\/12\/2023\/04\/klasollentunalasarstider1080x10805-1024x1024.jpg 1024w, https:\/\/klaragymnasium.se\/wp-content\/uploads\/sites\/12\/2023\/04\/klasollentunalasarstider1080x10805.jpg 1080w\" \/>\n\t\t\t\t\t<\/div>\n\t\t\t\t\t\t\t<\/article>\n\t\t<\/li>\n\t\t\t<li class=\"l-col-6@md l-col-4@lg\">\n\t\t\t<article\n\t\t\t\tclass=\"\n\t\t\t\tc-card\n\t\t\t\t\n\t\t\t\thas-media-zoom\n\t\t\t\t\n\t\t\t\t\"\n\t\t\t\tdata-variant=\"space\"\n\t\t\t\tdata-style=\"square\"\n\t\t\t\t data-click-area\n\t\t\t\t\n\t\t\t\t\n\t\t\t\t>\n\t\t\t\t<div class=\"c-card__content l-stack l-stack-sm is-left is-left@md\">\n\t\t\t\t\t\t\t\t\t\t\t<h3 class=\"c-card__title u-font-title-3\">\n\t\t\t\t\t\t\t\t\t\t\t\t\t\t\t<a class=\"c-card__link\" href=\"https:\/\/klaragymnasium.se\/sthlmsodra\/vart-kvalitetsarbete\/vara-kvalitetsresultat\/\" target=\"_self\">\n\t\t\t\t\t\t\t\t\tV\u00e5ra kvalitetsresultat\n\t\t\t\t\t\t\t\t<\/a>\n\t\t\t\t\t\t\t\t\t\t\t\t\t<\/h3>\n\t\t\t\t\t\n\t\t\t\t\t\t\t\t\t\t\t<div class=\"c-card__text l-stack-xs u-font-body\">\n\t\t\t\t\t\t\t<p>Vi arbetar systematiskt med v\u00e5rt kvalitetsarbete p\u00e5 alla v\u00e5ra verksamheter. Ta del av resultaten h\u00e4r!<\/p>\n\n\t\t\t\t\t\t<\/div>\n\t\t\t\t\t\n\t\t\t\t\t\t\t\t\t\t\t<div class=\"c-card__icon c-card__icon--nl\">\n\t\t\t\t\t\t\t\t\t\t\t\t\t\t<svg class=\"ams-icon ams-icon--arrow-right\" width=\"32\" height=\"32\" viewbox=\"0 0 32 32\" fill=\"currentColor\" aria-hidden=\"true\" xmlns=\"http:\/\/www.w3.org\/2000\/svg\">\n\t\t\t\t\t\t\t\t\t\t\t\t\t\t\t\t<path d=\"M15.4617 0.252159L14.9567 0.75931C14.6219 1.09545 14.6219 1.64048 14.9567 1.97669L27.7062 14.7806H0.857144C0.383786 14.7806 0 15.166 0 15.6414V16.3587C0 16.8341 0.383786 17.2195 0.857144 17.2195H27.7062L14.9567 30.0234C14.6219 30.3595 14.6219 30.9045 14.9567 31.2407L15.4617 31.7479C15.7964 32.084 16.3392 32.084 16.6739 31.7479L31.749 16.6087C32.0837 16.2725 32.0837 15.7275 31.749 15.3913L16.6739 0.252159C16.3392 -0.084053 15.7964 -0.084053 15.4617 0.252159Z\"\/>\n\t\t\t\t\t\t\t\n\t\t\t\t\t\t\t<\/svg>\n\t\t\t\t\t\t<\/div>\n\t\t\t\t\t\t\t\t\t<\/div>\n\n\t\t\t\t\t\t\t\t\t<div class=\"c-card__media \" style=\" \">\n\t\t\t\t\t\t<img decoding=\"async\" width=\"400\" height=\"179\" src=\"https:\/\/klaragymnasium.se\/wp-content\/uploads\/sites\/12\/2023\/03\/sam-beteende-gymnasiet-e1771586428645-400x179.jpg\" class=\"\" alt=\"Elever studerar med sina datorer\" sizes=\"(min-width: 64em) 300px, (min-width: 48em) calc(.50 * (100vw - 304px)), calc(100vw - 208px)\" srcset=\"https:\/\/klaragymnasium.se\/wp-content\/uploads\/sites\/12\/2023\/03\/sam-beteende-gymnasiet-e1771586428645-400x179.jpg 400w, https:\/\/klaragymnasium.se\/wp-content\/uploads\/sites\/12\/2023\/03\/sam-beteende-gymnasiet-e1771586428645-300x134.jpg 300w, https:\/\/klaragymnasium.se\/wp-content\/uploads\/sites\/12\/2023\/03\/sam-beteende-gymnasiet-e1771586428645-600x269.jpg 600w, https:\/\/klaragymnasium.se\/wp-content\/uploads\/sites\/12\/2023\/03\/sam-beteende-gymnasiet-e1771586428645-800x358.jpg 800w, https:\/\/klaragymnasium.se\/wp-content\/uploads\/sites\/12\/2023\/03\/sam-beteende-gymnasiet-e1771586428645-1024x459.jpg 1024w, https:\/\/klaragymnasium.se\/wp-content\/uploads\/sites\/12\/2023\/03\/sam-beteende-gymnasiet-e1771586428645-1200x538.jpg 1200w, https:\/\/klaragymnasium.se\/wp-content\/uploads\/sites\/12\/2023\/03\/sam-beteende-gymnasiet-e1771586428645.jpg 1920w\" \/>\n\t\t\t\t\t<\/div>\n\t\t\t\t\t\t\t<\/article>\n\t\t<\/li>\n\t\t\t<li class=\"l-col-6@md l-col-4@lg\">\n\t\t\t<article\n\t\t\t\tclass=\"\n\t\t\t\tc-card\n\t\t\t\t\n\t\t\t\thas-media-zoom\n\t\t\t\t\n\t\t\t\t\"\n\t\t\t\tdata-variant=\"space\"\n\t\t\t\tdata-style=\"square\"\n\t\t\t\t data-click-area\n\t\t\t\t\n\t\t\t\t\n\t\t\t\t>\n\t\t\t\t<div class=\"c-card__content l-stack l-stack-sm is-left is-left@md\">\n\t\t\t\t\t\t\t\t\t\t\t<h3 class=\"c-card__title u-font-title-3\">\n\t\t\t\t\t\t\t\t\t\t\t\t\t\t\t<a class=\"c-card__link\" href=\"https:\/\/klaragymnasium.se\/sthlmsodra\/vart-kvalitetsarbete\/synpunkter-pa-verksamheten\/\" target=\"_self\">\n\t\t\t\t\t\t\t\t\tSynpunkter p\u00e5 verksamheten\n\t\t\t\t\t\t\t\t<\/a>\n\t\t\t\t\t\t\t\t\t\t\t\t\t<\/h3>\n\t\t\t\t\t\n\t\t\t\t\t\t\t\t\t\t\t<div class=\"c-card__text l-stack-xs u-font-body\">\n\t\t\t\t\t\t\t<p>Dina synpunkter \u00e4r viktiga f\u00f6r oss! H\u00e4r kan du l\u00e4mna dina synpunkter.<\/p>\n\n\t\t\t\t\t\t<\/div>\n\t\t\t\t\t\n\t\t\t\t\t\t\t\t\t\t\t<div class=\"c-card__icon c-card__icon--nl\">\n\t\t\t\t\t\t\t\t\t\t\t\t\t\t<svg class=\"ams-icon ams-icon--arrow-right\" width=\"32\" height=\"32\" viewbox=\"0 0 32 32\" fill=\"currentColor\" aria-hidden=\"true\" xmlns=\"http:\/\/www.w3.org\/2000\/svg\">\n\t\t\t\t\t\t\t\t\t\t\t\t\t\t\t\t<path d=\"M15.4617 0.252159L14.9567 0.75931C14.6219 1.09545 14.6219 1.64048 14.9567 1.97669L27.7062 14.7806H0.857144C0.383786 14.7806 0 15.166 0 15.6414V16.3587C0 16.8341 0.383786 17.2195 0.857144 17.2195H27.7062L14.9567 30.0234C14.6219 30.3595 14.6219 30.9045 14.9567 31.2407L15.4617 31.7479C15.7964 32.084 16.3392 32.084 16.6739 31.7479L31.749 16.6087C32.0837 16.2725 32.0837 15.7275 31.749 15.3913L16.6739 0.252159C16.3392 -0.084053 15.7964 -0.084053 15.4617 0.252159Z\"\/>\n\t\t\t\t\t\t\t\n\t\t\t\t\t\t\t<\/svg>\n\t\t\t\t\t\t<\/div>\n\t\t\t\t\t\t\t\t\t<\/div>\n\n\t\t\t\t\t\t\t\t\t<div class=\"c-card__media \" style=\" \">\n\t\t\t\t\t\t<img decoding=\"async\" width=\"400\" height=\"400\" src=\"https:\/\/klaragymnasium.se\/wp-content\/uploads\/sites\/12\/2023\/04\/klara-teoretiska-gymnasium-ostra-400x400.jpg\" class=\"\" alt=\"Elever umg\u00e5s i skolans gemensamma lokaler\" sizes=\"(min-width: 64em) 300px, (min-width: 48em) calc(.50 * (100vw - 304px)), calc(100vw - 208px)\" srcset=\"https:\/\/klaragymnasium.se\/wp-content\/uploads\/sites\/12\/2023\/04\/klara-teoretiska-gymnasium-ostra-400x400.jpg 400w, https:\/\/klaragymnasium.se\/wp-content\/uploads\/sites\/12\/2023\/04\/klara-teoretiska-gymnasium-ostra-150x150.jpg 150w, https:\/\/klaragymnasium.se\/wp-content\/uploads\/sites\/12\/2023\/04\/klara-teoretiska-gymnasium-ostra-300x300.jpg 300w, https:\/\/klaragymnasium.se\/wp-content\/uploads\/sites\/12\/2023\/04\/klara-teoretiska-gymnasium-ostra-600x600.jpg 600w, https:\/\/klaragymnasium.se\/wp-content\/uploads\/sites\/12\/2023\/04\/klara-teoretiska-gymnasium-ostra-800x800.jpg 800w, https:\/\/klaragymnasium.se\/wp-content\/uploads\/sites\/12\/2023\/04\/klara-teoretiska-gymnasium-ostra-1024x1024.jpg 1024w, https:\/\/klaragymnasium.se\/wp-content\/uploads\/sites\/12\/2023\/04\/klara-teoretiska-gymnasium-ostra.jpg 1080w\" \/>\n\t\t\t\t\t<\/div>\n\t\t\t\t\t\t\t<\/article>\n\t\t<\/li>\n\t<\/ul>\n\t\n\t\t\t<\/div>\n\n\t\t\n\n<\/section>\n","protected":false},"excerpt":{"rendered":"","protected":false},"author":1,"featured_media":0,"parent":0,"menu_order":0,"comment_status":"closed","ping_status":"closed","template":"","meta":{"footnotes":""},"yoast_head":"<!-- This site is optimized with the Yoast SEO plugin v22.0 - https:\/\/yoast.com\/wordpress\/plugins\/seo\/ -->\n<title>V\u00e5rt kvalitetsarbete - Klara Gymnasium Stockholm S\u00f6dra<\/title>\n<meta name=\"description\" content=\"V\u00e5r kvalitet \u00e4r ett resultat av tydliga strukturer och kunniga och trygga l\u00e4rare som g\u00e4rna samarbetar kring elevernas olika kurser.\" \/>\n<meta name=\"robots\" content=\"index, follow, max-snippet:-1, max-image-preview:large, max-video-preview:-1\" \/>\n<link rel=\"canonical\" href=\"https:\/\/klaragymnasium.se\/vart-kvalitetsarbete\/\" \/>\n<meta property=\"og:locale\" content=\"sv_SE\" \/>\n<meta property=\"og:type\" content=\"article\" \/>\n<meta property=\"og:title\" content=\"V\u00e5rt kvalitetsarbete - Klara Gymnasium Stockholm S\u00f6dra\" \/>\n<meta property=\"og:description\" content=\"V\u00e5r kvalitet \u00e4r ett resultat av tydliga strukturer och kunniga och trygga l\u00e4rare som g\u00e4rna samarbetar kring elevernas olika kurser.\" \/>\n<meta property=\"og:url\" content=\"https:\/\/klaragymnasium.se\/vart-kvalitetsarbete\/\" \/>\n<meta property=\"og:site_name\" content=\"Stockholm S\u00f6dra\" \/>\n<meta property=\"article:modified_time\" content=\"2023-11-27T07:52:38+00:00\" \/>\n<meta name=\"twitter:card\" content=\"summary_large_image\" \/>\n<meta name=\"twitter:title\" content=\"V\u00e5rt kvalitetsarbete - Klara Gymnasium Stockholm S\u00f6dra\" \/>\n<meta name=\"twitter:description\" content=\"V\u00e5r kvalitet \u00e4r ett resultat av tydliga strukturer och kunniga och trygga l\u00e4rare som g\u00e4rna samarbetar kring elevernas olika kurser.\" \/>\n<script type=\"application\/ld+json\" class=\"yoast-schema-graph\">{\"@context\":\"https:\/\/schema.org\",\"@graph\":[{\"@type\":\"WebPage\",\"@id\":\"https:\/\/klaragymnasium.se\/sthlmsodra\/vart-kvalitetsarbete\/\",\"url\":\"https:\/\/klaragymnasium.se\/vart-kvalitetsarbete\/\",\"name\":\"V\u00e5rt kvalitetsarbete - Klara Gymnasium Stockholm S\u00f6dra\",\"isPartOf\":{\"@id\":\"https:\/\/klaragymnasium.se\/sthlmsodra\/#website\"},\"datePublished\":\"2023-03-09T10:59:38+00:00\",\"dateModified\":\"2023-11-27T07:52:38+00:00\",\"description\":\"V\u00e5r kvalitet \u00e4r ett resultat av tydliga strukturer och kunniga och trygga l\u00e4rare som g\u00e4rna samarbetar kring elevernas olika kurser.\",\"breadcrumb\":{\"@id\":\"https:\/\/klaragymnasium.se\/vart-kvalitetsarbete\/#breadcrumb\"},\"inLanguage\":\"sv-SE\",\"potentialAction\":[{\"@type\":\"ReadAction\",\"target\":[\"https:\/\/klaragymnasium.se\/vart-kvalitetsarbete\/\"]}]},{\"@type\":\"BreadcrumbList\",\"@id\":\"https:\/\/klaragymnasium.se\/vart-kvalitetsarbete\/#breadcrumb\",\"itemListElement\":[{\"@type\":\"ListItem\",\"position\":1,\"name\":\"Start\",\"item\":\"https:\/\/klaragymnasium.se\/sthlmsodra\/\"},{\"@type\":\"ListItem\",\"position\":2,\"name\":\"V\u00e5rt kvalitetsarbete\"}]},{\"@type\":\"WebSite\",\"@id\":\"https:\/\/klaragymnasium.se\/sthlmsodra\/#website\",\"url\":\"https:\/\/klaragymnasium.se\/sthlmsodra\/\",\"name\":\"Stockholm S\u00f6dra\",\"description\":\"Just another WordPress site\",\"potentialAction\":[{\"@type\":\"SearchAction\",\"target\":{\"@type\":\"EntryPoint\",\"urlTemplate\":\"https:\/\/klaragymnasium.se\/sthlmsodra\/?s={search_term_string}\"},\"query-input\":\"required name=search_term_string\"}],\"inLanguage\":\"sv-SE\"}]}<\/script>\n<!-- \/ Yoast SEO plugin. -->","yoast_head_json":{"title":"V\u00e5rt kvalitetsarbete - Klara Gymnasium Stockholm S\u00f6dra","description":"V\u00e5r kvalitet \u00e4r ett resultat av tydliga strukturer och kunniga och trygga l\u00e4rare som g\u00e4rna samarbetar kring elevernas olika kurser.","robots":{"index":"index","follow":"follow","max-snippet":"max-snippet:-1","max-image-preview":"max-image-preview:large","max-video-preview":"max-video-preview:-1"},"canonical":"https:\/\/klaragymnasium.se\/vart-kvalitetsarbete\/","og_locale":"sv_SE","og_type":"article","og_title":"V\u00e5rt kvalitetsarbete - Klara Gymnasium Stockholm S\u00f6dra","og_description":"V\u00e5r kvalitet \u00e4r ett resultat av tydliga strukturer och kunniga och trygga l\u00e4rare som g\u00e4rna samarbetar kring elevernas olika kurser.","og_url":"https:\/\/klaragymnasium.se\/vart-kvalitetsarbete\/","og_site_name":"Stockholm S\u00f6dra","article_modified_time":"2023-11-27T07:52:38+00:00","twitter_card":"summary_large_image","twitter_title":"V\u00e5rt kvalitetsarbete - Klara Gymnasium Stockholm S\u00f6dra","twitter_description":"V\u00e5r kvalitet \u00e4r ett resultat av tydliga strukturer och kunniga och trygga l\u00e4rare som g\u00e4rna samarbetar kring elevernas olika kurser.","schema":{"@context":"https:\/\/schema.org","@graph":[{"@type":"WebPage","@id":"https:\/\/klaragymnasium.se\/sthlmsodra\/vart-kvalitetsarbete\/","url":"https:\/\/klaragymnasium.se\/vart-kvalitetsarbete\/","name":"V\u00e5rt kvalitetsarbete - Klara Gymnasium Stockholm S\u00f6dra","isPartOf":{"@id":"https:\/\/klaragymnasium.se\/sthlmsodra\/#website"},"datePublished":"2023-03-09T10:59:38+00:00","dateModified":"2023-11-27T07:52:38+00:00","description":"V\u00e5r kvalitet \u00e4r ett resultat av tydliga strukturer och kunniga och trygga l\u00e4rare som g\u00e4rna samarbetar kring elevernas olika kurser.","breadcrumb":{"@id":"https:\/\/klaragymnasium.se\/vart-kvalitetsarbete\/#breadcrumb"},"inLanguage":"sv-SE","potentialAction":[{"@type":"ReadAction","target":["https:\/\/klaragymnasium.se\/vart-kvalitetsarbete\/"]}]},{"@type":"BreadcrumbList","@id":"https:\/\/klaragymnasium.se\/vart-kvalitetsarbete\/#breadcrumb","itemListElement":[{"@type":"ListItem","position":1,"name":"Start","item":"https:\/\/klaragymnasium.se\/sthlmsodra\/"},{"@type":"ListItem","position":2,"name":"V\u00e5rt kvalitetsarbete"}]},{"@type":"WebSite","@id":"https:\/\/klaragymnasium.se\/sthlmsodra\/#website","url":"https:\/\/klaragymnasium.se\/sthlmsodra\/","name":"Stockholm S\u00f6dra","description":"Just another WordPress site","potentialAction":[{"@type":"SearchAction","target":{"@type":"EntryPoint","urlTemplate":"https:\/\/klaragymnasium.se\/sthlmsodra\/?s={search_term_string}"},"query-input":"required name=search_term_string"}],"inLanguage":"sv-SE"}]}},"_links":{"self":[{"href":"https:\/\/klaragymnasium.se\/sthlmsodra\/wp-json\/wp\/v2\/pages\/491"}],"collection":[{"href":"https:\/\/klaragymnasium.se\/sthlmsodra\/wp-json\/wp\/v2\/pages"}],"about":[{"href":"https:\/\/klaragymnasium.se\/sthlmsodra\/wp-json\/wp\/v2\/types\/page"}],"author":[{"embeddable":true,"href":"https:\/\/klaragymnasium.se\/sthlmsodra\/wp-json\/wp\/v2\/users\/1"}],"replies":[{"embeddable":true,"href":"https:\/\/klaragymnasium.se\/sthlmsodra\/wp-json\/wp\/v2\/comments?post=491"}],"version-history":[{"count":10,"href":"https:\/\/klaragymnasium.se\/sthlmsodra\/wp-json\/wp\/v2\/pages\/491\/revisions"}],"predecessor-version":[{"id":2198,"href":"https:\/\/klaragymnasium.se\/sthlmsodra\/wp-json\/wp\/v2\/pages\/491\/revisions\/2198"}],"wp:attachment":[{"href":"https:\/\/klaragymnasium.se\/sthlmsodra\/wp-json\/wp\/v2\/media?parent=491"}],"curies":[{"name":"wp","href":"https:\/\/api.w.org\/{rel}","templated":true}]}}