{"id":429,"date":"2023-03-03T15:42:37","date_gmt":"2023-03-03T14:42:37","guid":{"rendered":"https:\/\/klaragymnasium.se\/sthlmnorra\/?page_id=429"},"modified":"2024-11-01T15:33:39","modified_gmt":"2024-11-01T14:33:39","slug":"elevhalsa","status":"publish","type":"page","link":"https:\/\/klaragymnasium.se\/sthlmnorra\/var-skola\/elevhalsa\/","title":{"rendered":"Elevh\u00e4lsa"},"content":{"rendered":"\n\t\n\t\n\t\n\n\n\t\n\t\t\n<section  class=\"c-block l-stacked  \" data-color-scheme=\"vit\">\n\t<div class=\"ams-fifty ams-fifty--container ams-fifty--right ams-fifty--top l-container u-pt-fluid-3xl-6xl u-pb-fluid-3xl-6xl\">\n\t\t<div class=\"ams-fifty__content l-stack l-stack-xl is-left@lg\">\n\t\t\t<div class=\"ams-fifty__text l-stack l-stack-lg\">\n\t\t\t\t\t\n\t<h1\n\tclass=\"c-heading u-font-title-1 \"\n\tstyle=\"\">\n\t\t\n\t\t\t\t\tElevh\u00e4lsa\n\t\t\t\t\n\t<\/h1>\n\n\t\t\t\t\t\t\t\t\t<div class=\"text l-stack u-font-body\">\n\t\t\t\t\t\t<p>Elevh\u00e4lsans fr\u00e4msta uppdrag \u00e4r att arbeta h\u00e4lsofr\u00e4mjande och f\u00f6rebyggande f\u00f6r att st\u00f6dja elevernas utveckling mot utbildningens m\u00e5l. Personal med olika kompetenser arbetar tillsammans f\u00f6r att n\u00e5 detta m\u00e5l.<\/p>\n<p>I skolans elevh\u00e4lsoteam finns specialpedagog, speciall\u00e4rare, kurator, skolsk\u00f6terska samt skolpsykolog. V\u00e5r skoll\u00e4kare ing\u00e5r i v\u00e5rt utvidgade elevh\u00e4lsoteam och finns p\u00e5 skolan med viss regelbundenhet och n\u00e4r behov finns. Elevh\u00e4lsoteamet tr\u00e4ffas regelbundet f\u00f6r att identifiera utvecklingsomr\u00e5den, behov och insatser i syfte att skapa s\u00e5 goda f\u00f6ruts\u00e4ttningar som m\u00f6jligt f\u00f6r elevernas l\u00e4rande.<\/p>\n<p>Elevh\u00e4lsoteamets insatser sker p\u00e5 organisations-, grupp- och individniv\u00e5. Det kan till exempel handla om att se \u00f6ver hur st\u00f6dinsatser ska organiseras, handleda personal eller att ge riktat st\u00f6d till elever, enskilt eller i grupp. Det riktade st\u00f6det sker i n\u00e4ra samverkan med mentor och undervisande l\u00e4rare.<\/p>\n\n\t\t\t\t\t<\/div>\n\t\t\t\t\t\t\t<\/div>\n\n\t\t\t\t\t<\/div>\n\n\t\t <div class=\"ams-fifty__media u-ratio-square\">\n\t\t \t\t\t\t\t<img decoding=\"async\" width=\"600\" height=\"600\" src=\"https:\/\/klaragymnasium.se\/wp-content\/uploads\/sites\/8\/2023\/03\/klasollentunaelevhalsa1080x1080-600x600.jpg\" class=\"attachment-md size-md\" alt=\"Elever utanf\u00f6r skolans lokaler\" sizes=\"(min-width: 64em) 600px, calc(100vw - 160px)\" srcset=\"https:\/\/klaragymnasium.se\/wp-content\/uploads\/sites\/8\/2023\/03\/klasollentunaelevhalsa1080x1080-600x600.jpg 600w, https:\/\/klaragymnasium.se\/wp-content\/uploads\/sites\/8\/2023\/03\/klasollentunaelevhalsa1080x1080-150x150.jpg 150w, https:\/\/klaragymnasium.se\/wp-content\/uploads\/sites\/8\/2023\/03\/klasollentunaelevhalsa1080x1080-300x300.jpg 300w, https:\/\/klaragymnasium.se\/wp-content\/uploads\/sites\/8\/2023\/03\/klasollentunaelevhalsa1080x1080-400x400.jpg 400w, https:\/\/klaragymnasium.se\/wp-content\/uploads\/sites\/8\/2023\/03\/klasollentunaelevhalsa1080x1080-800x800.jpg 800w, https:\/\/klaragymnasium.se\/wp-content\/uploads\/sites\/8\/2023\/03\/klasollentunaelevhalsa1080x1080-1024x1024.jpg 1024w, https:\/\/klaragymnasium.se\/wp-content\/uploads\/sites\/8\/2023\/03\/klasollentunaelevhalsa1080x1080.jpg 1080w\" \/>\n\t\t\t\n\t\t\t\n\t\t\t\t\t<\/div>\n\t<\/div>\n\n\t\t\n\n<\/section>\n\n\n\n<section \n\t\t class=\"\n\t\t ams-contact\n\t\t \n\t\t c-block l-stacked\n\t\t \n\t\t \n\t\t js-load-more\n\t\t \"\n\t\t data-color-scheme=\"nyans2_av_p2-hover-standard\"\n\t\t\t\t\tdata-count=\"3\"\n\t\t\t\t\t\t\tdata-count-mobile=\"2\"\n\t\t\t\t>\n\t<div\n\t\t class=\"\n\t\t l-container\n\t\t l-stack l-stack-fluid-2xl\n\t\t u-pt-fluid-3xl-6xl\n\t\t u-pb-fluid-3xl-6xl\n\t\t is-center\n\t\t is-center@md\n\t\t \">\n\t\t\t\t\t<div class=\"ams-contact__intro l-stack l-stack-lg\">\n\t\t\t\t\t\n\t<h2\n\tclass=\"c-heading u-font-title-1 \"\n\tstyle=\"\">\n\t\t\n\t\t\t\t\tKontakta oss\n\t\t\t\t\n\t<\/h2>\n\n\t\t\t\t\t\t\t<\/div>\n\t\t\n\t\t\n\t\t    \t\n\t\t\n\t\t<ul\n\t\t\tid=\"contact-grid-6a04a5e04f79a\"\n\t\t\tclass=\"ams-contact__list l-grid u-gap-fluid-2xl-4xl u-justify-center js-results \"\n\t\t\taria-label=\"Kontakter\"\n\t\t\tdata-filter-animation=\"off\"\n\t\t\t>\n\t\t\t\t\t\t\t\t\t\t\t\n\t\t\t\t\n\t\t\t\t<li class=\"l-col-6@md l-col-4@lg \" data-filter=\"elevhalsa\">\n\t\t\t\t\t<article class=\"c-card \" data-variant=\"neutral\">\n\t\t\t\t\t\t<div class=\"c-card__content u-text-center\">\n\t\t\t\t\t\t\t\t\t\t\t\t\t\t\t<h3 class=\"c-card__title u-font-title-3\">\n\t\t\t\t\t\t\t\t\tDenise Rose\n\t\t\t\t\t\t\t\t<\/h3>\n\t\t\t\t\t\t\t\n\t\t\t\t\t\t\t\t\t\t\t\t\t\t\t<p class=\"position u-font-body\">Specialpedagog<\/p>\n\t\t\t\t\t\t\t\n\t\t\t\t\t\t\t\t\t\t\t\t\t\t\t<div class=\"contact-info u-font-body\">\n\t\t\t\t\t\t\t\t\t\t\t\t\t\t\t\t\t\t\t\t\t\t\t\t\t\t\t\t\t\t<p class=\"phone\"><a\n\t\t\t\t\t\t\t\t\t\t\t\t\thref=\"tel:086103224\"\n\t\t\t\t\t\t\t\t\t\t\t\t\tclass=\"u-text-link\">08-610 32 24<\/a>\n\t\t\t\t\t\t\t\t\t\t\t<\/p>\n\t\t\t\t\t\t\t\t\t\t\t\t\t\t\t\t\t\t\t\n\t\t\t\t\t\t\t\t\t\t\t\t\t\t\t\t\t\t\t\t\t\t\t\t\t\t\t\t\t\t<p class=\"email\"><a\n\t\t\t\t\t\t\t\t\t\t\t\t\thref=\"&#109;&#097;&#105;l&#116;&#111;&#058;denis&#101;.ro&#115;&#101;&#064;k&#108;&#097;r&#097;g&#121;mn&#097;si&#117;m&#046;se\"\n\t\t\t\t\t\t\t\t\t\t\t\t\tclass=\"u-text-link\">&#100;&#101;&#110;i&#115;e&#046;&#114;o&#115;&#101;&#064;&#107;la&#114;&#097;gym&#110;&#097;si&#117;m&#046;s&#101;<\/a>\n\t\t\t\t\t\t\t\t\t\t\t<\/p>\n\t\t\t\t\t\t\t\t\t\t\t\t\t\t\t\t\t\t\t\t\t\t\t\t\t\t\t<\/div>\n\t\t\t\t\t\t\t\n\t\t\t\t\t\t\t\t\t\t\t\t\t<\/div>\n\t\t\t\t\t\t<div class=\"c-card__media\">\n\t\t\t\t\t\t\t\t\t\t\t\t\t\t\t\t\t\t\t\t\t\t\t\t\t\t\t\t\t\t\t\t\t\t\t\t\t\t\t\t\t\t\t\t\t\t\t\t\t<img decoding=\"async\" width=\"400\" height=\"505\" src=\"https:\/\/klaragymnasium.se\/wp-content\/uploads\/sites\/8\/2023\/08\/denise-specialpedagog-400x505.jpg\" class=\"u-radius-round u-ratio-landscape  \" alt=\"Portr\u00e4ttbild Denise.\" sizes=\"(max-width: 300px) 100vw, 300px\" srcset=\"https:\/\/klaragymnasium.se\/wp-content\/uploads\/sites\/8\/2023\/08\/denise-specialpedagog-400x505.jpg 400w, https:\/\/klaragymnasium.se\/wp-content\/uploads\/sites\/8\/2023\/08\/denise-specialpedagog-300x379.jpg 300w, https:\/\/klaragymnasium.se\/wp-content\/uploads\/sites\/8\/2023\/08\/denise-specialpedagog.jpg 425w\" \/>\n\t\t\t\t\t\t<\/div>\n\t\t\t\t\t<\/article>\n\t\t\t\t<\/li>\n\t\t\t\t\t\t\t\t\t\t\t\n\t\t\t\t\n\t\t\t\t<li class=\"l-col-6@md l-col-4@lg \" data-filter=\"elevhalsa\">\n\t\t\t\t\t<article class=\"c-card \" data-variant=\"neutral\">\n\t\t\t\t\t\t<div class=\"c-card__content u-text-center\">\n\t\t\t\t\t\t\t\t\t\t\t\t\t\t\t<h3 class=\"c-card__title u-font-title-3\">\n\t\t\t\t\t\t\t\t\tPia Sv\u00e4rd\n\t\t\t\t\t\t\t\t<\/h3>\n\t\t\t\t\t\t\t\n\t\t\t\t\t\t\t\t\t\t\t\t\t\t\t<p class=\"position u-font-body\">Skolsk\u00f6terska<\/p>\n\t\t\t\t\t\t\t\n\t\t\t\t\t\t\t\t\t\t\t\t\t\t\t<div class=\"contact-info u-font-body\">\n\t\t\t\t\t\t\t\t\t\t\t\t\t\t\t\t\t\t\t\t\t\t\t\t\t\t\t\t\t\t<p class=\"phone\"><a\n\t\t\t\t\t\t\t\t\t\t\t\t\thref=\"tel:0854473296\"\n\t\t\t\t\t\t\t\t\t\t\t\t\tclass=\"u-text-link\">085-447 32 96<\/a>\n\t\t\t\t\t\t\t\t\t\t\t<\/p>\n\t\t\t\t\t\t\t\t\t\t\t\t\t\t\t\t\t\t\t\n\t\t\t\t\t\t\t\t\t\t\t\t\t\t\t\t\t\t\t\t\t\t\t\t\t\t\t\t\t\t<p class=\"email\"><a\n\t\t\t\t\t\t\t\t\t\t\t\t\thref=\"&#109;&#097;i&#108;t&#111;&#058;p&#105;&#097;&#046;&#115;&#118;&#097;&#114;d&#064;&#107;&#108;&#097;ra&#103;y&#109;&#110;a&#115;ium.&#115;&#101;\"\n\t\t\t\t\t\t\t\t\t\t\t\t\tclass=\"u-text-link\">pia.&#115;&#118;a&#114;d&#064;&#107;&#108;&#097;&#114;a&#103;&#121;mnasi&#117;&#109;&#046;&#115;&#101;<\/a>\n\t\t\t\t\t\t\t\t\t\t\t<\/p>\n\t\t\t\t\t\t\t\t\t\t\t\t\t\t\t\t\t\t\t\t\t\t\t\t\t\t\t<\/div>\n\t\t\t\t\t\t\t\n\t\t\t\t\t\t\t\t\t\t\t\t\t<\/div>\n\t\t\t\t\t\t<div class=\"c-card__media\">\n\t\t\t\t\t\t\t\t\t\t\t\t\t\t\t\t\t\t\t\t\t\t\t\t\t\t\t\t\t\t\t\t\t\t\t\t\t\t\t\t\t\t\t\t\t\t\t\t\t<img decoding=\"async\" width=\"400\" height=\"711\" src=\"https:\/\/klaragymnasium.se\/wp-content\/uploads\/sites\/8\/2023\/04\/pia-400x711.jpg\" class=\"u-radius-round u-ratio-landscape  \" alt=\"Portr\u00e4ttbild p\u00e5 Pia.\" sizes=\"(max-width: 300px) 100vw, 300px\" srcset=\"https:\/\/klaragymnasium.se\/wp-content\/uploads\/sites\/8\/2023\/04\/pia-400x711.jpg 400w, https:\/\/klaragymnasium.se\/wp-content\/uploads\/sites\/8\/2023\/04\/pia-300x534.jpg 300w, https:\/\/klaragymnasium.se\/wp-content\/uploads\/sites\/8\/2023\/04\/pia-600x1067.jpg 600w, https:\/\/klaragymnasium.se\/wp-content\/uploads\/sites\/8\/2023\/04\/pia-800x1423.jpg 800w, https:\/\/klaragymnasium.se\/wp-content\/uploads\/sites\/8\/2023\/04\/pia.jpg 899w\" \/>\n\t\t\t\t\t\t<\/div>\n\t\t\t\t\t<\/article>\n\t\t\t\t<\/li>\n\t\t\t\t\t\t\t\t\t\t\t\n\t\t\t\t\n\t\t\t\t<li class=\"l-col-6@md l-col-4@lg \" data-filter=\"elevhalsa\">\n\t\t\t\t\t<article class=\"c-card \" data-variant=\"neutral\">\n\t\t\t\t\t\t<div class=\"c-card__content u-text-center\">\n\t\t\t\t\t\t\t\t\t\t\t\t\t\t\t<h3 class=\"c-card__title u-font-title-3\">\n\t\t\t\t\t\t\t\t\tSaron Brhane\n\t\t\t\t\t\t\t\t<\/h3>\n\t\t\t\t\t\t\t\n\t\t\t\t\t\t\t\t\t\t\t\t\t\t\t<p class=\"position u-font-body\">Skolkurator <\/p>\n\t\t\t\t\t\t\t\n\t\t\t\t\t\t\t\t\t\t\t\t\t\t\t<div class=\"contact-info u-font-body\">\n\t\t\t\t\t\t\t\t\t\t\t\t\t\t\t\t\t\t\t\t\t\t\t\t\t\t\t\t\t\t<p class=\"phone\"><a\n\t\t\t\t\t\t\t\t\t\t\t\t\thref=\"tel:0761262805\"\n\t\t\t\t\t\t\t\t\t\t\t\t\tclass=\"u-text-link\">076-126 28 05<\/a>\n\t\t\t\t\t\t\t\t\t\t\t<\/p>\n\t\t\t\t\t\t\t\t\t\t\t\t\t\t\t\t\t\t\t\n\t\t\t\t\t\t\t\t\t\t\t\t\t\t\t\t\t\t\t\t\t\t\t\t\t\t\t\t\t\t<p class=\"email\"><a\n\t\t\t\t\t\t\t\t\t\t\t\t\thref=\"m&#097;il&#116;o:&#115;a&#114;o&#110;&#046;&#098;r&#104;a&#110;e&#064;kl&#097;r&#097;&#103;ymn&#097;&#115;ium&#046;se\"\n\t\t\t\t\t\t\t\t\t\t\t\t\tclass=\"u-text-link\">&#115;&#097;r&#111;n.brhane&#064;k&#108;&#097;&#114;&#097;&#103;&#121;&#109;&#110;a&#115;&#105;um&#046;&#115;e<\/a>\n\t\t\t\t\t\t\t\t\t\t\t<\/p>\n\t\t\t\t\t\t\t\t\t\t\t\t\t\t\t\t\t\t\t\t\t\t\t\t\t\t\t<\/div>\n\t\t\t\t\t\t\t\n\t\t\t\t\t\t\t\t\t\t\t\t\t<\/div>\n\t\t\t\t\t\t<div class=\"c-card__media\">\n\t\t\t\t\t\t\t\t\t\t\t\t\t\t\t\t\t\t\t\t\t\t\t\t\t\t\t\t\t\t\t\t\t\t\t\t\t\t\t\t\t\t\t\t\t\t\t\t\t<img decoding=\"async\" width=\"400\" height=\"515\" src=\"https:\/\/klaragymnasium.se\/wp-content\/uploads\/sites\/8\/2024\/11\/saron-kurator-400x515.jpg\" class=\"u-radius-round u-ratio-landscape  \" alt=\"Portr\u00e4ttbild Saron.\" sizes=\"(max-width: 300px) 100vw, 300px\" srcset=\"https:\/\/klaragymnasium.se\/wp-content\/uploads\/sites\/8\/2024\/11\/saron-kurator-400x515.jpg 400w, https:\/\/klaragymnasium.se\/wp-content\/uploads\/sites\/8\/2024\/11\/saron-kurator-300x386.jpg 300w, https:\/\/klaragymnasium.se\/wp-content\/uploads\/sites\/8\/2024\/11\/saron-kurator-600x773.jpg 600w, https:\/\/klaragymnasium.se\/wp-content\/uploads\/sites\/8\/2024\/11\/saron-kurator-800x1030.jpg 800w, https:\/\/klaragymnasium.se\/wp-content\/uploads\/sites\/8\/2024\/11\/saron-kurator-1024x1319.jpg 1024w, https:\/\/klaragymnasium.se\/wp-content\/uploads\/sites\/8\/2024\/11\/saron-kurator.jpg 1170w\" \/>\n\t\t\t\t\t\t<\/div>\n\t\t\t\t\t<\/article>\n\t\t\t\t<\/li>\n\t\t\t\t\t<\/ul>\n\n\t\t\n\t\t    <div class=\"ams-contact__more u-inline-items js-load-more-btn\">\n        <button href=\"#\"\n                class=\"c-btn\"\n                data-style=\"round\"\n                data-size=\"md\"\n                data-width=\"full-mobile\"\n                data-variant=\"outline\">\n        \tVisa mer\n        <\/button>\n    <\/div>\n\n\t\t\t<\/div>\n\n\t\t\n\n<\/section>\n","protected":false},"excerpt":{"rendered":"","protected":false},"author":5,"featured_media":0,"parent":412,"menu_order":0,"comment_status":"closed","ping_status":"closed","template":"","meta":{"footnotes":""},"yoast_head":"<!-- This site is optimized with the Yoast SEO plugin v22.0 - https:\/\/yoast.com\/wordpress\/plugins\/seo\/ -->\n<title>Elevh\u00e4lsa - Klara Gymnasium Stockholm Norra<\/title>\n<meta name=\"description\" content=\"Elevh\u00e4lsans fr\u00e4msta uppdrag \u00e4r att arbeta h\u00e4lsofr\u00e4mjande och f\u00f6rebyggande f\u00f6r att st\u00f6dja elevernas utveckling mot utbildningens m\u00e5l.\" \/>\n<meta name=\"robots\" content=\"index, follow, max-snippet:-1, max-image-preview:large, max-video-preview:-1\" \/>\n<link rel=\"canonical\" href=\"https:\/\/klaragymnasium.se\/sthlmnorra\/var-skola\/elevhalsa\/\" \/>\n<meta property=\"og:locale\" content=\"sv_SE\" \/>\n<meta property=\"og:type\" content=\"article\" \/>\n<meta property=\"og:title\" content=\"Elevh\u00e4lsa - Klara Gymnasium Stockholm Norra\" \/>\n<meta property=\"og:description\" content=\"Elevh\u00e4lsans fr\u00e4msta uppdrag \u00e4r att arbeta h\u00e4lsofr\u00e4mjande och f\u00f6rebyggande f\u00f6r att st\u00f6dja elevernas utveckling mot utbildningens m\u00e5l.\" \/>\n<meta property=\"og:url\" content=\"https:\/\/klaragymnasium.se\/sthlmnorra\/var-skola\/elevhalsa\/\" \/>\n<meta property=\"og:site_name\" content=\"Stockholm Norra\" \/>\n<meta property=\"article:modified_time\" content=\"2024-11-01T14:33:39+00:00\" \/>\n<meta name=\"twitter:card\" content=\"summary_large_image\" \/>\n<meta name=\"twitter:title\" content=\"Elevh\u00e4lsa - Klara Gymnasium Stockholm Norra\" \/>\n<meta name=\"twitter:description\" content=\"Elevh\u00e4lsans fr\u00e4msta uppdrag \u00e4r att arbeta h\u00e4lsofr\u00e4mjande och f\u00f6rebyggande f\u00f6r att st\u00f6dja elevernas utveckling mot utbildningens m\u00e5l.\" \/>\n<meta name=\"twitter:label1\" content=\"Est. reading time\" \/>\n\t<meta name=\"twitter:data1\" content=\"1 minut\" \/>\n<script type=\"application\/ld+json\" class=\"yoast-schema-graph\">{\"@context\":\"https:\/\/schema.org\",\"@graph\":[{\"@type\":\"WebPage\",\"@id\":\"https:\/\/klaragymnasium.se\/sthlmnorra\/var-skola\/elevhalsa\/\",\"url\":\"https:\/\/klaragymnasium.se\/sthlmnorra\/var-skola\/elevhalsa\/\",\"name\":\"Elevh\u00e4lsa - Klara Gymnasium Stockholm Norra\",\"isPartOf\":{\"@id\":\"https:\/\/klaragymnasium.se\/sthlmnorra\/#website\"},\"datePublished\":\"2023-03-03T14:42:37+00:00\",\"dateModified\":\"2024-11-01T14:33:39+00:00\",\"description\":\"Elevh\u00e4lsans fr\u00e4msta uppdrag \u00e4r att arbeta h\u00e4lsofr\u00e4mjande och f\u00f6rebyggande f\u00f6r att st\u00f6dja elevernas utveckling mot utbildningens m\u00e5l.\",\"breadcrumb\":{\"@id\":\"https:\/\/klaragymnasium.se\/sthlmnorra\/var-skola\/elevhalsa\/#breadcrumb\"},\"inLanguage\":\"sv-SE\",\"potentialAction\":[{\"@type\":\"ReadAction\",\"target\":[\"https:\/\/klaragymnasium.se\/sthlmnorra\/var-skola\/elevhalsa\/\"]}]},{\"@type\":\"BreadcrumbList\",\"@id\":\"https:\/\/klaragymnasium.se\/sthlmnorra\/var-skola\/elevhalsa\/#breadcrumb\",\"itemListElement\":[{\"@type\":\"ListItem\",\"position\":1,\"name\":\"Start\",\"item\":\"https:\/\/klaragymnasium.se\/sthlmnorra\/\"},{\"@type\":\"ListItem\",\"position\":2,\"name\":\"V\u00e5r skola\",\"item\":\"https:\/\/klaragymnasium.se\/sthlmnorra\/var-skola\/\"},{\"@type\":\"ListItem\",\"position\":3,\"name\":\"Elevh\u00e4lsa\"}]},{\"@type\":\"WebSite\",\"@id\":\"https:\/\/klaragymnasium.se\/sthlmnorra\/#website\",\"url\":\"https:\/\/klaragymnasium.se\/sthlmnorra\/\",\"name\":\"Stockholm Norra\",\"description\":\"Just another WordPress site\",\"potentialAction\":[{\"@type\":\"SearchAction\",\"target\":{\"@type\":\"EntryPoint\",\"urlTemplate\":\"https:\/\/klaragymnasium.se\/sthlmnorra\/?s={search_term_string}\"},\"query-input\":\"required name=search_term_string\"}],\"inLanguage\":\"sv-SE\"}]}<\/script>\n<!-- \/ Yoast SEO plugin. -->","yoast_head_json":{"title":"Elevh\u00e4lsa - Klara Gymnasium Stockholm Norra","description":"Elevh\u00e4lsans fr\u00e4msta uppdrag \u00e4r att arbeta h\u00e4lsofr\u00e4mjande och f\u00f6rebyggande f\u00f6r att st\u00f6dja elevernas utveckling mot utbildningens m\u00e5l.","robots":{"index":"index","follow":"follow","max-snippet":"max-snippet:-1","max-image-preview":"max-image-preview:large","max-video-preview":"max-video-preview:-1"},"canonical":"https:\/\/klaragymnasium.se\/sthlmnorra\/var-skola\/elevhalsa\/","og_locale":"sv_SE","og_type":"article","og_title":"Elevh\u00e4lsa - Klara Gymnasium Stockholm Norra","og_description":"Elevh\u00e4lsans fr\u00e4msta uppdrag \u00e4r att arbeta h\u00e4lsofr\u00e4mjande och f\u00f6rebyggande f\u00f6r att st\u00f6dja elevernas utveckling mot utbildningens m\u00e5l.","og_url":"https:\/\/klaragymnasium.se\/sthlmnorra\/var-skola\/elevhalsa\/","og_site_name":"Stockholm Norra","article_modified_time":"2024-11-01T14:33:39+00:00","twitter_card":"summary_large_image","twitter_title":"Elevh\u00e4lsa - Klara Gymnasium Stockholm Norra","twitter_description":"Elevh\u00e4lsans fr\u00e4msta uppdrag \u00e4r att arbeta h\u00e4lsofr\u00e4mjande och f\u00f6rebyggande f\u00f6r att st\u00f6dja elevernas utveckling mot utbildningens m\u00e5l.","twitter_misc":{"Est. reading time":"1 minut"},"schema":{"@context":"https:\/\/schema.org","@graph":[{"@type":"WebPage","@id":"https:\/\/klaragymnasium.se\/sthlmnorra\/var-skola\/elevhalsa\/","url":"https:\/\/klaragymnasium.se\/sthlmnorra\/var-skola\/elevhalsa\/","name":"Elevh\u00e4lsa - Klara Gymnasium Stockholm Norra","isPartOf":{"@id":"https:\/\/klaragymnasium.se\/sthlmnorra\/#website"},"datePublished":"2023-03-03T14:42:37+00:00","dateModified":"2024-11-01T14:33:39+00:00","description":"Elevh\u00e4lsans fr\u00e4msta uppdrag \u00e4r att arbeta h\u00e4lsofr\u00e4mjande och f\u00f6rebyggande f\u00f6r att st\u00f6dja elevernas utveckling mot utbildningens m\u00e5l.","breadcrumb":{"@id":"https:\/\/klaragymnasium.se\/sthlmnorra\/var-skola\/elevhalsa\/#breadcrumb"},"inLanguage":"sv-SE","potentialAction":[{"@type":"ReadAction","target":["https:\/\/klaragymnasium.se\/sthlmnorra\/var-skola\/elevhalsa\/"]}]},{"@type":"BreadcrumbList","@id":"https:\/\/klaragymnasium.se\/sthlmnorra\/var-skola\/elevhalsa\/#breadcrumb","itemListElement":[{"@type":"ListItem","position":1,"name":"Start","item":"https:\/\/klaragymnasium.se\/sthlmnorra\/"},{"@type":"ListItem","position":2,"name":"V\u00e5r skola","item":"https:\/\/klaragymnasium.se\/sthlmnorra\/var-skola\/"},{"@type":"ListItem","position":3,"name":"Elevh\u00e4lsa"}]},{"@type":"WebSite","@id":"https:\/\/klaragymnasium.se\/sthlmnorra\/#website","url":"https:\/\/klaragymnasium.se\/sthlmnorra\/","name":"Stockholm Norra","description":"Just another WordPress site","potentialAction":[{"@type":"SearchAction","target":{"@type":"EntryPoint","urlTemplate":"https:\/\/klaragymnasium.se\/sthlmnorra\/?s={search_term_string}"},"query-input":"required name=search_term_string"}],"inLanguage":"sv-SE"}]}},"_links":{"self":[{"href":"https:\/\/klaragymnasium.se\/sthlmnorra\/wp-json\/wp\/v2\/pages\/429"}],"collection":[{"href":"https:\/\/klaragymnasium.se\/sthlmnorra\/wp-json\/wp\/v2\/pages"}],"about":[{"href":"https:\/\/klaragymnasium.se\/sthlmnorra\/wp-json\/wp\/v2\/types\/page"}],"author":[{"embeddable":true,"href":"https:\/\/klaragymnasium.se\/sthlmnorra\/wp-json\/wp\/v2\/users\/5"}],"replies":[{"embeddable":true,"href":"https:\/\/klaragymnasium.se\/sthlmnorra\/wp-json\/wp\/v2\/comments?post=429"}],"version-history":[{"count":10,"href":"https:\/\/klaragymnasium.se\/sthlmnorra\/wp-json\/wp\/v2\/pages\/429\/revisions"}],"predecessor-version":[{"id":2650,"href":"https:\/\/klaragymnasium.se\/sthlmnorra\/wp-json\/wp\/v2\/pages\/429\/revisions\/2650"}],"up":[{"embeddable":true,"href":"https:\/\/klaragymnasium.se\/sthlmnorra\/wp-json\/wp\/v2\/pages\/412"}],"wp:attachment":[{"href":"https:\/\/klaragymnasium.se\/sthlmnorra\/wp-json\/wp\/v2\/media?parent=429"}],"curies":[{"name":"wp","href":"https:\/\/api.w.org\/{rel}","templated":true}]}}