{"id":2138,"date":"2023-09-27T15:00:25","date_gmt":"2023-09-27T13:00:25","guid":{"rendered":"https:\/\/klaragymnasium.se\/sthlmnorra\/?page_id=2138"},"modified":"2026-01-29T16:02:42","modified_gmt":"2026-01-29T15:02:42","slug":"gymnasiemassa","status":"publish","type":"page","link":"https:\/\/klaragymnasium.se\/sthlmnorra\/gymnasiemassa\/","title":{"rendered":"Gymnasiem\u00e4ssa"},"content":{"rendered":"\n\t\n\t\n\t\n\n\t\n\t\n\t\t\n<section  class=\"c-block l-stacked  \" data-color-scheme=\"vit\">\n\t<div class=\"ams-fifty ams-fifty--container ams-fifty--right ams-fifty--top l-container u-pt-fluid-3xl-6xl u-pb-fluid-3xl-6xl\">\n\t\t<div class=\"ams-fifty__content l-stack l-stack-xl is-center is-left@lg\">\n\t\t\t<div class=\"ams-fifty__text l-stack l-stack-lg\">\n\t\t\t\t\t\n\t<h1\n\tclass=\"c-heading u-font-title-1 \"\n\tstyle=\"\">\n\t\t\n\t\t\t\t\t\t\t\t\t Vi ses v\u00e4l p\u00e5 gymnasiem\u00e4ssan? \n\t\t\t\t<span class=\"c-heading__sub is-below u-font-title-3\">\n\t\t\t\t\tKom och s\u00e4g hej i v\u00e5r monter ?\n\t\t\t\t<\/span>\n\t\t\t\t\t\t\t\n\t<\/h1>\n\n\t\t\t\t\t\t\t\t\t<div class=\"text l-stack u-font-body\">\n\t\t\t\t\t\t<p>Kom f\u00f6rbi och s\u00e4g hej, f\u00e5 svar p\u00e5 dina funderingar och ta chansen att prata med b\u00e5de elever och l\u00e4rare fr\u00e5n skolan.<\/p>\n<p><b data-stringify-type=\"bold\">Adress:<\/b> Stockholms m\u00e4ssan, M\u00e4ssv\u00e4gen 1, 125 30 \u00c4lvsj\u00f6<br \/>\n<b data-stringify-type=\"bold\">Datum:\u00a0<\/b>M\u00e4ssan \u00e4ger rum 21-23 november<br \/>\n<b data-stringify-type=\"bold\">Plats:\u00a0<\/b>Klaras monternummer \u00e4r C09:27<\/p>\n<p>Scrolla ned p\u00e5 sidan f\u00f6r att l\u00e4sa mer om vilka program vi erbjuder!<\/p>\n\n\t\t\t\t\t<\/div>\n\t\t\t\t\t\t\t<\/div>\n\n\t\t\t\t\t<\/div>\n\n\t\t <div class=\"ams-fifty__media u-ratio-square\">\n\t\t \t\t\t\t\t<img decoding=\"async\" width=\"600\" height=\"600\" src=\"https:\/\/klaragymnasium.se\/wp-content\/uploads\/sites\/8\/2023\/04\/klara-gymnasium-stockholm-norra-campus-1-scaled-e1681998358528-600x600.jpg\" class=\"attachment-md size-md\" alt=\"Tre elever i en trappa\" sizes=\"(min-width: 64em) 600px, calc(100vw - 160px)\" srcset=\"https:\/\/klaragymnasium.se\/wp-content\/uploads\/sites\/8\/2023\/04\/klara-gymnasium-stockholm-norra-campus-1-scaled-e1681998358528-600x600.jpg 600w, https:\/\/klaragymnasium.se\/wp-content\/uploads\/sites\/8\/2023\/04\/klara-gymnasium-stockholm-norra-campus-1-scaled-e1681998358528-150x150.jpg 150w, https:\/\/klaragymnasium.se\/wp-content\/uploads\/sites\/8\/2023\/04\/klara-gymnasium-stockholm-norra-campus-1-scaled-e1681998358528-300x300.jpg 300w, https:\/\/klaragymnasium.se\/wp-content\/uploads\/sites\/8\/2023\/04\/klara-gymnasium-stockholm-norra-campus-1-scaled-e1681998358528-400x400.jpg 400w, https:\/\/klaragymnasium.se\/wp-content\/uploads\/sites\/8\/2023\/04\/klara-gymnasium-stockholm-norra-campus-1-scaled-e1681998358528-800x800.jpg 800w, https:\/\/klaragymnasium.se\/wp-content\/uploads\/sites\/8\/2023\/04\/klara-gymnasium-stockholm-norra-campus-1-scaled-e1681998358528-1024x1023.jpg 1024w, https:\/\/klaragymnasium.se\/wp-content\/uploads\/sites\/8\/2023\/04\/klara-gymnasium-stockholm-norra-campus-1-scaled-e1681998358528-1200x1199.jpg 1200w, https:\/\/klaragymnasium.se\/wp-content\/uploads\/sites\/8\/2023\/04\/klara-gymnasium-stockholm-norra-campus-1-scaled-e1681998358528.jpg 1708w\" \/>\n\t\t\t\n\t\t\t\n\t\t\t\t\t<\/div>\n\t<\/div>\n\n\t\t\n\n<\/section>\n\n\n\n\n<section  class=\"ams-cta ams-cta--stacked c-block l-stacked\" data-color-scheme=\"gra\">\n\t<div class=\"l-container-narrow l-stack l-stack-fluid-2xl u-pt-fluid-2xl-4xl u-pb-fluid-2xl-4xl is-center is-center@md\">\n\t\t\t\t\t<div class=\"ams-cta__intro l-stack l-stack-lg\">\n\t\t\t\t\t\n\t<h2\n\tclass=\"c-heading u-font-title-1 \"\n\tstyle=\"\">\n\t\t\n\t\t\t\t\tVill du veta mer?\n\t\t\t\t\n\t<\/h2>\n\n\t\t\t\t\t\t\t\t\t<div class=\"c-text l-stack u-cs-xl u-font-body\">\n\t\t\t\t\t\t<p>Klicka p\u00e5 knappen f\u00f6r att l\u00e4sa mer om gymnasiem\u00e4ssan<\/p>\n\n\t\t\t\t\t<\/div>\n\t\t\t\t\t\t\t<\/div>\n\t\t\n\t\t\n\t\t\t<div class=\"ams-cta__action u-inline-items\">\n\t\t\t\t\t\t\t\n\n\n<a href=\"https:\/\/www.gymnasiemassan.nu\/\"\n\t\n\tclass=\"c-btn \"\n\tdata-style=\"round\"\n\tdata-size=\"lg\"\n\tdata-width=\"full-mobile\"\n\tdata-variant=\"default\"\n\ttarget=\"_self\">\n\t\t\t<span class=\"label\"> Till gymnasiem\u00e4ssan<\/span>\n\t\t\t<\/a>\n\t\t\t<\/div>\n\t<\/div>\n\n\t\t\n\n<\/section>\n\n\n\n\n<section  class=\"ams-cta ams-cta--stacked c-block l-stacked\" data-color-scheme=\"vit\">\n\t<div class=\"l-container-narrow l-stack l-stack-fluid-2xl u-pt-fluid-2xl-4xl u-pb-fluid-2xl-4xl is-center is-center@md\">\n\t\t\t\t\t<div class=\"ams-cta__intro l-stack l-stack-lg\">\n\t\t\t\t\t\n\t<h2\n\tclass=\"c-heading u-font-title-1 \"\n\tstyle=\"\">\n\t\t\n\t\t\t\t\tV\u00e5ra gymnasieprogram\n\t\t\t\t\n\t<\/h2>\n\n\t\t\t\t\t\t\t\t\t<div class=\"c-text l-stack u-cs-xl u-font-body\">\n\t\t\t\t\t\t<p>P\u00e5 KLARA Stockholm Norra erbjuder vi teoretiska gymnasieprogram som ger dig b\u00e4sta f\u00f6rberedelsen f\u00f6r universitet och h\u00f6gskola.<\/p>\n\n\t\t\t\t\t<\/div>\n\t\t\t\t\t\t\t<\/div>\n\t\t\n\t\t\n\t\t\t<\/div>\n\n\t\t\n\n<\/section>\n\n\n\n\n<section  class=\"ams-courses-list c-block l-stacked\" data-color-scheme=\"kurslistning\">\n\t<div class=\"l-container l-stack l-stack-fluid-2xl u-pt-fluid-md-xl u-pb-fluid-md-xl is-center is-center@md\">\n\t\t\n\t\t\n\t\t\t\n<ul class=\"ams-courses-list__list l-grid u-gap-fluid-2xl-4xl u-justify-center\">\n\t\t\t<li class=\"l-col-6@md l-col-4@lg\">\n\t\t\t<article class=\"c-card has-media-zoom  \"\n\t\t\t\t\t\tdata-variant=\"\"\n\t\t\t\t\t\tdata-style=\"square\"\n\t\t\t\t\t\tdata-click-area>\n\t\t\t\t<div class=\"c-card__content l-stack l-stack-sm\">\n\t\t\t\t\t\t\t\t\t\t\t<h3 class=\"c-card__title u-font-title-3\">\n\t\t\t\t\t\t\t\t\t\t\t\t\t\t\t<a class=\"c-card__title-link\" href=\"https:\/\/klaragymnasium.se\/sthlmnorra\/program\/ekonomiprogrammet\/\">\n\t\t\t\t\t\t\t\t\tEkonomiprogrammet\n\t\t\t\t\t\t\t\t<\/a>\n\t\t\t\t\t\t\t\t\t\t\t\t\t<\/h3>\n\t\t\t\t\t\n\t\t\t\t\t\t\t\t\t\t\t<p class=\"c-card__text l-stack-xs u-font-body \">\n\t\t\t\t\t\t\t\u00c4r du intresserad av ekonomi, juridik, entrepren\u00f6rskap och marknadsf\u00f6ring? \n\t\t\t\t\t\t<\/p>\n\t\t\t\t\t\n\t\t\t\t\t\t\t\t\t\t\t\t\t\t\t\t<ul class=\"c-card__list u-list-none l-stack-grow u-divider-top u-font-body\">\n\t\t\t\t\t\t\t\n\t\t\t\t\t\t\t\n\t\t\t\t\t\t\t\t<!-- Orientations within program -->\n\t\t\t\t\t\t\t\t\t\t\t\t\t\t\t\t\t<li>\n\t\t\t\t\t\t\t\t\t\t<strong>Inriktning<\/strong>\n\t\t\t\t\t\t\t\t\t\t<ul class=\"u-list-dash\">\n\t\t\t\t\t\t\t\t\t\t\t\t\t\t\t\t\t\t\t\t\t\t\t\t\t\t\t\t\t\t\t\t\t\t\t\t<li>Juridik<\/li>\n\t\t\t\t\t\t\t\t\t\t\t\t\t\t\t\t\t\t\t\t\t\t\t\t\t<li>Ekonomi<\/li>\n\t\t\t\t\t\t\t\t\t\t\t\t\t\t\t\t\t\t\t\t\t\t\t\t\t\t\t\t\t\t\t\t\t<\/ul>\n\t\t\t\t\t\t\t\t\t<\/li>\n\t\t\t\t\t\t\t\t\t\t\t\t\t\t\t\t<!-- .\/Orientations within program -->\n\n\t\t\t\t\t\t\t\t\t\t\t\t\t<\/ul>\n\n\t\t\t\t\t\t<div class=\"c-card__icon c-card__icon--nl\">\n\t\t\t\t\t\t\t\t\t\t\t\t\t\t<svg class=\"ams-icon ams-icon--arrow-right\" width=\"32\" height=\"32\" viewbox=\"0 0 32 32\" fill=\"currentColor\" aria-hidden=\"true\" xmlns=\"http:\/\/www.w3.org\/2000\/svg\">\n\t\t\t\t\t\t\t\t\t\t\t\t\t\t\t\t<path d=\"M15.4617 0.252159L14.9567 0.75931C14.6219 1.09545 14.6219 1.64048 14.9567 1.97669L27.7062 14.7806H0.857144C0.383786 14.7806 0 15.166 0 15.6414V16.3587C0 16.8341 0.383786 17.2195 0.857144 17.2195H27.7062L14.9567 30.0234C14.6219 30.3595 14.6219 30.9045 14.9567 31.2407L15.4617 31.7479C15.7964 32.084 16.3392 32.084 16.6739 31.7479L31.749 16.6087C32.0837 16.2725 32.0837 15.7275 31.749 15.3913L16.6739 0.252159C16.3392 -0.084053 15.7964 -0.084053 15.4617 0.252159Z\"\/>\n\t\t\t\t\t\t\t\n\t\t\t\t\t\t\t<\/svg>\n\t\t\t\t\t\t<\/div>\n\t\t\t\t\t\t\t\t\t<\/div>\n\t\t\t\t<div class=\"c-card__media \" style=\" \">\n\t\t\t\t\t<img decoding=\"async\" width=\"400\" height=\"225\" src=\"https:\/\/klaragymnasium.se\/wp-content\/uploads\/sites\/8\/2023\/03\/klara-teoretiska-gymnasium-ekonomiprogrammet-1-400x225.jpg\" class=\"attachment-sm size-sm wp-post-image\" alt=\"Elever lyssnar p\u00e5 en f\u00f6rel\u00e4sning i en stor sal\" sizes=\"(min-width: 64em) 300px, (min-width: 48em) calc(.50 * (100vw - 240px)), calc(100vw - 160px)\" srcset=\"https:\/\/klaragymnasium.se\/wp-content\/uploads\/sites\/8\/2023\/03\/klara-teoretiska-gymnasium-ekonomiprogrammet-1-400x225.jpg 400w, https:\/\/klaragymnasium.se\/wp-content\/uploads\/sites\/8\/2023\/03\/klara-teoretiska-gymnasium-ekonomiprogrammet-1-300x169.jpg 300w, https:\/\/klaragymnasium.se\/wp-content\/uploads\/sites\/8\/2023\/03\/klara-teoretiska-gymnasium-ekonomiprogrammet-1-600x338.jpg 600w, https:\/\/klaragymnasium.se\/wp-content\/uploads\/sites\/8\/2023\/03\/klara-teoretiska-gymnasium-ekonomiprogrammet-1-800x450.jpg 800w, https:\/\/klaragymnasium.se\/wp-content\/uploads\/sites\/8\/2023\/03\/klara-teoretiska-gymnasium-ekonomiprogrammet-1-1024x576.jpg 1024w, https:\/\/klaragymnasium.se\/wp-content\/uploads\/sites\/8\/2023\/03\/klara-teoretiska-gymnasium-ekonomiprogrammet-1-1200x675.jpg 1200w, https:\/\/klaragymnasium.se\/wp-content\/uploads\/sites\/8\/2023\/03\/klara-teoretiska-gymnasium-ekonomiprogrammet-1.jpg 1920w\" \/>\n\t\t\t\t<\/div>\n\t\t\t<\/article>\n\t\t<\/li>\n\t\t\t<li class=\"l-col-6@md l-col-4@lg\">\n\t\t\t<article class=\"c-card has-media-zoom  \"\n\t\t\t\t\t\tdata-variant=\"\"\n\t\t\t\t\t\tdata-style=\"square\"\n\t\t\t\t\t\tdata-click-area>\n\t\t\t\t<div class=\"c-card__content l-stack l-stack-sm\">\n\t\t\t\t\t\t\t\t\t\t\t<h3 class=\"c-card__title u-font-title-3\">\n\t\t\t\t\t\t\t\t\t\t\t\t\t\t\t<a class=\"c-card__title-link\" href=\"https:\/\/klaragymnasium.se\/sthlmnorra\/program\/naturvetenskapsprogrammet\/\">\n\t\t\t\t\t\t\t\t\tNaturvetenskaps&shy;programmet\n\t\t\t\t\t\t\t\t<\/a>\n\t\t\t\t\t\t\t\t\t\t\t\t\t<\/h3>\n\t\t\t\t\t\n\t\t\t\t\t\t\t\t\t\t\t<p class=\"c-card__text l-stack-xs u-font-body \">\n\t\t\t\t\t\t\tSer du en framtid som l\u00e4kare, veterin\u00e4r, biolog eller kanske forskare? \n\t\t\t\t\t\t<\/p>\n\t\t\t\t\t\n\t\t\t\t\t\t\t\t\t\t\t\t\t\t\t\t<ul class=\"c-card__list u-list-none l-stack-grow u-divider-top u-font-body\">\n\t\t\t\t\t\t\t\n\t\t\t\t\t\t\t\n\t\t\t\t\t\t\t\t<!-- Orientations within program -->\n\t\t\t\t\t\t\t\t\t\t\t\t\t\t\t\t\t<li>\n\t\t\t\t\t\t\t\t\t\t<strong>Inriktning<\/strong>\n\t\t\t\t\t\t\t\t\t\t<ul class=\"u-list-dash\">\n\t\t\t\t\t\t\t\t\t\t\t\t\t\t\t\t\t\t\t\t\t\t\t\t\t\t\t\t\t\t\t\t\t\t\t\t<li>Naturvetenskap<\/li>\n\t\t\t\t\t\t\t\t\t\t\t\t\t\t\t\t\t\t\t\t\t\t\t\t\t<li>Naturvetenskap &amp; Samh\u00e4lle<\/li>\n\t\t\t\t\t\t\t\t\t\t\t\t\t\t\t\t\t\t\t\t\t\t\t\t\t\t\t\t\t\t\t\t\t<\/ul>\n\t\t\t\t\t\t\t\t\t<\/li>\n\t\t\t\t\t\t\t\t\t\t\t\t\t\t\t\t<!-- .\/Orientations within program -->\n\n\t\t\t\t\t\t\t\t\t\t\t\t\t<\/ul>\n\n\t\t\t\t\t\t<div class=\"c-card__icon c-card__icon--nl\">\n\t\t\t\t\t\t\t\t\t\t\t\t\t\t<svg class=\"ams-icon ams-icon--arrow-right\" width=\"32\" height=\"32\" viewbox=\"0 0 32 32\" fill=\"currentColor\" aria-hidden=\"true\" xmlns=\"http:\/\/www.w3.org\/2000\/svg\">\n\t\t\t\t\t\t\t\t\t\t\t\t\t\t\t\t<path d=\"M15.4617 0.252159L14.9567 0.75931C14.6219 1.09545 14.6219 1.64048 14.9567 1.97669L27.7062 14.7806H0.857144C0.383786 14.7806 0 15.166 0 15.6414V16.3587C0 16.8341 0.383786 17.2195 0.857144 17.2195H27.7062L14.9567 30.0234C14.6219 30.3595 14.6219 30.9045 14.9567 31.2407L15.4617 31.7479C15.7964 32.084 16.3392 32.084 16.6739 31.7479L31.749 16.6087C32.0837 16.2725 32.0837 15.7275 31.749 15.3913L16.6739 0.252159C16.3392 -0.084053 15.7964 -0.084053 15.4617 0.252159Z\"\/>\n\t\t\t\t\t\t\t\n\t\t\t\t\t\t\t<\/svg>\n\t\t\t\t\t\t<\/div>\n\t\t\t\t\t\t\t\t\t<\/div>\n\t\t\t\t<div class=\"c-card__media \" style=\" \">\n\t\t\t\t\t<img decoding=\"async\" width=\"400\" height=\"225\" src=\"https:\/\/klaragymnasium.se\/wp-content\/uploads\/sites\/8\/2023\/03\/naturvetenskapsprogrammet-gymnasium-400x225.jpg\" class=\"attachment-sm size-sm wp-post-image\" alt=\"Elever i vita rockar och skyddsglas\u00f6gon laborerar\" sizes=\"(min-width: 64em) 300px, (min-width: 48em) calc(.50 * (100vw - 240px)), calc(100vw - 160px)\" srcset=\"https:\/\/klaragymnasium.se\/wp-content\/uploads\/sites\/8\/2023\/03\/naturvetenskapsprogrammet-gymnasium-400x225.jpg 400w, https:\/\/klaragymnasium.se\/wp-content\/uploads\/sites\/8\/2023\/03\/naturvetenskapsprogrammet-gymnasium-300x169.jpg 300w, https:\/\/klaragymnasium.se\/wp-content\/uploads\/sites\/8\/2023\/03\/naturvetenskapsprogrammet-gymnasium-600x338.jpg 600w, https:\/\/klaragymnasium.se\/wp-content\/uploads\/sites\/8\/2023\/03\/naturvetenskapsprogrammet-gymnasium-800x450.jpg 800w, https:\/\/klaragymnasium.se\/wp-content\/uploads\/sites\/8\/2023\/03\/naturvetenskapsprogrammet-gymnasium-1024x576.jpg 1024w, https:\/\/klaragymnasium.se\/wp-content\/uploads\/sites\/8\/2023\/03\/naturvetenskapsprogrammet-gymnasium-1200x675.jpg 1200w, https:\/\/klaragymnasium.se\/wp-content\/uploads\/sites\/8\/2023\/03\/naturvetenskapsprogrammet-gymnasium.jpg 1920w\" \/>\n\t\t\t\t<\/div>\n\t\t\t<\/article>\n\t\t<\/li>\n\t\t\t<li class=\"l-col-6@md l-col-4@lg\">\n\t\t\t<article class=\"c-card has-media-zoom  \"\n\t\t\t\t\t\tdata-variant=\"\"\n\t\t\t\t\t\tdata-style=\"square\"\n\t\t\t\t\t\tdata-click-area>\n\t\t\t\t<div class=\"c-card__content l-stack l-stack-sm\">\n\t\t\t\t\t\t\t\t\t\t\t<h3 class=\"c-card__title u-font-title-3\">\n\t\t\t\t\t\t\t\t\t\t\t\t\t\t\t<a class=\"c-card__title-link\" href=\"https:\/\/klaragymnasium.se\/sthlmnorra\/program\/samhallsvetenskapsprogrammet\/\">\n\t\t\t\t\t\t\t\t\tSamh\u00e4llsvetenskaps&shy;programmet\n\t\t\t\t\t\t\t\t<\/a>\n\t\t\t\t\t\t\t\t\t\t\t\t\t<\/h3>\n\t\t\t\t\t\n\t\t\t\t\t\t\t\t\t\t\t<p class=\"c-card__text l-stack-xs u-font-body \">\n\t\t\t\t\t\t\tLockar tanken p\u00e5 att plugga vidare till socionom, statsvetare eller journalist?\n\t\t\t\t\t\t<\/p>\n\t\t\t\t\t\n\t\t\t\t\t\t\t\t\t\t\t\t\t\t\t\t<ul class=\"c-card__list u-list-none l-stack-grow u-divider-top u-font-body\">\n\t\t\t\t\t\t\t\n\t\t\t\t\t\t\t\n\t\t\t\t\t\t\t\t<!-- Orientations within program -->\n\t\t\t\t\t\t\t\t\t\t\t\t\t\t\t\t\t<li>\n\t\t\t\t\t\t\t\t\t\t<strong>Inriktning<\/strong>\n\t\t\t\t\t\t\t\t\t\t<ul class=\"u-list-dash\">\n\t\t\t\t\t\t\t\t\t\t\t\t\t\t\t\t\t\t\t\t\t\t\t\t\t\t\t\t\t\t\t\t\t\t\t\t<li>Beteendevetenskap<\/li>\n\t\t\t\t\t\t\t\t\t\t\t\t\t\t\t\t\t\t\t\t\t\t\t\t\t<li>Samh\u00e4llsvetenskap<\/li>\n\t\t\t\t\t\t\t\t\t\t\t\t\t\t\t\t\t\t\t\t\t\t\t\t\t\t\t\t\t\t\t\t\t<\/ul>\n\t\t\t\t\t\t\t\t\t<\/li>\n\t\t\t\t\t\t\t\t\t\t\t\t\t\t\t\t<!-- .\/Orientations within program -->\n\n\t\t\t\t\t\t\t\t\t\t\t\t\t<\/ul>\n\n\t\t\t\t\t\t<div class=\"c-card__icon c-card__icon--nl\">\n\t\t\t\t\t\t\t\t\t\t\t\t\t\t<svg class=\"ams-icon ams-icon--arrow-right\" width=\"32\" height=\"32\" viewbox=\"0 0 32 32\" fill=\"currentColor\" aria-hidden=\"true\" xmlns=\"http:\/\/www.w3.org\/2000\/svg\">\n\t\t\t\t\t\t\t\t\t\t\t\t\t\t\t\t<path d=\"M15.4617 0.252159L14.9567 0.75931C14.6219 1.09545 14.6219 1.64048 14.9567 1.97669L27.7062 14.7806H0.857144C0.383786 14.7806 0 15.166 0 15.6414V16.3587C0 16.8341 0.383786 17.2195 0.857144 17.2195H27.7062L14.9567 30.0234C14.6219 30.3595 14.6219 30.9045 14.9567 31.2407L15.4617 31.7479C15.7964 32.084 16.3392 32.084 16.6739 31.7479L31.749 16.6087C32.0837 16.2725 32.0837 15.7275 31.749 15.3913L16.6739 0.252159C16.3392 -0.084053 15.7964 -0.084053 15.4617 0.252159Z\"\/>\n\t\t\t\t\t\t\t\n\t\t\t\t\t\t\t<\/svg>\n\t\t\t\t\t\t<\/div>\n\t\t\t\t\t\t\t\t\t<\/div>\n\t\t\t\t<div class=\"c-card__media \" style=\" \">\n\t\t\t\t\t<img decoding=\"async\" width=\"400\" height=\"225\" src=\"https:\/\/klaragymnasium.se\/wp-content\/uploads\/sites\/8\/2023\/03\/samhallsvetenskapsprogrammet-klara-teoretiska-gymnasium-400x225.jpg\" class=\"attachment-sm size-sm wp-post-image\" alt=\"Elever studerar med sina datorer\" sizes=\"(min-width: 64em) 300px, (min-width: 48em) calc(.50 * (100vw - 240px)), calc(100vw - 160px)\" srcset=\"https:\/\/klaragymnasium.se\/wp-content\/uploads\/sites\/8\/2023\/03\/samhallsvetenskapsprogrammet-klara-teoretiska-gymnasium-400x225.jpg 400w, https:\/\/klaragymnasium.se\/wp-content\/uploads\/sites\/8\/2023\/03\/samhallsvetenskapsprogrammet-klara-teoretiska-gymnasium-300x169.jpg 300w, https:\/\/klaragymnasium.se\/wp-content\/uploads\/sites\/8\/2023\/03\/samhallsvetenskapsprogrammet-klara-teoretiska-gymnasium-600x338.jpg 600w, https:\/\/klaragymnasium.se\/wp-content\/uploads\/sites\/8\/2023\/03\/samhallsvetenskapsprogrammet-klara-teoretiska-gymnasium-800x450.jpg 800w, https:\/\/klaragymnasium.se\/wp-content\/uploads\/sites\/8\/2023\/03\/samhallsvetenskapsprogrammet-klara-teoretiska-gymnasium-1024x576.jpg 1024w, https:\/\/klaragymnasium.se\/wp-content\/uploads\/sites\/8\/2023\/03\/samhallsvetenskapsprogrammet-klara-teoretiska-gymnasium-1200x675.jpg 1200w, https:\/\/klaragymnasium.se\/wp-content\/uploads\/sites\/8\/2023\/03\/samhallsvetenskapsprogrammet-klara-teoretiska-gymnasium.jpg 1920w\" \/>\n\t\t\t\t<\/div>\n\t\t\t<\/article>\n\t\t<\/li>\n\t<\/ul>\n\t\n\n\t\t\t<\/div>\n\n\t\t\n\n<\/section>\n","protected":false},"excerpt":{"rendered":"","protected":false},"author":1,"featured_media":0,"parent":0,"menu_order":0,"comment_status":"closed","ping_status":"closed","template":"","meta":{"footnotes":""},"yoast_head":"<!-- This site is optimized with the Yoast SEO plugin v22.0 - https:\/\/yoast.com\/wordpress\/plugins\/seo\/ -->\n<title>Gymnasiem\u00e4ssa - KLARA Stockholm Norra<\/title>\n<meta name=\"robots\" content=\"index, follow, max-snippet:-1, max-image-preview:large, max-video-preview:-1\" \/>\n<link rel=\"canonical\" href=\"https:\/\/klaragymnasium.se\/sthlmnorra\/gymnasiemassa\/\" \/>\n<meta property=\"og:locale\" content=\"sv_SE\" \/>\n<meta property=\"og:type\" content=\"article\" \/>\n<meta property=\"og:title\" content=\"Gymnasiem\u00e4ssa - KLARA Stockholm Norra\" \/>\n<meta property=\"og:url\" content=\"https:\/\/klaragymnasium.se\/sthlmnorra\/gymnasiemassa\/\" \/>\n<meta property=\"og:site_name\" content=\"Stockholm Norra\" \/>\n<meta property=\"article:modified_time\" content=\"2026-01-29T15:02:42+00:00\" \/>\n<meta name=\"twitter:card\" content=\"summary_large_image\" \/>\n<meta name=\"twitter:title\" content=\"Gymnasiem\u00e4ssa - KLARA Stockholm Norra\" \/>\n<meta name=\"twitter:label1\" content=\"Est. reading time\" \/>\n\t<meta name=\"twitter:data1\" content=\"1 minut\" \/>\n<script type=\"application\/ld+json\" class=\"yoast-schema-graph\">{\"@context\":\"https:\/\/schema.org\",\"@graph\":[{\"@type\":\"WebPage\",\"@id\":\"https:\/\/klaragymnasium.se\/sthlmnorra\/gymnasiemassa\/\",\"url\":\"https:\/\/klaragymnasium.se\/sthlmnorra\/gymnasiemassa\/\",\"name\":\"Gymnasiem\u00e4ssa - KLARA Stockholm Norra\",\"isPartOf\":{\"@id\":\"https:\/\/klaragymnasium.se\/sthlmnorra\/#website\"},\"datePublished\":\"2023-09-27T13:00:25+00:00\",\"dateModified\":\"2026-01-29T15:02:42+00:00\",\"breadcrumb\":{\"@id\":\"https:\/\/klaragymnasium.se\/sthlmnorra\/gymnasiemassa\/#breadcrumb\"},\"inLanguage\":\"sv-SE\",\"potentialAction\":[{\"@type\":\"ReadAction\",\"target\":[\"https:\/\/klaragymnasium.se\/sthlmnorra\/gymnasiemassa\/\"]}]},{\"@type\":\"BreadcrumbList\",\"@id\":\"https:\/\/klaragymnasium.se\/sthlmnorra\/gymnasiemassa\/#breadcrumb\",\"itemListElement\":[{\"@type\":\"ListItem\",\"position\":1,\"name\":\"Start\",\"item\":\"https:\/\/klaragymnasium.se\/sthlmnorra\/\"},{\"@type\":\"ListItem\",\"position\":2,\"name\":\"Gymnasiem\u00e4ssa\"}]},{\"@type\":\"WebSite\",\"@id\":\"https:\/\/klaragymnasium.se\/sthlmnorra\/#website\",\"url\":\"https:\/\/klaragymnasium.se\/sthlmnorra\/\",\"name\":\"Stockholm Norra\",\"description\":\"Just another WordPress site\",\"potentialAction\":[{\"@type\":\"SearchAction\",\"target\":{\"@type\":\"EntryPoint\",\"urlTemplate\":\"https:\/\/klaragymnasium.se\/sthlmnorra\/?s={search_term_string}\"},\"query-input\":\"required name=search_term_string\"}],\"inLanguage\":\"sv-SE\"}]}<\/script>\n<!-- \/ Yoast SEO plugin. -->","yoast_head_json":{"title":"Gymnasiem\u00e4ssa - KLARA Stockholm Norra","robots":{"index":"index","follow":"follow","max-snippet":"max-snippet:-1","max-image-preview":"max-image-preview:large","max-video-preview":"max-video-preview:-1"},"canonical":"https:\/\/klaragymnasium.se\/sthlmnorra\/gymnasiemassa\/","og_locale":"sv_SE","og_type":"article","og_title":"Gymnasiem\u00e4ssa - KLARA Stockholm Norra","og_url":"https:\/\/klaragymnasium.se\/sthlmnorra\/gymnasiemassa\/","og_site_name":"Stockholm Norra","article_modified_time":"2026-01-29T15:02:42+00:00","twitter_card":"summary_large_image","twitter_title":"Gymnasiem\u00e4ssa - KLARA Stockholm Norra","twitter_misc":{"Est. reading time":"1 minut"},"schema":{"@context":"https:\/\/schema.org","@graph":[{"@type":"WebPage","@id":"https:\/\/klaragymnasium.se\/sthlmnorra\/gymnasiemassa\/","url":"https:\/\/klaragymnasium.se\/sthlmnorra\/gymnasiemassa\/","name":"Gymnasiem\u00e4ssa - KLARA Stockholm Norra","isPartOf":{"@id":"https:\/\/klaragymnasium.se\/sthlmnorra\/#website"},"datePublished":"2023-09-27T13:00:25+00:00","dateModified":"2026-01-29T15:02:42+00:00","breadcrumb":{"@id":"https:\/\/klaragymnasium.se\/sthlmnorra\/gymnasiemassa\/#breadcrumb"},"inLanguage":"sv-SE","potentialAction":[{"@type":"ReadAction","target":["https:\/\/klaragymnasium.se\/sthlmnorra\/gymnasiemassa\/"]}]},{"@type":"BreadcrumbList","@id":"https:\/\/klaragymnasium.se\/sthlmnorra\/gymnasiemassa\/#breadcrumb","itemListElement":[{"@type":"ListItem","position":1,"name":"Start","item":"https:\/\/klaragymnasium.se\/sthlmnorra\/"},{"@type":"ListItem","position":2,"name":"Gymnasiem\u00e4ssa"}]},{"@type":"WebSite","@id":"https:\/\/klaragymnasium.se\/sthlmnorra\/#website","url":"https:\/\/klaragymnasium.se\/sthlmnorra\/","name":"Stockholm Norra","description":"Just another WordPress site","potentialAction":[{"@type":"SearchAction","target":{"@type":"EntryPoint","urlTemplate":"https:\/\/klaragymnasium.se\/sthlmnorra\/?s={search_term_string}"},"query-input":"required name=search_term_string"}],"inLanguage":"sv-SE"}]}},"_links":{"self":[{"href":"https:\/\/klaragymnasium.se\/sthlmnorra\/wp-json\/wp\/v2\/pages\/2138"}],"collection":[{"href":"https:\/\/klaragymnasium.se\/sthlmnorra\/wp-json\/wp\/v2\/pages"}],"about":[{"href":"https:\/\/klaragymnasium.se\/sthlmnorra\/wp-json\/wp\/v2\/types\/page"}],"author":[{"embeddable":true,"href":"https:\/\/klaragymnasium.se\/sthlmnorra\/wp-json\/wp\/v2\/users\/1"}],"replies":[{"embeddable":true,"href":"https:\/\/klaragymnasium.se\/sthlmnorra\/wp-json\/wp\/v2\/comments?post=2138"}],"version-history":[{"count":10,"href":"https:\/\/klaragymnasium.se\/sthlmnorra\/wp-json\/wp\/v2\/pages\/2138\/revisions"}],"predecessor-version":[{"id":2961,"href":"https:\/\/klaragymnasium.se\/sthlmnorra\/wp-json\/wp\/v2\/pages\/2138\/revisions\/2961"}],"wp:attachment":[{"href":"https:\/\/klaragymnasium.se\/sthlmnorra\/wp-json\/wp\/v2\/media?parent=2138"}],"curies":[{"name":"wp","href":"https:\/\/api.w.org\/{rel}","templated":true}]}}