{"id":200,"date":"2023-02-14T13:19:37","date_gmt":"2023-02-14T12:19:37","guid":{"rendered":"https:\/\/klaragymnasium.se\/sthlmnorra\/?page_id=200"},"modified":"2026-05-08T16:03:03","modified_gmt":"2026-05-08T14:03:03","slug":"byta-till-klara","status":"publish","type":"page","link":"https:\/\/klaragymnasium.se\/sthlmnorra\/byta-till-klara\/","title":{"rendered":"Byta till oss"},"content":{"rendered":"\n\t\n\t\n\t\n\n\t\n\t\n\t\t\n<section  class=\"c-block l-stacked  \" data-color-scheme=\"\">\n\t<div class=\"ams-fifty ams-fifty--container ams-fifty--right ams-fifty--bottom l-container u-pt-fluid-3xl-6xl u-pb-fluid-3xl-6xl\">\n\t\t<div class=\"ams-fifty__content l-stack l-stack-xl is-left is-left@lg\">\n\t\t\t<div class=\"ams-fifty__text l-stack l-stack-lg\">\n\t\t\t\t\t\n\t<h1\n\tclass=\"c-heading u-font-title-1 \"\n\tstyle=\"\">\n\t\t\n\t\t\t\t\tVill du byta till oss? \n\t\t\t\t\n\t<\/h1>\n\n\t\t\t\t\t\t\t\t\t<div class=\"text l-stack u-font-body\">\n\t\t\t\t\t\t<p data-pm-slice=\"1 1 []\">Vi \u00e4r j\u00e4tteglada att s\u00e5 m\u00e5nga elever vill g\u00e5 p\u00e5 KLARA Stockholm Norra!\u00a0Intresselistan f\u00f6r l\u00e4s\u00e5r 26\/27 \u00f6ppnar den 3 augusti 2026.<\/p>\n<p>Fyll i formul\u00e4ret via knappen nedan f\u00f6r att st\u00e4lla dig p\u00e5 intresselistan. Om en plats blir ledig kontaktar vi dig per mail. Vi kan tyv\u00e4rr inte svara p\u00e5 fr\u00e5gor kring k\u00f6plats eller chans att komma in. \u00d6vriga fr\u00e5gor om byte till oss mailas till: <a href=\"mailto:norra.syv@klaragymnasium.se\">norra.syv@klaragymnasium.se<\/a>.<\/p>\n\n\t\t\t\t\t<\/div>\n\t\t\t\t\t\t\t<\/div>\n\n\t\t\t\t<div class=\"ams-fifty__action u-inline-items\">\n\t\t\t\t\t\t\t\n\n\n<a href=\"https:\/\/docs.google.com\/forms\/d\/e\/1FAIpQLSe2_rLOyBmOAeS4Ns9XHq0nsJiT-tYCTbXFByamVZSP5bio7A\/viewform?usp=sf_link  \"\n\t\n\tclass=\"c-btn \"\n\tdata-style=\"round\"\n\tdata-size=\"md\"\n\tdata-width=\"full-mobile\"\n\tdata-variant=\"default\"\n\ttarget=\"_blank\">\n\t\t\t<span class=\"label\"> Byta till KLARA<\/span>\n\t\t\t<\/a>\n\t\t\t<\/div>\n\t\t<\/div>\n\n\t\t <div class=\"ams-fifty__media u-ratio-landscape\">\n\t\t \t\t\t\t\t<img decoding=\"async\" width=\"600\" height=\"400\" src=\"https:\/\/klaragymnasium.se\/wp-content\/uploads\/sites\/8\/2025\/09\/klarasundsvall202410-202910webb3-600x400.jpg\" class=\"attachment-md size-md\" alt=\"Tv\u00e5 glada elever tittar in i kameran.\" sizes=\"(min-width: 64em) 600px, calc(100vw - 160px)\" srcset=\"https:\/\/klaragymnasium.se\/wp-content\/uploads\/sites\/8\/2025\/09\/klarasundsvall202410-202910webb3-600x400.jpg 600w, https:\/\/klaragymnasium.se\/wp-content\/uploads\/sites\/8\/2025\/09\/klarasundsvall202410-202910webb3-300x200.jpg 300w, https:\/\/klaragymnasium.se\/wp-content\/uploads\/sites\/8\/2025\/09\/klarasundsvall202410-202910webb3-400x267.jpg 400w, https:\/\/klaragymnasium.se\/wp-content\/uploads\/sites\/8\/2025\/09\/klarasundsvall202410-202910webb3-800x533.jpg 800w, https:\/\/klaragymnasium.se\/wp-content\/uploads\/sites\/8\/2025\/09\/klarasundsvall202410-202910webb3-1024x683.jpg 1024w, https:\/\/klaragymnasium.se\/wp-content\/uploads\/sites\/8\/2025\/09\/klarasundsvall202410-202910webb3-1200x800.jpg 1200w, https:\/\/klaragymnasium.se\/wp-content\/uploads\/sites\/8\/2025\/09\/klarasundsvall202410-202910webb3.jpg 2048w\" \/>\n\t\t\t\n\t\t\t\n\t\t\t\t\t<\/div>\n\t<\/div>\n\n\t\t\n\n<\/section>\n","protected":false},"excerpt":{"rendered":"","protected":false},"author":1,"featured_media":1711,"parent":0,"menu_order":0,"comment_status":"closed","ping_status":"closed","template":"","meta":{"footnotes":""},"yoast_head":"<!-- This site is optimized with the Yoast SEO plugin v22.0 - https:\/\/yoast.com\/wordpress\/plugins\/seo\/ -->\n<title>Byta till oss - Klara Gymnasium Stockholm Norra<\/title>\n<meta name=\"description\" content=\"Om du vill st\u00e4lla dig p\u00e5 intresselistan s\u00e5 kan du fylla i formul\u00e4ret via knappen nedan s\u00e5 tar vi kontakt med dig om vi kan erbjuda en plats.\" \/>\n<meta name=\"robots\" content=\"index, follow, max-snippet:-1, max-image-preview:large, max-video-preview:-1\" \/>\n<link rel=\"canonical\" href=\"https:\/\/klaragymnasium.se\/sthlmnorra\/byta-till-klara\/\" \/>\n<meta property=\"og:locale\" content=\"sv_SE\" \/>\n<meta property=\"og:type\" content=\"article\" \/>\n<meta property=\"og:title\" content=\"Byta till oss - Klara Gymnasium Stockholm Norra\" \/>\n<meta property=\"og:description\" content=\"Om du vill st\u00e4lla dig p\u00e5 intresselistan s\u00e5 kan du fylla i formul\u00e4ret via knappen nedan s\u00e5 tar vi kontakt med dig om vi kan erbjuda en plats.\" \/>\n<meta property=\"og:url\" content=\"https:\/\/klaragymnasium.se\/sthlmnorra\/byta-till-klara\/\" \/>\n<meta property=\"og:site_name\" content=\"Stockholm Norra\" \/>\n<meta property=\"article:modified_time\" content=\"2026-05-08T14:03:03+00:00\" \/>\n<meta property=\"og:image\" content=\"https:\/\/klaragymnasium.se\/wp-content\/uploads\/sites\/8\/2023\/04\/klara-teoretiska-gymnasium-stockholm-norra-1200x630.jpg\" \/>\n\t<meta property=\"og:image:width\" content=\"1200\" \/>\n\t<meta property=\"og:image:height\" content=\"630\" \/>\n\t<meta property=\"og:image:type\" content=\"image\/jpeg\" \/>\n<meta name=\"twitter:card\" content=\"summary_large_image\" \/>\n<meta name=\"twitter:title\" content=\"Byta till oss - Klara Gymnasium Stockholm Norra\" \/>\n<meta name=\"twitter:description\" content=\"Om du vill st\u00e4lla dig p\u00e5 intresselistan s\u00e5 kan du fylla i formul\u00e4ret via knappen nedan s\u00e5 tar vi kontakt med dig om vi kan erbjuda en plats.\" \/>\n<meta name=\"twitter:image\" content=\"https:\/\/klaragymnasium.se\/wp-content\/uploads\/sites\/8\/2023\/04\/klara-teoretiska-gymnasium-stockholm-norra-1200x630.jpg\" \/>\n<meta name=\"twitter:label1\" content=\"Est. reading time\" \/>\n\t<meta name=\"twitter:data1\" content=\"1 minut\" \/>\n<script type=\"application\/ld+json\" class=\"yoast-schema-graph\">{\"@context\":\"https:\/\/schema.org\",\"@graph\":[{\"@type\":\"WebPage\",\"@id\":\"https:\/\/klaragymnasium.se\/sthlmnorra\/byta-till-klara\/\",\"url\":\"https:\/\/klaragymnasium.se\/sthlmnorra\/byta-till-klara\/\",\"name\":\"Byta till oss - Klara Gymnasium Stockholm Norra\",\"isPartOf\":{\"@id\":\"https:\/\/klaragymnasium.se\/sthlmnorra\/#website\"},\"datePublished\":\"2023-02-14T12:19:37+00:00\",\"dateModified\":\"2026-05-08T14:03:03+00:00\",\"description\":\"Om du vill st\u00e4lla dig p\u00e5 intresselistan s\u00e5 kan du fylla i formul\u00e4ret via knappen nedan s\u00e5 tar vi kontakt med dig om vi kan erbjuda en plats.\",\"breadcrumb\":{\"@id\":\"https:\/\/klaragymnasium.se\/sthlmnorra\/byta-till-klara\/#breadcrumb\"},\"inLanguage\":\"sv-SE\",\"potentialAction\":[{\"@type\":\"ReadAction\",\"target\":[\"https:\/\/klaragymnasium.se\/sthlmnorra\/byta-till-klara\/\"]}]},{\"@type\":\"BreadcrumbList\",\"@id\":\"https:\/\/klaragymnasium.se\/sthlmnorra\/byta-till-klara\/#breadcrumb\",\"itemListElement\":[{\"@type\":\"ListItem\",\"position\":1,\"name\":\"Start\",\"item\":\"https:\/\/klaragymnasium.se\/sthlmnorra\/\"},{\"@type\":\"ListItem\",\"position\":2,\"name\":\"Byta till oss\"}]},{\"@type\":\"WebSite\",\"@id\":\"https:\/\/klaragymnasium.se\/sthlmnorra\/#website\",\"url\":\"https:\/\/klaragymnasium.se\/sthlmnorra\/\",\"name\":\"Stockholm Norra\",\"description\":\"Just another WordPress site\",\"potentialAction\":[{\"@type\":\"SearchAction\",\"target\":{\"@type\":\"EntryPoint\",\"urlTemplate\":\"https:\/\/klaragymnasium.se\/sthlmnorra\/?s={search_term_string}\"},\"query-input\":\"required name=search_term_string\"}],\"inLanguage\":\"sv-SE\"}]}<\/script>\n<!-- \/ Yoast SEO plugin. -->","yoast_head_json":{"title":"Byta till oss - Klara Gymnasium Stockholm Norra","description":"Om du vill st\u00e4lla dig p\u00e5 intresselistan s\u00e5 kan du fylla i formul\u00e4ret via knappen nedan s\u00e5 tar vi kontakt med dig om vi kan erbjuda en plats.","robots":{"index":"index","follow":"follow","max-snippet":"max-snippet:-1","max-image-preview":"max-image-preview:large","max-video-preview":"max-video-preview:-1"},"canonical":"https:\/\/klaragymnasium.se\/sthlmnorra\/byta-till-klara\/","og_locale":"sv_SE","og_type":"article","og_title":"Byta till oss - Klara Gymnasium Stockholm Norra","og_description":"Om du vill st\u00e4lla dig p\u00e5 intresselistan s\u00e5 kan du fylla i formul\u00e4ret via knappen nedan s\u00e5 tar vi kontakt med dig om vi kan erbjuda en plats.","og_url":"https:\/\/klaragymnasium.se\/sthlmnorra\/byta-till-klara\/","og_site_name":"Stockholm Norra","article_modified_time":"2026-05-08T14:03:03+00:00","og_image":[{"width":1200,"height":630,"url":"https:\/\/klaragymnasium.se\/wp-content\/uploads\/sites\/8\/2023\/04\/klara-teoretiska-gymnasium-stockholm-norra-1200x630.jpg","type":"image\/jpeg"}],"twitter_card":"summary_large_image","twitter_title":"Byta till oss - Klara Gymnasium Stockholm Norra","twitter_description":"Om du vill st\u00e4lla dig p\u00e5 intresselistan s\u00e5 kan du fylla i formul\u00e4ret via knappen nedan s\u00e5 tar vi kontakt med dig om vi kan erbjuda en plats.","twitter_image":"https:\/\/klaragymnasium.se\/wp-content\/uploads\/sites\/8\/2023\/04\/klara-teoretiska-gymnasium-stockholm-norra-1200x630.jpg","twitter_misc":{"Est. reading time":"1 minut"},"schema":{"@context":"https:\/\/schema.org","@graph":[{"@type":"WebPage","@id":"https:\/\/klaragymnasium.se\/sthlmnorra\/byta-till-klara\/","url":"https:\/\/klaragymnasium.se\/sthlmnorra\/byta-till-klara\/","name":"Byta till oss - Klara Gymnasium Stockholm Norra","isPartOf":{"@id":"https:\/\/klaragymnasium.se\/sthlmnorra\/#website"},"datePublished":"2023-02-14T12:19:37+00:00","dateModified":"2026-05-08T14:03:03+00:00","description":"Om du vill st\u00e4lla dig p\u00e5 intresselistan s\u00e5 kan du fylla i formul\u00e4ret via knappen nedan s\u00e5 tar vi kontakt med dig om vi kan erbjuda en plats.","breadcrumb":{"@id":"https:\/\/klaragymnasium.se\/sthlmnorra\/byta-till-klara\/#breadcrumb"},"inLanguage":"sv-SE","potentialAction":[{"@type":"ReadAction","target":["https:\/\/klaragymnasium.se\/sthlmnorra\/byta-till-klara\/"]}]},{"@type":"BreadcrumbList","@id":"https:\/\/klaragymnasium.se\/sthlmnorra\/byta-till-klara\/#breadcrumb","itemListElement":[{"@type":"ListItem","position":1,"name":"Start","item":"https:\/\/klaragymnasium.se\/sthlmnorra\/"},{"@type":"ListItem","position":2,"name":"Byta till oss"}]},{"@type":"WebSite","@id":"https:\/\/klaragymnasium.se\/sthlmnorra\/#website","url":"https:\/\/klaragymnasium.se\/sthlmnorra\/","name":"Stockholm Norra","description":"Just another WordPress site","potentialAction":[{"@type":"SearchAction","target":{"@type":"EntryPoint","urlTemplate":"https:\/\/klaragymnasium.se\/sthlmnorra\/?s={search_term_string}"},"query-input":"required name=search_term_string"}],"inLanguage":"sv-SE"}]}},"_links":{"self":[{"href":"https:\/\/klaragymnasium.se\/sthlmnorra\/wp-json\/wp\/v2\/pages\/200"}],"collection":[{"href":"https:\/\/klaragymnasium.se\/sthlmnorra\/wp-json\/wp\/v2\/pages"}],"about":[{"href":"https:\/\/klaragymnasium.se\/sthlmnorra\/wp-json\/wp\/v2\/types\/page"}],"author":[{"embeddable":true,"href":"https:\/\/klaragymnasium.se\/sthlmnorra\/wp-json\/wp\/v2\/users\/1"}],"replies":[{"embeddable":true,"href":"https:\/\/klaragymnasium.se\/sthlmnorra\/wp-json\/wp\/v2\/comments?post=200"}],"version-history":[{"count":10,"href":"https:\/\/klaragymnasium.se\/sthlmnorra\/wp-json\/wp\/v2\/pages\/200\/revisions"}],"predecessor-version":[{"id":3161,"href":"https:\/\/klaragymnasium.se\/sthlmnorra\/wp-json\/wp\/v2\/pages\/200\/revisions\/3161"}],"wp:featuredmedia":[{"embeddable":true,"href":"https:\/\/klaragymnasium.se\/sthlmnorra\/wp-json\/wp\/v2\/media\/1711"}],"wp:attachment":[{"href":"https:\/\/klaragymnasium.se\/sthlmnorra\/wp-json\/wp\/v2\/media?parent=200"}],"curies":[{"name":"wp","href":"https:\/\/api.w.org\/{rel}","templated":true}]}}