{"id":136,"date":"2023-02-14T12:42:33","date_gmt":"2023-02-14T11:42:33","guid":{"rendered":"https:\/\/klaragymnasium.se\/sthlmnorra\/?page_id=136"},"modified":"2023-09-30T16:47:17","modified_gmt":"2023-09-30T14:47:17","slug":"synpunkter-pa-verksamheten","status":"publish","type":"page","link":"https:\/\/klaragymnasium.se\/sthlmnorra\/vart-kvalitetsarbete\/synpunkter-pa-verksamheten\/","title":{"rendered":"Synpunkter p\u00e5 verksamheten"},"content":{"rendered":"\n\t<div class=\"module_wrapper ams_remote_pages_module \">\n\t\t\t\t\t\t\t<div class=\"container core-heading\">\n\t\t\t\t\t\t<div class=\"row\">\n\t\t\t\t\t\t\t<div class=\"col-12\">\n\t\t\t\t\t\t\t\t\n<h1 class=\"has-text-align-center wp-block-heading\">Synpunkter p\u00e5 verksamheten<\/h1>\n\t\t\t\t\t\t\t<\/div>\n\t\t\t\t\t\t<\/div>\n\t\t\t\t\t<\/div>\n\t\t\t\t\t\t\t\t\t\t<div class=\"container core-paragraph\">\n\t\t\t\t\t\t<div class=\"row\">\n\t\t\t\t\t\t\t<div class=\"col-12\">\n\t\t\t\t\t\t\t\t\n<p class=\"has-text-align-center is-style-narrow\">Vi vill att v\u00e5r skola ska vara s\u00e5 bra som m\u00f6jligt f\u00f6r alla! V\u00e5rt m\u00e5l \u00e4r att erbjuda en h\u00f6g och god kvalitet i alla v\u00e5ra verksamheter. D\u00e4rf\u00f6r \u00e4r det viktigt att vi f\u00e5r information om eventuella brister, s\u00e5 att vi i dialog med dig kan f\u00f6rb\u00e4ttra och utveckla verksamheten.<\/p>\n\t\t\t\t\t\t\t<\/div>\n\t\t\t\t\t\t<\/div>\n\t\t\t\t\t<\/div>\n\t\t\t\t\t\n\n<section  class=\"ams-timeline c-block l-stacked\" data-color-scheme=\"bakgrund-card-nyans1_av_p2-hover-standard_standard\">\n\t<div class=\"l-container-narrow l-stack l-stack-fluid-2xl u-pt-fluid-3xl-6xl u-pb-fluid-3xl-6xl is-center is-center@md\">\n\t\t\n\t\t\t\t\t\n<ol class=\"c-steps\" data-variant=\"vertical\" data-size=\"md\" data-columns=\"1\">\n\t\t\t<li class=\"c-steps__item\"\n\t\t\t\n\t\t>\n\t\t\t<div class=\"c-steps__circle u-radius-round\">\n\t\t\t\t\t\t\t\t\t<span class=\"c-steps__number\">1<\/span>\n\t\t\t\t\t\t\t<\/div>\n\n\t\t\t\t\t\t\t<div class=\"c-steps__content l-stack-xs\">\n\t\t\t\t\t\n\t\t\t\t\t\t\t\t\t\t\t<div class=\"c-steps__text l-stack-sm u-font-body\">\n\t\t\t\t\t\t\t<p>I f\u00f6rsta hand b\u00f6r du som har synpunkter eller klagom\u00e5l p\u00e5 verksamheten v\u00e4nda dig till aktuell skolpersonal. Om du inte f\u00e5r hj\u00e4lp av personal p\u00e5 skolan b\u00f6r du som n\u00e4sta steg kontakta rektorn. Synpunkter och klagom\u00e5l kan l\u00e4mnas skriftligt, muntligt eller via bes\u00f6k.<\/p>\n\n\t\t\t\t\t\t<\/div>\n\t\t\t\t\t\t\t\t\t<\/div>\n\t\t\t\t\t<\/li>\n\t\t\t<li class=\"c-steps__item\"\n\t\t\t\n\t\t>\n\t\t\t<div class=\"c-steps__circle u-radius-round\">\n\t\t\t\t\t\t\t\t\t<span class=\"c-steps__number\">2<\/span>\n\t\t\t\t\t\t\t<\/div>\n\n\t\t\t\t\t\t\t<div class=\"c-steps__content l-stack-xs\">\n\t\t\t\t\t\n\t\t\t\t\t\t\t\t\t\t\t<div class=\"c-steps__text l-stack-sm u-font-body\">\n\t\t\t\t\t\t\t<p>Enligt 4 kap. 8 \u00a7 skollagen (2010:800) ska huvudmannen ha skriftliga rutiner f\u00f6r att ta emot och utreda klagom\u00e5l mot utbildningen. Om du fortfarande inte \u00e4r n\u00f6jd kan du v\u00e4nda dig till skolans huvudman, som \u00e4r niv\u00e5n \u00f6ver rektor.<\/p>\n\n\t\t\t\t\t\t<\/div>\n\t\t\t\t\t\t\t\t\t<\/div>\n\t\t\t\t\t<\/li>\n\t\t\t<li class=\"c-steps__item\"\n\t\t\t\n\t\t>\n\t\t\t<div class=\"c-steps__circle u-radius-round\">\n\t\t\t\t\t\t\t\t\t<span class=\"c-steps__number\">3<\/span>\n\t\t\t\t\t\t\t<\/div>\n\n\t\t\t\t\t\t\t<div class=\"c-steps__content l-stack-xs\">\n\t\t\t\t\t\n\t\t\t\t\t\t\t\t\t\t\t<div class=\"c-steps__text l-stack-sm u-font-body\">\n\t\t\t\t\t\t\t<p>N\u00e4r du l\u00e4mnat dina synpunkter kommer dessa att skickas direkt till huvudmannen som, s\u00e5vida du inte valt att vara anonym, kommer att bekr\u00e4fta att synpunkterna mottagits.<\/p>\n\n\t\t\t\t\t\t<\/div>\n\t\t\t\t\t\t\t\t\t<\/div>\n\t\t\t\t\t<\/li>\n\t<\/ol>\n\t\n\t\t\t<div class=\"ams-timeline__action u-inline-items\">\n\t\t\t\t\t\t\t\n\n\n<a href=\"https:\/\/klaragymnasium.se\/vart-kvalitetsarbete\/lamna-synpunkter\/\"\n\t\n\tclass=\"c-btn \"\n\tdata-style=\"round\"\n\tdata-size=\"md\"\n\tdata-width=\"full-mobile\"\n\tdata-variant=\"default\"\n\ttarget=\"_blank\">\n\t\t\t<span class=\"label\"> Till formul\u00e4ret<\/span>\n\t\t\t<\/a>\n\t\t\t<\/div>\n\t<\/div>\n\n\t\t\n\t\t\t\n\t\t\t\t\t\t\t\n\t\t\t\t<div class=\"c-bg c-bg--img\" data-settings=\"{&quot;desktop_settings&quot;:{&quot;size&quot;:&quot;auto&quot;,&quot;position&quot;:&quot;bottom-right&quot;},&quot;mobile_settings&quot;:{&quot;size&quot;:&quot;auto&quot;,&quot;position&quot;:&quot;bottom-right&quot;}}\" data-position=\"middle-center\" data-size=\"cover\">\n\t\t\t<img decoding=\"async\" width=\"283\" height=\"283\" src=\"https:\/\/klaragymnasium.se\/wp-content\/uploads\/2023\/03\/klatrappargbrosa.png\" class=\"attachment-hero-lg size-hero-lg\" alt=\"Rosa grafiskt element\" sizes=\"(max-width: 283px) 100vw, 283px\" srcset=\"https:\/\/klaragymnasium.se\/wp-content\/uploads\/2023\/03\/klatrappargbrosa.png 283w, https:\/\/klaragymnasium.se\/wp-content\/uploads\/2023\/03\/klatrappargbrosa-150x150.png 150w\" \/>\n\t\t<\/div>\n\t\n<\/section>\n\t<\/div>\n\n\t","protected":false},"excerpt":{"rendered":"","protected":false},"author":1,"featured_media":0,"parent":491,"menu_order":0,"comment_status":"closed","ping_status":"closed","template":"","meta":{"footnotes":""},"yoast_head":"<!-- This site is optimized with the Yoast SEO plugin v22.0 - https:\/\/yoast.com\/wordpress\/plugins\/seo\/ -->\n<title>Synpunkter p\u00e5 verksamheten - Klara Gymnasium Stockholm Norra<\/title>\n<meta name=\"description\" content=\"Vi vill att v\u00e5r skola ska vara s\u00e5 bra som m\u00f6jligt f\u00f6r alla! V\u00e5rt m\u00e5l \u00e4r att erbjuda en h\u00f6g och god kvalitet i alla v\u00e5ra verksamheter.\" \/>\n<meta name=\"robots\" content=\"index, follow, max-snippet:-1, max-image-preview:large, max-video-preview:-1\" \/>\n<link rel=\"canonical\" href=\"https:\/\/klaragymnasium.se\/sthlmnorra\/vart-kvalitetsarbete\/synpunkter-pa-verksamheten\/\" \/>\n<meta property=\"og:locale\" content=\"sv_SE\" \/>\n<meta property=\"og:type\" content=\"article\" \/>\n<meta property=\"og:title\" content=\"Synpunkter p\u00e5 verksamheten - Klara Gymnasium Stockholm Norra\" \/>\n<meta property=\"og:description\" content=\"Vi vill att v\u00e5r skola ska vara s\u00e5 bra som m\u00f6jligt f\u00f6r alla! V\u00e5rt m\u00e5l \u00e4r att erbjuda en h\u00f6g och god kvalitet i alla v\u00e5ra verksamheter.\" \/>\n<meta property=\"og:url\" content=\"https:\/\/klaragymnasium.se\/sthlmnorra\/vart-kvalitetsarbete\/synpunkter-pa-verksamheten\/\" \/>\n<meta property=\"og:site_name\" content=\"Stockholm Norra\" \/>\n<meta property=\"article:modified_time\" content=\"2023-09-30T14:47:17+00:00\" \/>\n<meta name=\"twitter:card\" content=\"summary_large_image\" \/>\n<meta name=\"twitter:title\" content=\"Synpunkter p\u00e5 verksamheten - Klara Gymnasium Stockholm Norra\" \/>\n<meta name=\"twitter:description\" content=\"Vi vill att v\u00e5r skola ska vara s\u00e5 bra som m\u00f6jligt f\u00f6r alla! V\u00e5rt m\u00e5l \u00e4r att erbjuda en h\u00f6g och god kvalitet i alla v\u00e5ra verksamheter.\" \/>\n<script type=\"application\/ld+json\" class=\"yoast-schema-graph\">{\"@context\":\"https:\/\/schema.org\",\"@graph\":[{\"@type\":\"WebPage\",\"@id\":\"https:\/\/klaragymnasium.se\/sthlmnorra\/vart-kvalitetsarbete\/synpunkter-pa-verksamheten\/\",\"url\":\"https:\/\/klaragymnasium.se\/sthlmnorra\/vart-kvalitetsarbete\/synpunkter-pa-verksamheten\/\",\"name\":\"Synpunkter p\u00e5 verksamheten - Klara Gymnasium Stockholm Norra\",\"isPartOf\":{\"@id\":\"https:\/\/klaragymnasium.se\/sthlmnorra\/#website\"},\"datePublished\":\"2023-02-14T11:42:33+00:00\",\"dateModified\":\"2023-09-30T14:47:17+00:00\",\"description\":\"Vi vill att v\u00e5r skola ska vara s\u00e5 bra som m\u00f6jligt f\u00f6r alla! V\u00e5rt m\u00e5l \u00e4r att erbjuda en h\u00f6g och god kvalitet i alla v\u00e5ra verksamheter.\",\"breadcrumb\":{\"@id\":\"https:\/\/klaragymnasium.se\/sthlmnorra\/vart-kvalitetsarbete\/synpunkter-pa-verksamheten\/#breadcrumb\"},\"inLanguage\":\"sv-SE\",\"potentialAction\":[{\"@type\":\"ReadAction\",\"target\":[\"https:\/\/klaragymnasium.se\/sthlmnorra\/vart-kvalitetsarbete\/synpunkter-pa-verksamheten\/\"]}]},{\"@type\":\"BreadcrumbList\",\"@id\":\"https:\/\/klaragymnasium.se\/sthlmnorra\/vart-kvalitetsarbete\/synpunkter-pa-verksamheten\/#breadcrumb\",\"itemListElement\":[{\"@type\":\"ListItem\",\"position\":1,\"name\":\"Start\",\"item\":\"https:\/\/klaragymnasium.se\/sthlmnorra\/\"},{\"@type\":\"ListItem\",\"position\":2,\"name\":\"V\u00e5rt kvalitetsarbete\",\"item\":\"https:\/\/klaragymnasium.se\/sthlmnorra\/vart-kvalitetsarbete\/\"},{\"@type\":\"ListItem\",\"position\":3,\"name\":\"Synpunkter p\u00e5 verksamheten\"}]},{\"@type\":\"WebSite\",\"@id\":\"https:\/\/klaragymnasium.se\/sthlmnorra\/#website\",\"url\":\"https:\/\/klaragymnasium.se\/sthlmnorra\/\",\"name\":\"Stockholm Norra\",\"description\":\"Just another WordPress site\",\"potentialAction\":[{\"@type\":\"SearchAction\",\"target\":{\"@type\":\"EntryPoint\",\"urlTemplate\":\"https:\/\/klaragymnasium.se\/sthlmnorra\/?s={search_term_string}\"},\"query-input\":\"required name=search_term_string\"}],\"inLanguage\":\"sv-SE\"}]}<\/script>\n<!-- \/ Yoast SEO plugin. -->","yoast_head_json":{"title":"Synpunkter p\u00e5 verksamheten - Klara Gymnasium Stockholm Norra","description":"Vi vill att v\u00e5r skola ska vara s\u00e5 bra som m\u00f6jligt f\u00f6r alla! V\u00e5rt m\u00e5l \u00e4r att erbjuda en h\u00f6g och god kvalitet i alla v\u00e5ra verksamheter.","robots":{"index":"index","follow":"follow","max-snippet":"max-snippet:-1","max-image-preview":"max-image-preview:large","max-video-preview":"max-video-preview:-1"},"canonical":"https:\/\/klaragymnasium.se\/sthlmnorra\/vart-kvalitetsarbete\/synpunkter-pa-verksamheten\/","og_locale":"sv_SE","og_type":"article","og_title":"Synpunkter p\u00e5 verksamheten - Klara Gymnasium Stockholm Norra","og_description":"Vi vill att v\u00e5r skola ska vara s\u00e5 bra som m\u00f6jligt f\u00f6r alla! V\u00e5rt m\u00e5l \u00e4r att erbjuda en h\u00f6g och god kvalitet i alla v\u00e5ra verksamheter.","og_url":"https:\/\/klaragymnasium.se\/sthlmnorra\/vart-kvalitetsarbete\/synpunkter-pa-verksamheten\/","og_site_name":"Stockholm Norra","article_modified_time":"2023-09-30T14:47:17+00:00","twitter_card":"summary_large_image","twitter_title":"Synpunkter p\u00e5 verksamheten - Klara Gymnasium Stockholm Norra","twitter_description":"Vi vill att v\u00e5r skola ska vara s\u00e5 bra som m\u00f6jligt f\u00f6r alla! V\u00e5rt m\u00e5l \u00e4r att erbjuda en h\u00f6g och god kvalitet i alla v\u00e5ra verksamheter.","schema":{"@context":"https:\/\/schema.org","@graph":[{"@type":"WebPage","@id":"https:\/\/klaragymnasium.se\/sthlmnorra\/vart-kvalitetsarbete\/synpunkter-pa-verksamheten\/","url":"https:\/\/klaragymnasium.se\/sthlmnorra\/vart-kvalitetsarbete\/synpunkter-pa-verksamheten\/","name":"Synpunkter p\u00e5 verksamheten - Klara Gymnasium Stockholm Norra","isPartOf":{"@id":"https:\/\/klaragymnasium.se\/sthlmnorra\/#website"},"datePublished":"2023-02-14T11:42:33+00:00","dateModified":"2023-09-30T14:47:17+00:00","description":"Vi vill att v\u00e5r skola ska vara s\u00e5 bra som m\u00f6jligt f\u00f6r alla! V\u00e5rt m\u00e5l \u00e4r att erbjuda en h\u00f6g och god kvalitet i alla v\u00e5ra verksamheter.","breadcrumb":{"@id":"https:\/\/klaragymnasium.se\/sthlmnorra\/vart-kvalitetsarbete\/synpunkter-pa-verksamheten\/#breadcrumb"},"inLanguage":"sv-SE","potentialAction":[{"@type":"ReadAction","target":["https:\/\/klaragymnasium.se\/sthlmnorra\/vart-kvalitetsarbete\/synpunkter-pa-verksamheten\/"]}]},{"@type":"BreadcrumbList","@id":"https:\/\/klaragymnasium.se\/sthlmnorra\/vart-kvalitetsarbete\/synpunkter-pa-verksamheten\/#breadcrumb","itemListElement":[{"@type":"ListItem","position":1,"name":"Start","item":"https:\/\/klaragymnasium.se\/sthlmnorra\/"},{"@type":"ListItem","position":2,"name":"V\u00e5rt kvalitetsarbete","item":"https:\/\/klaragymnasium.se\/sthlmnorra\/vart-kvalitetsarbete\/"},{"@type":"ListItem","position":3,"name":"Synpunkter p\u00e5 verksamheten"}]},{"@type":"WebSite","@id":"https:\/\/klaragymnasium.se\/sthlmnorra\/#website","url":"https:\/\/klaragymnasium.se\/sthlmnorra\/","name":"Stockholm Norra","description":"Just another WordPress site","potentialAction":[{"@type":"SearchAction","target":{"@type":"EntryPoint","urlTemplate":"https:\/\/klaragymnasium.se\/sthlmnorra\/?s={search_term_string}"},"query-input":"required name=search_term_string"}],"inLanguage":"sv-SE"}]}},"_links":{"self":[{"href":"https:\/\/klaragymnasium.se\/sthlmnorra\/wp-json\/wp\/v2\/pages\/136"}],"collection":[{"href":"https:\/\/klaragymnasium.se\/sthlmnorra\/wp-json\/wp\/v2\/pages"}],"about":[{"href":"https:\/\/klaragymnasium.se\/sthlmnorra\/wp-json\/wp\/v2\/types\/page"}],"author":[{"embeddable":true,"href":"https:\/\/klaragymnasium.se\/sthlmnorra\/wp-json\/wp\/v2\/users\/1"}],"replies":[{"embeddable":true,"href":"https:\/\/klaragymnasium.se\/sthlmnorra\/wp-json\/wp\/v2\/comments?post=136"}],"version-history":[{"count":10,"href":"https:\/\/klaragymnasium.se\/sthlmnorra\/wp-json\/wp\/v2\/pages\/136\/revisions"}],"predecessor-version":[{"id":490,"href":"https:\/\/klaragymnasium.se\/sthlmnorra\/wp-json\/wp\/v2\/pages\/136\/revisions\/490"}],"up":[{"embeddable":true,"href":"https:\/\/klaragymnasium.se\/sthlmnorra\/wp-json\/wp\/v2\/pages\/491"}],"wp:attachment":[{"href":"https:\/\/klaragymnasium.se\/sthlmnorra\/wp-json\/wp\/v2\/media?parent=136"}],"curies":[{"name":"wp","href":"https:\/\/api.w.org\/{rel}","templated":true}]}}