{"id":496,"date":"2023-03-09T12:55:21","date_gmt":"2023-03-09T11:55:21","guid":{"rendered":"https:\/\/klaragymnasium.se\/sollentuna\/?page_id=496"},"modified":"2023-12-20T13:13:21","modified_gmt":"2023-12-20T12:13:21","slug":"vara-kvalitetsresultat","status":"publish","type":"page","link":"https:\/\/klaragymnasium.se\/sollentuna\/vart-kvalitetsarbete\/vara-kvalitetsresultat\/","title":{"rendered":"V\u00e5ra kvalitetsresultat"},"content":{"rendered":"\n\t<div class=\"module_wrapper ams_remote_pages_module \">\n\t\t\n\t\n\t\n\t\n\n\t\n\t\n\t\t\n<section  class=\"c-block l-stacked  \" data-color-scheme=\"vit\">\n\t<div class=\"ams-fifty ams-fifty--container ams-fifty--left ams-fifty--top l-container u-pt-fluid-3xl-6xl u-pb-fluid-3xl-6xl\">\n\t\t<div class=\"ams-fifty__content l-stack l-stack-xl is-center is-left@lg\">\n\t\t\t<div class=\"ams-fifty__text l-stack l-stack-lg\">\n\t\t\t\t\t\n\t<h1\n\tclass=\"c-heading u-font-title-1 \"\n\tstyle=\"\">\n\t\t\n\t\t\t\t\tV\u00e5ra kvalitetsresultat\n\t\t\t\t\n\t<\/h1>\n\n\t\t\t\t\t\t\t\t\t<div class=\"text l-stack u-font-body\">\n\t\t\t\t\t\t<p>Skolornas systematiska kvalitetsarbete \u00e4r viktigt f\u00f6r att v\u00e5ra elever ska utvecklas och n\u00e5 m\u00e5len. D\u00e4rf\u00f6r m\u00e4ter vi \u00e5rligen elevernas formella studieresultat, elever och f\u00f6r\u00e4ldrars upplevelse av skolan, de anst\u00e4lldas bild av arbetsplatsen samt vart v\u00e5ra elever tar v\u00e4gen efter sina gymnasiestudier.<\/p>\n<p>\u00d6ppenhet \u00e4r en viktig f\u00f6ruts\u00e4ttning f\u00f6r att vi internt ska kunna sprida goda erfarenheter mellan v\u00e5ra olika skolor och verksamheter. \u00d6ppenhet ger ocks\u00e5 elever och v\u00e5rdnadshavare m\u00f6jlighet att se vad de f\u00e5r om de v\u00e4ljer n\u00e5gon av v\u00e5ra skolor.<\/p>\n\n\t\t\t\t\t<\/div>\n\t\t\t\t\t\t\t<\/div>\n\n\t\t\t\t\t<\/div>\n\n\t\t <div class=\"ams-fifty__media u-ratio-square\">\n\t\t \t\t\t\t\t<img decoding=\"async\" width=\"600\" height=\"400\" src=\"https:\/\/klaragymnasium.se\/wp-content\/uploads\/2023\/08\/klarasundsvall202410-202910webb86-600x400.jpg\" class=\"attachment-md size-md\" alt=\"Tre elever st\u00e5r i skolan och ser glada ut och tittar in i kameran p\u00e5 KLARA.\" sizes=\"(min-width: 64em) 600px, calc(100vw - 160px)\" srcset=\"https:\/\/klaragymnasium.se\/wp-content\/uploads\/2023\/08\/klarasundsvall202410-202910webb86-600x400.jpg 600w, https:\/\/klaragymnasium.se\/wp-content\/uploads\/2023\/08\/klarasundsvall202410-202910webb86-300x200.jpg 300w, https:\/\/klaragymnasium.se\/wp-content\/uploads\/2023\/08\/klarasundsvall202410-202910webb86-400x267.jpg 400w, https:\/\/klaragymnasium.se\/wp-content\/uploads\/2023\/08\/klarasundsvall202410-202910webb86-800x533.jpg 800w, https:\/\/klaragymnasium.se\/wp-content\/uploads\/2023\/08\/klarasundsvall202410-202910webb86-1024x683.jpg 1024w, https:\/\/klaragymnasium.se\/wp-content\/uploads\/2023\/08\/klarasundsvall202410-202910webb86-1200x800.jpg 1200w, https:\/\/klaragymnasium.se\/wp-content\/uploads\/2023\/08\/klarasundsvall202410-202910webb86.jpg 2048w\" \/>\n\t\t\t\n\t\t\t\n\t\t\t\t\t<\/div>\n\t<\/div>\n\n\t\t\n\n<\/section>\n\n\n<section  class=\"ams-file-manager ams-file-manager--list c-block l-stacked\" data-color-scheme=\"nyans2_av_p2-hover-standard\">\n\t<div class=\"l-container l-stack l-stack-fluid-2xl u-pt-fluid-3xl-6xl u-pb-fluid-3xl-6xl is-center is-center@md\">\n\t\t\t\t\t<div class=\"ams-file-manager__intro l-stack l-stack-lg\">\n\t\t\t\t\t\n\t<h2\n\tclass=\"c-heading u-font-title-1 \"\n\tstyle=\"\">\n\t\t\n\t\t\t\t\tKvalitetsrapporter\n\t\t\t\t\n\t<\/h2>\n\n\t\t\t\t\t\t\t\t\t<div class=\"c-text l-stack u-cs-xl u-font-body\">\n\t\t\t\t\t\t<p>V\u00e5r utg\u00e5ngspunkt f\u00f6r att publicera v\u00e5ra kvalitetsrapporter \u00e4r att transparens \u00e4r en viktig del i kvalitetsarbetet och vi \u00e4r d\u00e4rf\u00f6r \u00f6ppna i redovisningen av v\u00e5ra resultat. Nedan finns samtliga skolors kvalitetsrapporter.<\/p>\n<p>*Ej uppdaterade f\u00f6r l\u00e4s\u00e5ret 2023\/2024<\/p>\n\n\t\t\t\t\t<\/div>\n\t\t\t\t\t\t\t<\/div>\n\t\t\n\t\t\t\t\t\t<ul class=\"c-block-list\" data-cols=\"3\">\n\t\t\t\t\t<li class=\"c-block-list__item\">\n\t\t\t\t<a\n\t\t\t\t\tdownload=\"https:\/\/klaragymnasium.se\/wp-content\/uploads\/2023\/12\/kr-2022-2023klara-231201.pdf\"\n\t\t\t\t\thref=\"https:\/\/klaragymnasium.se\/wp-content\/uploads\/2023\/12\/kr-2022-2023klara-231201.pdf\"\n\t\t\t\t\ttitle=\"Huvudmannarapport*\"\n\t\t\t\t\tclass=\"c-block-list__link\">Huvudmannarapport*<\/a>\n\t\t\t<\/li>\n\t\t\t\t\t<li class=\"c-block-list__item\">\n\t\t\t\t<a\n\t\t\t\t\tdownload=\"https:\/\/klaragymnasium.se\/wp-content\/uploads\/2024\/10\/kr2024klara-goteborg-postgatan.pdf\"\n\t\t\t\t\thref=\"https:\/\/klaragymnasium.se\/wp-content\/uploads\/2024\/10\/kr2024klara-goteborg-postgatan.pdf\"\n\t\t\t\t\ttitle=\"KR2024_KLARA Go\u0308teborg Postgatan\"\n\t\t\t\t\tclass=\"c-block-list__link\">G\u00f6teborg Postgatan <\/a>\n\t\t\t<\/li>\n\t\t\t\t\t<li class=\"c-block-list__item\">\n\t\t\t\t<a\n\t\t\t\t\tdownload=\"https:\/\/klaragymnasium.se\/wp-content\/uploads\/2024\/10\/kr2024klara-goteborg-vallgatan.pdf\"\n\t\t\t\t\thref=\"https:\/\/klaragymnasium.se\/wp-content\/uploads\/2024\/10\/kr2024klara-goteborg-vallgatan.pdf\"\n\t\t\t\t\ttitle=\"KR2024_KLARA Go\u0308teborg Vallgatan\"\n\t\t\t\t\tclass=\"c-block-list__link\">G\u00f6teborg Vallgatan <\/a>\n\t\t\t<\/li>\n\t\t\t\t\t<li class=\"c-block-list__item\">\n\t\t\t\t<a\n\t\t\t\t\tdownload=\"https:\/\/klaragymnasium.se\/wp-content\/uploads\/2023\/10\/kr2023klara-karlstad-klar.pdf\"\n\t\t\t\t\thref=\"https:\/\/klaragymnasium.se\/wp-content\/uploads\/2023\/10\/kr2023klara-karlstad-klar.pdf\"\n\t\t\t\t\ttitle=\"Karlstad*\"\n\t\t\t\t\tclass=\"c-block-list__link\">Karlstad*<\/a>\n\t\t\t<\/li>\n\t\t\t\t\t<li class=\"c-block-list__item\">\n\t\t\t\t<a\n\t\t\t\t\tdownload=\"https:\/\/klaragymnasium.se\/wp-content\/uploads\/2024\/10\/kr2024klara-linkoping.pdf\"\n\t\t\t\t\thref=\"https:\/\/klaragymnasium.se\/wp-content\/uploads\/2024\/10\/kr2024klara-linkoping.pdf\"\n\t\t\t\t\ttitle=\"KR2024_KLARA Linko\u0308ping\"\n\t\t\t\t\tclass=\"c-block-list__link\">Link\u00f6ping <\/a>\n\t\t\t<\/li>\n\t\t\t\t\t<li class=\"c-block-list__item\">\n\t\t\t\t<a\n\t\t\t\t\tdownload=\"https:\/\/klaragymnasium.se\/wp-content\/uploads\/2024\/10\/kr2024klara-malmo.pdf\"\n\t\t\t\t\thref=\"https:\/\/klaragymnasium.se\/wp-content\/uploads\/2024\/10\/kr2024klara-malmo.pdf\"\n\t\t\t\t\ttitle=\"KR2024_KLARA Malmo\u0308\"\n\t\t\t\t\tclass=\"c-block-list__link\">Malm\u00f6 <\/a>\n\t\t\t<\/li>\n\t\t\t\t\t<li class=\"c-block-list__item\">\n\t\t\t\t<a\n\t\t\t\t\tdownload=\"https:\/\/klaragymnasium.se\/wp-content\/uploads\/2024\/10\/kr2024klara-stockholm-norra.pdf\"\n\t\t\t\t\thref=\"https:\/\/klaragymnasium.se\/wp-content\/uploads\/2024\/10\/kr2024klara-stockholm-norra.pdf\"\n\t\t\t\t\ttitle=\"KR2024_KLARA Stockholm Norra\"\n\t\t\t\t\tclass=\"c-block-list__link\">Stockholm Norra <\/a>\n\t\t\t<\/li>\n\t\t\t\t\t<li class=\"c-block-list__item\">\n\t\t\t\t<a\n\t\t\t\t\tdownload=\"https:\/\/klaragymnasium.se\/wp-content\/uploads\/2023\/04\/kr2022klara-sollentuna.pdf\"\n\t\t\t\t\thref=\"https:\/\/klaragymnasium.se\/wp-content\/uploads\/2023\/04\/kr2022klara-sollentuna.pdf\"\n\t\t\t\t\ttitle=\"Sollentuna*\"\n\t\t\t\t\tclass=\"c-block-list__link\">Sollentuna*<\/a>\n\t\t\t<\/li>\n\t\t\t\t\t<li class=\"c-block-list__item\">\n\t\t\t\t<a\n\t\t\t\t\tdownload=\"https:\/\/klaragymnasium.se\/wp-content\/uploads\/2024\/10\/kr2024klara-sundsvall.pdf\"\n\t\t\t\t\thref=\"https:\/\/klaragymnasium.se\/wp-content\/uploads\/2024\/10\/kr2024klara-sundsvall.pdf\"\n\t\t\t\t\ttitle=\"KR2024_KLARA Sundsvall\"\n\t\t\t\t\tclass=\"c-block-list__link\">Sundsvall<\/a>\n\t\t\t<\/li>\n\t\t\t\t\t<li class=\"c-block-list__item\">\n\t\t\t\t<a\n\t\t\t\t\tdownload=\"https:\/\/klaragymnasium.se\/wp-content\/uploads\/2024\/10\/kr2024klara-stockholm-sodra.pdf\"\n\t\t\t\t\thref=\"https:\/\/klaragymnasium.se\/wp-content\/uploads\/2024\/10\/kr2024klara-stockholm-sodra.pdf\"\n\t\t\t\t\ttitle=\"KR2024_KLARA Stockholm So\u0308dra\"\n\t\t\t\t\tclass=\"c-block-list__link\">Stockholm S\u00f6dra <\/a>\n\t\t\t<\/li>\n\t\t\t\t\t<li class=\"c-block-list__item\">\n\t\t\t\t<a\n\t\t\t\t\tdownload=\"https:\/\/klaragymnasium.se\/wp-content\/uploads\/2024\/10\/kr2024klara-stockholm-ostra.pdf\"\n\t\t\t\t\thref=\"https:\/\/klaragymnasium.se\/wp-content\/uploads\/2024\/10\/kr2024klara-stockholm-ostra.pdf\"\n\t\t\t\t\ttitle=\"KR2024_KLARA Stockholm O\u0308stra\"\n\t\t\t\t\tclass=\"c-block-list__link\">Stockholm \u00d6stra <\/a>\n\t\t\t<\/li>\n\t\t\t\t\t<li class=\"c-block-list__item\">\n\t\t\t\t<a\n\t\t\t\t\tdownload=\"https:\/\/klaragymnasium.se\/wp-content\/uploads\/2024\/10\/kr2024klara-vasteras.pdf\"\n\t\t\t\t\thref=\"https:\/\/klaragymnasium.se\/wp-content\/uploads\/2024\/10\/kr2024klara-vasteras.pdf\"\n\t\t\t\t\ttitle=\"KR2024_KLARA Va\u0308stera\u030as\"\n\t\t\t\t\tclass=\"c-block-list__link\">V\u00e4ster\u00e5s <\/a>\n\t\t\t<\/li>\n\t\t\t<\/ul>\n\t\n\t\t\t<\/div>\n\n\t\t\n\n<\/section>\n\t<\/div>\n\n\t\n\n\n\n<section  class=\"ams-cta ams-cta--stacked c-block l-stacked\" data-color-scheme=\"vit\">\n\t<div class=\"l-container-narrow l-stack l-stack-fluid-2xl u-pt-fluid-3xl-6xl u-pb-fluid-3xl-6xl is-center is-center@md\">\n\t\t\t\t\t<div class=\"ams-cta__intro l-stack l-stack-lg\">\n\t\t\t\t\t\n\t<h2\n\tclass=\"c-heading u-font-title-1 \"\n\tstyle=\"\">\n\t\t\n\t\t\t\t\tHar du fr\u00e5gor?\n\t\t\t\t\n\t<\/h2>\n\n\t\t\t\t\t\t\t\t\t<div class=\"c-text l-stack u-cs-xl u-font-body\">\n\t\t\t\t\t\t<p>Har du fler fr\u00e5gor om v\u00e5r verksamhet eller beh\u00f6ver komma i kontakt med oss?<\/p>\n\n\t\t\t\t\t<\/div>\n\t\t\t\t\t\t\t<\/div>\n\t\t\n\t\t\n\t\t\t<div class=\"ams-cta__action u-inline-items\">\n\t\t\t\t\t\t\t\n\n\n<a href=\"https:\/\/klaragymnasium.se\/sollentuna\/kontakta-oss\/\"\n\t\n\tclass=\"c-btn \"\n\tdata-style=\"round\"\n\tdata-size=\"md\"\n\tdata-width=\"full-mobile\"\n\tdata-variant=\"default\"\n\ttarget=\"_self\">\n\t\t\t<span class=\"label\"> Kontakta oss<\/span>\n\t\t\t<\/a>\n\t\t\t\t\t\t\t\n\n\n<a href=\"https:\/\/klaragymnasium.se\/sollentuna\/vart-kvalitetsarbete\/\"\n\t\n\tclass=\"c-btn \"\n\tdata-style=\"round\"\n\tdata-size=\"md\"\n\tdata-width=\"full-mobile\"\n\tdata-variant=\"outline\"\n\ttarget=\"_self\">\n\t\t\t<span class=\"label\"> Kvalitet p\u00e5 KLARA<\/span>\n\t\t\t<\/a>\n\t\t\t<\/div>\n\t<\/div>\n\n\t\t\n\n<\/section>\n","protected":false},"excerpt":{"rendered":"","protected":false},"author":5,"featured_media":0,"parent":491,"menu_order":0,"comment_status":"closed","ping_status":"closed","template":"","meta":{"footnotes":""},"yoast_head":"<!-- This site is optimized with the Yoast SEO plugin v22.0 - https:\/\/yoast.com\/wordpress\/plugins\/seo\/ -->\n<title>V\u00e5ra kvalitetsresultat - Klara Gymnasium Sollentuna<\/title>\n<meta name=\"description\" content=\"Skolornas systematiska kvalitetsarbete \u00e4r viktigt f\u00f6r att v\u00e5ra elever ska utvecklas och n\u00e5 m\u00e5len. V\u00e4lkommen till Klara Gymnasium!\" \/>\n<meta name=\"robots\" content=\"index, follow, max-snippet:-1, max-image-preview:large, max-video-preview:-1\" \/>\n<link rel=\"canonical\" href=\"https:\/\/klaragymnasium.se\/vart-kvalitetsarbete\/vara-kvalitetsresultat\/\" \/>\n<meta property=\"og:locale\" content=\"sv_SE\" \/>\n<meta property=\"og:type\" content=\"article\" \/>\n<meta property=\"og:title\" content=\"V\u00e5ra kvalitetsresultat - Klara Gymnasium Sollentuna\" \/>\n<meta property=\"og:description\" content=\"Skolornas systematiska kvalitetsarbete \u00e4r viktigt f\u00f6r att v\u00e5ra elever ska utvecklas och n\u00e5 m\u00e5len. V\u00e4lkommen till Klara Gymnasium!\" \/>\n<meta property=\"og:url\" content=\"https:\/\/klaragymnasium.se\/vart-kvalitetsarbete\/vara-kvalitetsresultat\/\" \/>\n<meta property=\"og:site_name\" content=\"Sollentuna\" \/>\n<meta property=\"article:modified_time\" content=\"2023-12-20T12:13:21+00:00\" \/>\n<meta name=\"twitter:card\" content=\"summary_large_image\" \/>\n<meta name=\"twitter:title\" content=\"V\u00e5ra kvalitetsresultat - Klara Gymnasium Sollentuna\" \/>\n<meta name=\"twitter:description\" content=\"Skolornas systematiska kvalitetsarbete \u00e4r viktigt f\u00f6r att v\u00e5ra elever ska utvecklas och n\u00e5 m\u00e5len. V\u00e4lkommen till Klara Gymnasium!\" \/>\n<script type=\"application\/ld+json\" class=\"yoast-schema-graph\">{\"@context\":\"https:\/\/schema.org\",\"@graph\":[{\"@type\":\"WebPage\",\"@id\":\"https:\/\/klaragymnasium.se\/sollentuna\/vart-kvalitetsarbete\/vara-kvalitetsresultat\/\",\"url\":\"https:\/\/klaragymnasium.se\/vart-kvalitetsarbete\/vara-kvalitetsresultat\/\",\"name\":\"V\u00e5ra kvalitetsresultat - Klara Gymnasium Sollentuna\",\"isPartOf\":{\"@id\":\"https:\/\/klaragymnasium.se\/sollentuna\/#website\"},\"datePublished\":\"2023-03-09T11:55:21+00:00\",\"dateModified\":\"2023-12-20T12:13:21+00:00\",\"description\":\"Skolornas systematiska kvalitetsarbete \u00e4r viktigt f\u00f6r att v\u00e5ra elever ska utvecklas och n\u00e5 m\u00e5len. V\u00e4lkommen till Klara Gymnasium!\",\"breadcrumb\":{\"@id\":\"https:\/\/klaragymnasium.se\/vart-kvalitetsarbete\/vara-kvalitetsresultat\/#breadcrumb\"},\"inLanguage\":\"sv-SE\",\"potentialAction\":[{\"@type\":\"ReadAction\",\"target\":[\"https:\/\/klaragymnasium.se\/vart-kvalitetsarbete\/vara-kvalitetsresultat\/\"]}]},{\"@type\":\"BreadcrumbList\",\"@id\":\"https:\/\/klaragymnasium.se\/vart-kvalitetsarbete\/vara-kvalitetsresultat\/#breadcrumb\",\"itemListElement\":[{\"@type\":\"ListItem\",\"position\":1,\"name\":\"Start\",\"item\":\"https:\/\/klaragymnasium.se\/sollentuna\/\"},{\"@type\":\"ListItem\",\"position\":2,\"name\":\"V\u00e5rt kvalitetsarbete\",\"item\":\"https:\/\/klaragymnasium.se\/sollentuna\/vart-kvalitetsarbete\/\"},{\"@type\":\"ListItem\",\"position\":3,\"name\":\"V\u00e5ra kvalitetsresultat\"}]},{\"@type\":\"WebSite\",\"@id\":\"https:\/\/klaragymnasium.se\/sollentuna\/#website\",\"url\":\"https:\/\/klaragymnasium.se\/sollentuna\/\",\"name\":\"Sollentuna\",\"description\":\"Just another WordPress site\",\"potentialAction\":[{\"@type\":\"SearchAction\",\"target\":{\"@type\":\"EntryPoint\",\"urlTemplate\":\"https:\/\/klaragymnasium.se\/sollentuna\/?s={search_term_string}\"},\"query-input\":\"required name=search_term_string\"}],\"inLanguage\":\"sv-SE\"}]}<\/script>\n<!-- \/ Yoast SEO plugin. -->","yoast_head_json":{"title":"V\u00e5ra kvalitetsresultat - Klara Gymnasium Sollentuna","description":"Skolornas systematiska kvalitetsarbete \u00e4r viktigt f\u00f6r att v\u00e5ra elever ska utvecklas och n\u00e5 m\u00e5len. V\u00e4lkommen till Klara Gymnasium!","robots":{"index":"index","follow":"follow","max-snippet":"max-snippet:-1","max-image-preview":"max-image-preview:large","max-video-preview":"max-video-preview:-1"},"canonical":"https:\/\/klaragymnasium.se\/vart-kvalitetsarbete\/vara-kvalitetsresultat\/","og_locale":"sv_SE","og_type":"article","og_title":"V\u00e5ra kvalitetsresultat - Klara Gymnasium Sollentuna","og_description":"Skolornas systematiska kvalitetsarbete \u00e4r viktigt f\u00f6r att v\u00e5ra elever ska utvecklas och n\u00e5 m\u00e5len. V\u00e4lkommen till Klara Gymnasium!","og_url":"https:\/\/klaragymnasium.se\/vart-kvalitetsarbete\/vara-kvalitetsresultat\/","og_site_name":"Sollentuna","article_modified_time":"2023-12-20T12:13:21+00:00","twitter_card":"summary_large_image","twitter_title":"V\u00e5ra kvalitetsresultat - Klara Gymnasium Sollentuna","twitter_description":"Skolornas systematiska kvalitetsarbete \u00e4r viktigt f\u00f6r att v\u00e5ra elever ska utvecklas och n\u00e5 m\u00e5len. V\u00e4lkommen till Klara Gymnasium!","schema":{"@context":"https:\/\/schema.org","@graph":[{"@type":"WebPage","@id":"https:\/\/klaragymnasium.se\/sollentuna\/vart-kvalitetsarbete\/vara-kvalitetsresultat\/","url":"https:\/\/klaragymnasium.se\/vart-kvalitetsarbete\/vara-kvalitetsresultat\/","name":"V\u00e5ra kvalitetsresultat - Klara Gymnasium Sollentuna","isPartOf":{"@id":"https:\/\/klaragymnasium.se\/sollentuna\/#website"},"datePublished":"2023-03-09T11:55:21+00:00","dateModified":"2023-12-20T12:13:21+00:00","description":"Skolornas systematiska kvalitetsarbete \u00e4r viktigt f\u00f6r att v\u00e5ra elever ska utvecklas och n\u00e5 m\u00e5len. V\u00e4lkommen till Klara Gymnasium!","breadcrumb":{"@id":"https:\/\/klaragymnasium.se\/vart-kvalitetsarbete\/vara-kvalitetsresultat\/#breadcrumb"},"inLanguage":"sv-SE","potentialAction":[{"@type":"ReadAction","target":["https:\/\/klaragymnasium.se\/vart-kvalitetsarbete\/vara-kvalitetsresultat\/"]}]},{"@type":"BreadcrumbList","@id":"https:\/\/klaragymnasium.se\/vart-kvalitetsarbete\/vara-kvalitetsresultat\/#breadcrumb","itemListElement":[{"@type":"ListItem","position":1,"name":"Start","item":"https:\/\/klaragymnasium.se\/sollentuna\/"},{"@type":"ListItem","position":2,"name":"V\u00e5rt kvalitetsarbete","item":"https:\/\/klaragymnasium.se\/sollentuna\/vart-kvalitetsarbete\/"},{"@type":"ListItem","position":3,"name":"V\u00e5ra kvalitetsresultat"}]},{"@type":"WebSite","@id":"https:\/\/klaragymnasium.se\/sollentuna\/#website","url":"https:\/\/klaragymnasium.se\/sollentuna\/","name":"Sollentuna","description":"Just another WordPress site","potentialAction":[{"@type":"SearchAction","target":{"@type":"EntryPoint","urlTemplate":"https:\/\/klaragymnasium.se\/sollentuna\/?s={search_term_string}"},"query-input":"required name=search_term_string"}],"inLanguage":"sv-SE"}]}},"_links":{"self":[{"href":"https:\/\/klaragymnasium.se\/sollentuna\/wp-json\/wp\/v2\/pages\/496"}],"collection":[{"href":"https:\/\/klaragymnasium.se\/sollentuna\/wp-json\/wp\/v2\/pages"}],"about":[{"href":"https:\/\/klaragymnasium.se\/sollentuna\/wp-json\/wp\/v2\/types\/page"}],"author":[{"embeddable":true,"href":"https:\/\/klaragymnasium.se\/sollentuna\/wp-json\/wp\/v2\/users\/5"}],"replies":[{"embeddable":true,"href":"https:\/\/klaragymnasium.se\/sollentuna\/wp-json\/wp\/v2\/comments?post=496"}],"version-history":[{"count":10,"href":"https:\/\/klaragymnasium.se\/sollentuna\/wp-json\/wp\/v2\/pages\/496\/revisions"}],"predecessor-version":[{"id":2456,"href":"https:\/\/klaragymnasium.se\/sollentuna\/wp-json\/wp\/v2\/pages\/496\/revisions\/2456"}],"up":[{"embeddable":true,"href":"https:\/\/klaragymnasium.se\/sollentuna\/wp-json\/wp\/v2\/pages\/491"}],"wp:attachment":[{"href":"https:\/\/klaragymnasium.se\/sollentuna\/wp-json\/wp\/v2\/media?parent=496"}],"curies":[{"name":"wp","href":"https:\/\/api.w.org\/{rel}","templated":true}]}}