{"id":3567,"date":"2025-09-17T15:17:07","date_gmt":"2025-09-17T13:17:07","guid":{"rendered":"https:\/\/klaragymnasium.se\/goteborg-vallgatan\/?page_id=3567"},"modified":"2026-01-16T14:46:15","modified_gmt":"2026-01-16T13:46:15","slug":"ka2-projekt","status":"publish","type":"page","link":"https:\/\/klaragymnasium.se\/goteborg-vallgatan\/ka2-projekt\/","title":{"rendered":"KA2-projekt"},"content":{"rendered":"\n\n<section  class=\"ams-cta ams-cta--stacked c-block l-stacked\" data-color-scheme=\"gra\">\n\t<div class=\"l-container l-stack l-stack-fluid-2xl u-pt-fluid-3xl-6xl u-pb-fluid-3xl-6xl is-center is-center@md\">\n\t\t\t\t\t<div class=\"ams-cta__intro l-stack l-stack-lg\">\n\t\t\t\t\t\n\t<h1\n\tclass=\"c-heading u-font-title-1 \"\n\tstyle=\"\">\n\t\t\n\t\t\t\t\tErasmus+ KA2-projekt \n\t\t\t\t\n\t<\/h1>\n\n\t\t\t\t\t\t\t\t\t<div class=\"c-text l-stack u-cs-xl u-font-body\">\n\t\t\t\t\t\t<p>Erasmus+ KA2-projekt handlar om samarbete mellan olika typer av organisationer inom EU. H\u00e4r samarbetar vi med utbildningsf\u00f6retag, digitala specialister och intresseorganisationer f\u00f6r att driva innovation, skapa anv\u00e4ndbara verktyg, sprida goda metoder och bygga upp n\u00e4tverk inom EU.<\/p>\n<p>Resultaten anv\u00e4nds sedan i verksamheten p\u00e5 skolan. Vi har exempelvis skapat f\u00f6rberedelsematerial som elever och l\u00e4rare kan anv\u00e4nda sig av inf\u00f6r en utlandsvistelse. Resultaten \u00e4r fritt tillg\u00e4ngliga f\u00f6r alla. Nedan kan du l\u00e4sa mer om respektive projekt!<\/p>\n<p>&nbsp;<\/p>\n<p><a href=\"https:\/\/www.jobshadoweur.com\/\">Jobshadoweur (JBSE) 2021-2024. <\/a>Se <a href=\"https:\/\/www.dropbox.com\/scl\/fi\/zp4u7xy2buzqxg4u97psl\/JBSE-Easy-Download-Links.pdf?rlkey=32dqp01cuf31jfm4x7lyb5am1&amp;e=1&amp;dl=0\">projektets resultat<\/a>.<\/p>\n<p><a href=\"https:\/\/www.ptmaproject.com\/\">My Personal Transnational Mobility Assistant (PTMA) 2022-2025<\/a>. Se <a href=\"https:\/\/www.dropbox.com\/scl\/fi\/ygkp4nky7sm60fgiyrjc7\/3.-PTMA-Easy-Download-Links.pdf?rlkey=no6tsfeg0m1eqvdljxpa4n6jp&amp;e=3&amp;dl=0\">projektets resultat<\/a>.<\/p>\n<p><a href=\"https:\/\/remattproject.com\/\">REMATT 2022-2025<\/a>. Se <a href=\"https:\/\/www.dropbox.com\/scl\/fi\/cdv53b6lx87jf32zps093\/3.-REMATT-Easy-Download-Links.pdf?rlkey=29xm6ulru015sr3tl95144dvd&amp;e=1&amp;st=l4dec7wn&amp;dl=0\">projektets resultat<\/a>.<\/p>\n<p>Koordinator f\u00f6r Erasmus+KA2-projekt:<br \/>\n<a href=\"https:\/\/www.managemob.com\/\">MANAGEMOB 2023-2026. <\/a><br \/>\n<a href=\"https:\/\/www.ourvoiceproject.eu\/\">OUR VOICE 2024-2026<\/a>.<\/p>\n\n\t\t\t\t\t<\/div>\n\t\t\t\t\t\t\t<\/div>\n\t\t\n\t\t\n\t\t\t<\/div>\n\n\t\t\n\n<\/section>\n\n\n\n\n<section  class=\"ams-logos c-block l-stacked\">\n\t<div class=\"l-container l-stack l-stack-fluid-2xl u-pt-fluid-3xl-6xl u-pb-fluid-3xl-6xl is-center is-center@md\">\n\t\t\n\t\t\t\t<div class=\"ams-logos__list c-carousel u-gap-fluid-sm\"\n\t\t\t data-type=\"image\"\n\t\t\t data-animated=\"true\"\n\t\t\t data-direction=\"horizontal\"\n\t\t\t data-reverse=\"false\"\n\t\t\t data-speed=\"medium\"\n\t\t\t data-fade=\"false\"\n\t\t\t style=\"--count: 6; --image-width-mobile: 100; --image-width-desktop: 200;\">\n\t\t\t\t\t\t\t<img decoding=\"async\" width=\"400\" height=\"69\" src=\"https:\/\/klaragymnasium.se\/wp-content\/uploads\/sites\/10\/2025\/09\/erasmusvectpos-cr-400x69.png\" class=\"attachment-sm size-sm\" alt=\"Erasmus+\" style=\"--item: 0\" srcset=\"https:\/\/klaragymnasium.se\/wp-content\/uploads\/sites\/10\/2025\/09\/erasmusvectpos-cr-400x69.png 400w, https:\/\/klaragymnasium.se\/wp-content\/uploads\/sites\/10\/2025\/09\/erasmusvectpos-cr-300x52.png 300w, https:\/\/klaragymnasium.se\/wp-content\/uploads\/sites\/10\/2025\/09\/erasmusvectpos-cr-600x104.png 600w, https:\/\/klaragymnasium.se\/wp-content\/uploads\/sites\/10\/2025\/09\/erasmusvectpos-cr-800x139.png 800w, https:\/\/klaragymnasium.se\/wp-content\/uploads\/sites\/10\/2025\/09\/erasmusvectpos-cr-1024x177.png 1024w, https:\/\/klaragymnasium.se\/wp-content\/uploads\/sites\/10\/2025\/09\/erasmusvectpos-cr.png 1178w\" sizes=\"(max-width: 400px) 100vw, 400px\" \/>\n\t\t\t\t\t\t\t<img decoding=\"async\" width=\"400\" height=\"85\" src=\"https:\/\/klaragymnasium.se\/wp-content\/uploads\/sites\/10\/2025\/09\/en-co-funded-by-the-eupos-cr-400x85.png\" class=\"attachment-sm size-sm\" alt=\"Erasmus+\" style=\"--item: 1\" srcset=\"https:\/\/klaragymnasium.se\/wp-content\/uploads\/sites\/10\/2025\/09\/en-co-funded-by-the-eupos-cr-400x85.png 400w, https:\/\/klaragymnasium.se\/wp-content\/uploads\/sites\/10\/2025\/09\/en-co-funded-by-the-eupos-cr-300x63.png 300w, https:\/\/klaragymnasium.se\/wp-content\/uploads\/sites\/10\/2025\/09\/en-co-funded-by-the-eupos-cr-600x127.png 600w, https:\/\/klaragymnasium.se\/wp-content\/uploads\/sites\/10\/2025\/09\/en-co-funded-by-the-eupos-cr-800x169.png 800w, https:\/\/klaragymnasium.se\/wp-content\/uploads\/sites\/10\/2025\/09\/en-co-funded-by-the-eupos-cr-1024x216.png 1024w, https:\/\/klaragymnasium.se\/wp-content\/uploads\/sites\/10\/2025\/09\/en-co-funded-by-the-eupos-cr-1200x254.png 1200w\" sizes=\"(max-width: 400px) 100vw, 400px\" \/>\n\t\t\t\t\t\t\t<img decoding=\"async\" width=\"400\" height=\"189\" src=\"https:\/\/klaragymnasium.se\/wp-content\/uploads\/sites\/10\/2025\/09\/jbse-ycr-400x189.png\" class=\"attachment-sm size-sm\" alt=\"\" style=\"--item: 2\" srcset=\"https:\/\/klaragymnasium.se\/wp-content\/uploads\/sites\/10\/2025\/09\/jbse-ycr-400x189.png 400w, https:\/\/klaragymnasium.se\/wp-content\/uploads\/sites\/10\/2025\/09\/jbse-ycr-300x142.png 300w, https:\/\/klaragymnasium.se\/wp-content\/uploads\/sites\/10\/2025\/09\/jbse-ycr-600x283.png 600w, https:\/\/klaragymnasium.se\/wp-content\/uploads\/sites\/10\/2025\/09\/jbse-ycr-800x377.png 800w, https:\/\/klaragymnasium.se\/wp-content\/uploads\/sites\/10\/2025\/09\/jbse-ycr-1024x483.png 1024w, https:\/\/klaragymnasium.se\/wp-content\/uploads\/sites\/10\/2025\/09\/jbse-ycr.png 1200w\" sizes=\"(max-width: 400px) 100vw, 400px\" \/>\n\t\t\t\t\t\t\t<img decoding=\"async\" width=\"400\" height=\"400\" src=\"https:\/\/klaragymnasium.se\/wp-content\/uploads\/sites\/10\/2025\/09\/rematt-400x400.png\" class=\"attachment-sm size-sm\" alt=\"\" style=\"--item: 3\" srcset=\"https:\/\/klaragymnasium.se\/wp-content\/uploads\/sites\/10\/2025\/09\/rematt-400x400.png 400w, https:\/\/klaragymnasium.se\/wp-content\/uploads\/sites\/10\/2025\/09\/rematt-150x150.png 150w, https:\/\/klaragymnasium.se\/wp-content\/uploads\/sites\/10\/2025\/09\/rematt-300x300.png 300w, https:\/\/klaragymnasium.se\/wp-content\/uploads\/sites\/10\/2025\/09\/rematt-600x600.png 600w, https:\/\/klaragymnasium.se\/wp-content\/uploads\/sites\/10\/2025\/09\/rematt-800x800.png 800w, https:\/\/klaragymnasium.se\/wp-content\/uploads\/sites\/10\/2025\/09\/rematt-1024x1024.png 1024w, https:\/\/klaragymnasium.se\/wp-content\/uploads\/sites\/10\/2025\/09\/rematt-1200x1200.png 1200w, https:\/\/klaragymnasium.se\/wp-content\/uploads\/sites\/10\/2025\/09\/rematt.png 1500w\" sizes=\"(max-width: 400px) 100vw, 400px\" \/>\n\t\t\t\t\t\t\t<img decoding=\"async\" width=\"400\" height=\"285\" src=\"https:\/\/klaragymnasium.se\/wp-content\/uploads\/sites\/10\/2025\/09\/managemob-square-400x285.png\" class=\"attachment-sm size-sm\" alt=\"\" style=\"--item: 4\" srcset=\"https:\/\/klaragymnasium.se\/wp-content\/uploads\/sites\/10\/2025\/09\/managemob-square-400x285.png 400w, https:\/\/klaragymnasium.se\/wp-content\/uploads\/sites\/10\/2025\/09\/managemob-square-300x214.png 300w, https:\/\/klaragymnasium.se\/wp-content\/uploads\/sites\/10\/2025\/09\/managemob-square-600x428.png 600w, https:\/\/klaragymnasium.se\/wp-content\/uploads\/sites\/10\/2025\/09\/managemob-square-800x570.png 800w, https:\/\/klaragymnasium.se\/wp-content\/uploads\/sites\/10\/2025\/09\/managemob-square-1024x730.png 1024w, https:\/\/klaragymnasium.se\/wp-content\/uploads\/sites\/10\/2025\/09\/managemob-square-1200x855.png 1200w\" sizes=\"(max-width: 400px) 100vw, 400px\" \/>\n\t\t\t\t\t\t\t<img decoding=\"async\" width=\"400\" height=\"256\" src=\"https:\/\/klaragymnasium.se\/wp-content\/uploads\/sites\/10\/2025\/09\/ptma-cr-400x256.png\" class=\"attachment-sm size-sm\" alt=\"\" style=\"--item: 5\" srcset=\"https:\/\/klaragymnasium.se\/wp-content\/uploads\/sites\/10\/2025\/09\/ptma-cr-400x256.png 400w, https:\/\/klaragymnasium.se\/wp-content\/uploads\/sites\/10\/2025\/09\/ptma-cr-300x192.png 300w, https:\/\/klaragymnasium.se\/wp-content\/uploads\/sites\/10\/2025\/09\/ptma-cr-600x384.png 600w, https:\/\/klaragymnasium.se\/wp-content\/uploads\/sites\/10\/2025\/09\/ptma-cr-800x512.png 800w, https:\/\/klaragymnasium.se\/wp-content\/uploads\/sites\/10\/2025\/09\/ptma-cr-1024x655.png 1024w, https:\/\/klaragymnasium.se\/wp-content\/uploads\/sites\/10\/2025\/09\/ptma-cr-1200x768.png 1200w\" sizes=\"(max-width: 400px) 100vw, 400px\" \/>\n\t\t\t\t\t<\/div>\n\n\t\t\t<\/div>\n\n\t\t\n\n<\/section>\n","protected":false},"excerpt":{"rendered":"","protected":false},"author":49,"featured_media":0,"parent":0,"menu_order":0,"comment_status":"closed","ping_status":"closed","template":"","meta":{"footnotes":""},"yoast_head":"<!-- This site is optimized with the Yoast SEO plugin v22.0 - https:\/\/yoast.com\/wordpress\/plugins\/seo\/ -->\n<title>G\u00f6teborg Vallgatan<\/title>\n<meta name=\"description\" content=\"Erasmusklubben ger dig som elev m\u00f6jlighet att \u00e5ka utomlands och bekanta dig med andra kulturer samtidigt som du tr\u00e4ffar nya v\u00e4nner.\" \/>\n<meta name=\"robots\" content=\"index, follow, max-snippet:-1, max-image-preview:large, max-video-preview:-1\" \/>\n<link rel=\"canonical\" href=\"https:\/\/klaragymnasium.se\/goteborg-vallgatan\/ka2-projekt\/\" \/>\n<meta property=\"og:locale\" content=\"sv_SE\" \/>\n<meta property=\"og:type\" content=\"article\" \/>\n<meta property=\"og:description\" content=\"Erasmusklubben ger dig som elev m\u00f6jlighet att \u00e5ka utomlands och bekanta dig med andra kulturer samtidigt som du tr\u00e4ffar nya v\u00e4nner.\" \/>\n<meta property=\"og:url\" content=\"https:\/\/klaragymnasium.se\/goteborg-vallgatan\/ka2-projekt\/\" \/>\n<meta property=\"og:site_name\" content=\"G\u00f6teborg Vallgatan\" \/>\n<meta property=\"article:modified_time\" content=\"2026-01-16T13:46:15+00:00\" \/>\n<meta name=\"twitter:card\" content=\"summary_large_image\" \/>\n<meta name=\"twitter:description\" content=\"Erasmusklubben ger dig som elev m\u00f6jlighet att \u00e5ka utomlands och bekanta dig med andra kulturer samtidigt som du tr\u00e4ffar nya v\u00e4nner.\" \/>\n<meta name=\"twitter:label1\" content=\"Est. reading time\" \/>\n\t<meta name=\"twitter:data1\" content=\"2 minuter\" \/>\n<script type=\"application\/ld+json\" class=\"yoast-schema-graph\">{\"@context\":\"https:\/\/schema.org\",\"@graph\":[{\"@type\":\"WebPage\",\"@id\":\"https:\/\/klaragymnasium.se\/goteborg-vallgatan\/ka2-projekt\/\",\"url\":\"https:\/\/klaragymnasium.se\/goteborg-vallgatan\/ka2-projekt\/\",\"name\":\"KA2-projekt - G\u00f6teborg Vallgatan\",\"isPartOf\":{\"@id\":\"https:\/\/klaragymnasium.se\/goteborg-vallgatan\/#website\"},\"datePublished\":\"2025-09-17T13:17:07+00:00\",\"dateModified\":\"2026-01-16T13:46:15+00:00\",\"description\":\"Erasmusklubben ger dig som elev m\u00f6jlighet att \u00e5ka utomlands och bekanta dig med andra kulturer samtidigt som du tr\u00e4ffar nya v\u00e4nner.\",\"breadcrumb\":{\"@id\":\"https:\/\/klaragymnasium.se\/goteborg-vallgatan\/ka2-projekt\/#breadcrumb\"},\"inLanguage\":\"sv-SE\",\"potentialAction\":[{\"@type\":\"ReadAction\",\"target\":[\"https:\/\/klaragymnasium.se\/goteborg-vallgatan\/ka2-projekt\/\"]}]},{\"@type\":\"BreadcrumbList\",\"@id\":\"https:\/\/klaragymnasium.se\/goteborg-vallgatan\/ka2-projekt\/#breadcrumb\",\"itemListElement\":[{\"@type\":\"ListItem\",\"position\":1,\"name\":\"Start\",\"item\":\"https:\/\/klaragymnasium.se\/goteborg-vallgatan\/\"},{\"@type\":\"ListItem\",\"position\":2,\"name\":\"KA2-projekt\"}]},{\"@type\":\"WebSite\",\"@id\":\"https:\/\/klaragymnasium.se\/goteborg-vallgatan\/#website\",\"url\":\"https:\/\/klaragymnasium.se\/goteborg-vallgatan\/\",\"name\":\"G\u00f6teborg Vallgatan\",\"description\":\"Just another WordPress site\",\"potentialAction\":[{\"@type\":\"SearchAction\",\"target\":{\"@type\":\"EntryPoint\",\"urlTemplate\":\"https:\/\/klaragymnasium.se\/goteborg-vallgatan\/?s={search_term_string}\"},\"query-input\":\"required name=search_term_string\"}],\"inLanguage\":\"sv-SE\"}]}<\/script>\n<!-- \/ Yoast SEO plugin. -->","yoast_head_json":{"title":"G\u00f6teborg Vallgatan","description":"Erasmusklubben ger dig som elev m\u00f6jlighet att \u00e5ka utomlands och bekanta dig med andra kulturer samtidigt som du tr\u00e4ffar nya v\u00e4nner.","robots":{"index":"index","follow":"follow","max-snippet":"max-snippet:-1","max-image-preview":"max-image-preview:large","max-video-preview":"max-video-preview:-1"},"canonical":"https:\/\/klaragymnasium.se\/goteborg-vallgatan\/ka2-projekt\/","og_locale":"sv_SE","og_type":"article","og_description":"Erasmusklubben ger dig som elev m\u00f6jlighet att \u00e5ka utomlands och bekanta dig med andra kulturer samtidigt som du tr\u00e4ffar nya v\u00e4nner.","og_url":"https:\/\/klaragymnasium.se\/goteborg-vallgatan\/ka2-projekt\/","og_site_name":"G\u00f6teborg Vallgatan","article_modified_time":"2026-01-16T13:46:15+00:00","twitter_card":"summary_large_image","twitter_description":"Erasmusklubben ger dig som elev m\u00f6jlighet att \u00e5ka utomlands och bekanta dig med andra kulturer samtidigt som du tr\u00e4ffar nya v\u00e4nner.","twitter_misc":{"Est. reading time":"2 minuter"},"schema":{"@context":"https:\/\/schema.org","@graph":[{"@type":"WebPage","@id":"https:\/\/klaragymnasium.se\/goteborg-vallgatan\/ka2-projekt\/","url":"https:\/\/klaragymnasium.se\/goteborg-vallgatan\/ka2-projekt\/","name":"KA2-projekt - G\u00f6teborg Vallgatan","isPartOf":{"@id":"https:\/\/klaragymnasium.se\/goteborg-vallgatan\/#website"},"datePublished":"2025-09-17T13:17:07+00:00","dateModified":"2026-01-16T13:46:15+00:00","description":"Erasmusklubben ger dig som elev m\u00f6jlighet att \u00e5ka utomlands och bekanta dig med andra kulturer samtidigt som du tr\u00e4ffar nya v\u00e4nner.","breadcrumb":{"@id":"https:\/\/klaragymnasium.se\/goteborg-vallgatan\/ka2-projekt\/#breadcrumb"},"inLanguage":"sv-SE","potentialAction":[{"@type":"ReadAction","target":["https:\/\/klaragymnasium.se\/goteborg-vallgatan\/ka2-projekt\/"]}]},{"@type":"BreadcrumbList","@id":"https:\/\/klaragymnasium.se\/goteborg-vallgatan\/ka2-projekt\/#breadcrumb","itemListElement":[{"@type":"ListItem","position":1,"name":"Start","item":"https:\/\/klaragymnasium.se\/goteborg-vallgatan\/"},{"@type":"ListItem","position":2,"name":"KA2-projekt"}]},{"@type":"WebSite","@id":"https:\/\/klaragymnasium.se\/goteborg-vallgatan\/#website","url":"https:\/\/klaragymnasium.se\/goteborg-vallgatan\/","name":"G\u00f6teborg Vallgatan","description":"Just another WordPress site","potentialAction":[{"@type":"SearchAction","target":{"@type":"EntryPoint","urlTemplate":"https:\/\/klaragymnasium.se\/goteborg-vallgatan\/?s={search_term_string}"},"query-input":"required name=search_term_string"}],"inLanguage":"sv-SE"}]}},"_links":{"self":[{"href":"https:\/\/klaragymnasium.se\/goteborg-vallgatan\/wp-json\/wp\/v2\/pages\/3567"}],"collection":[{"href":"https:\/\/klaragymnasium.se\/goteborg-vallgatan\/wp-json\/wp\/v2\/pages"}],"about":[{"href":"https:\/\/klaragymnasium.se\/goteborg-vallgatan\/wp-json\/wp\/v2\/types\/page"}],"author":[{"embeddable":true,"href":"https:\/\/klaragymnasium.se\/goteborg-vallgatan\/wp-json\/wp\/v2\/users\/49"}],"replies":[{"embeddable":true,"href":"https:\/\/klaragymnasium.se\/goteborg-vallgatan\/wp-json\/wp\/v2\/comments?post=3567"}],"version-history":[{"count":9,"href":"https:\/\/klaragymnasium.se\/goteborg-vallgatan\/wp-json\/wp\/v2\/pages\/3567\/revisions"}],"predecessor-version":[{"id":4007,"href":"https:\/\/klaragymnasium.se\/goteborg-vallgatan\/wp-json\/wp\/v2\/pages\/3567\/revisions\/4007"}],"wp:attachment":[{"href":"https:\/\/klaragymnasium.se\/goteborg-vallgatan\/wp-json\/wp\/v2\/media?parent=3567"}],"curies":[{"name":"wp","href":"https:\/\/api.w.org\/{rel}","templated":true}]}}