{"id":317,"date":"2023-03-03T13:52:44","date_gmt":"2023-03-03T12:52:44","guid":{"rendered":"https:\/\/klaragymnasium.se\/goteborg-vallgatan\/?page_id=317"},"modified":"2026-04-08T11:16:27","modified_gmt":"2026-04-08T09:16:27","slug":"edyoucation","status":"publish","type":"page","link":"https:\/\/klaragymnasium.se\/goteborg-vallgatan\/edyoucation\/","title":{"rendered":"Edyoucation"},"content":{"rendered":"\n\t\n\t\n\t\n\t\n\t\n\n<section \n\tclass=\"ams-hero ams-hero--classic ams-hero--75 c-block l-stacked  \"\n\tdata-color-scheme=\"vit-2\"\n\tstyle=\"\">\n\t<div class=\"ams-hero__container u-items-center u-justify-center\">\n\t\t<div\n\t\t\tclass=\"ams-hero__content l-stack l-stack-xl is-center is-center@md\" >\n\t\t\t<div class=\"l-stack l-stack-lg\">\n\t\t\t\t\n\t\t\t\t\t\t\t<\/div>\n\n\t\t\t\t\t<\/div>\n\t<\/div>\n\n\t\n\t\t\t\n\t\t\t\t\t\t\t\n\t\t\t\t<div class=\"c-bg c-bg--img\" data-settings=\"{&quot;desktop_settings&quot;:{&quot;size&quot;:&quot;cover&quot;,&quot;position&quot;:&quot;middle-center&quot;},&quot;mobile_settings&quot;:{&quot;size&quot;:&quot;cover&quot;,&quot;position&quot;:&quot;middle-center&quot;}}\" data-position=\"middle-center\" data-size=\"cover\">\n\t\t\t<picture><source media=\"(min-width: 48em)\" srcset=\"https:\/\/klaragymnasium.se\/wp-content\/uploads\/sites\/10\/2024\/08\/klawebbheaderedyoucation.png 1365w, https:\/\/klaragymnasium.se\/wp-content\/uploads\/sites\/10\/2024\/08\/klawebbheaderedyoucation-300x176.png 300w, https:\/\/klaragymnasium.se\/wp-content\/uploads\/sites\/10\/2024\/08\/klawebbheaderedyoucation-400x235.png 400w, https:\/\/klaragymnasium.se\/wp-content\/uploads\/sites\/10\/2024\/08\/klawebbheaderedyoucation-600x353.png 600w, https:\/\/klaragymnasium.se\/wp-content\/uploads\/sites\/10\/2024\/08\/klawebbheaderedyoucation-800x470.png 800w, https:\/\/klaragymnasium.se\/wp-content\/uploads\/sites\/10\/2024\/08\/klawebbheaderedyoucation-1024x602.png 1024w, https:\/\/klaragymnasium.se\/wp-content\/uploads\/sites\/10\/2024\/08\/klawebbheaderedyoucation-1200x705.png 1200w\" sizes=\"(max-width: 1365px) 100vw, 1365px\" \/><source srcset=\"https:\/\/klaragymnasium.se\/wp-content\/uploads\/sites\/10\/2024\/08\/klawebbheadereducationmobilev1-400x576.png\" sizes=\"(max-width: 400px) 100vw, 400px\" \/><img decoding=\"async\" width=\"1365\" height=\"802\" src=\"https:\/\/klaragymnasium.se\/wp-content\/uploads\/sites\/10\/2024\/08\/klawebbheaderedyoucation.png\" class=\"attachment-hero-lg size-hero-lg\" alt=\"Edyoucation.\" sizes=\"(max-width: 1365px) 100vw, 1365px\" srcset=\"https:\/\/klaragymnasium.se\/wp-content\/uploads\/sites\/10\/2024\/08\/klawebbheaderedyoucation.png 1365w, https:\/\/klaragymnasium.se\/wp-content\/uploads\/sites\/10\/2024\/08\/klawebbheaderedyoucation-300x176.png 300w, https:\/\/klaragymnasium.se\/wp-content\/uploads\/sites\/10\/2024\/08\/klawebbheaderedyoucation-400x235.png 400w, https:\/\/klaragymnasium.se\/wp-content\/uploads\/sites\/10\/2024\/08\/klawebbheaderedyoucation-600x353.png 600w, https:\/\/klaragymnasium.se\/wp-content\/uploads\/sites\/10\/2024\/08\/klawebbheaderedyoucation-800x470.png 800w, https:\/\/klaragymnasium.se\/wp-content\/uploads\/sites\/10\/2024\/08\/klawebbheaderedyoucation-1024x602.png 1024w, https:\/\/klaragymnasium.se\/wp-content\/uploads\/sites\/10\/2024\/08\/klawebbheaderedyoucation-1200x705.png 1200w\" \/><\/picture>\n\t\t<\/div>\n\t\n<\/section>\n\n\n\n\t\n\t\n\t\n\n\t\n\t\n\t\t\n<section  class=\"c-block l-stacked  \" data-color-scheme=\"gra\">\n\t<div class=\"ams-fifty ams-fifty--container ams-fifty--right ams-fifty--bottom l-container u-pt-fluid-md-xl u-pb-fluid-md-xl\">\n\t\t<div class=\"ams-fifty__content l-stack l-stack-xl is-left is-left@lg\">\n\t\t\t<div class=\"ams-fifty__text l-stack l-stack-lg\">\n\t\t\t\t\t\n\t<h1\n\tclass=\"c-heading u-font-title-1 \"\n\tstyle=\"\">\n\t\t\n\t\t\t\t\tUtbildning med dig i fokus\n\t\t\t\t\n\t<\/h1>\n\n\t\t\t\t\t\t\t\t\t<div class=\"text l-stack u-font-body\">\n\t\t\t\t\t\t<p><strong>P\u00e5 Klara Teoretiska Gymnasium G\u00f6teborg Vallgatan pr\u00e4glas v\u00e5r pedagogik av dina f\u00f6ruts\u00e4ttningar som individ. Inte bara som elev. D\u00e4rf\u00f6r arbetar vi med edyoucation, som g\u00f6r plats f\u00f6r dina personliga m\u00e5l och drivkrafter p\u00e5 schemat.<\/strong><\/p>\n\n\t\t\t\t\t<\/div>\n\t\t\t\t\t\t\t<\/div>\n\n\t\t\t\t<div class=\"ams-fifty__action u-inline-items\">\n\t\t\t\t\t\t\t\n\n\n<a href=\"https:\/\/klaragymnasium.se\/goteborg-vallgatan\/gymnasieprogram\/\"\n\t\n\tclass=\"c-btn \"\n\tdata-style=\"round\"\n\tdata-size=\"md\"\n\tdata-width=\"full-mobile\"\n\tdata-variant=\"default\"\n\ttarget=\"_self\">\n\t\t\t<span class=\"label\"> Se v\u00e5ra program<\/span>\n\t\t\t<\/a>\n\t\t\t<\/div>\n\t\t<\/div>\n\n\t\t <div class=\"ams-fifty__media u-ratio-landscape\">\n\t\t \t\n\t\t\t\n\t\t\t\t\t\t\t<lite-youtube videoid=\"6U2QnNHHHV0\" style=\"background-image: url('https:\/\/i.ytimg.com\/vi\/6U2QnNHHHV0\/hqdefault.jpg');\">\n\t\t\t\t\t\t<button href=\"https:\/\/youtube.com\/watch?v=6U2QnNHHHV0\" class=\"lty-playbtn\" title=\"Play Video\">\n\t\t\t\t\t\t\t<span class=\"lyt-visually-hidden\">Play Video<\/span>\n\t\t\t\t\t\t<\/button>\n\t\t\t\t\t<\/lite-youtube>\n\t\t\t\t\t<\/div>\n\t<\/div>\n\n\t\t\n\n<\/section>\n\n\n\n\t\n\t\n\t\n\n\t\n\t\n\t\t\n<section  class=\"c-block l-stacked  \" data-color-scheme=\"vit\">\n\t<div class=\"ams-fifty ams-fifty--container ams-fifty--left ams-fifty--bottom l-container u-pt-fluid-md-xl u-pb-fluid-md-xl\">\n\t\t<div class=\"ams-fifty__content l-stack l-stack-xl is-left is-left@lg\">\n\t\t\t<div class=\"ams-fifty__text l-stack l-stack-lg\">\n\t\t\t\t\t\n\t<h2\n\tclass=\"c-heading u-font-title-1 \"\n\tstyle=\"\">\n\t\t\n\t\t\t\t\tDin prestation b\u00f6rjar med din motivation. \n\t\t\t\t\n\t<\/h2>\n\n\t\t\t\t\t\t\t\t\t<div class=\"text l-stack u-font-body\">\n\t\t\t\t\t\t<p><span style=\"font-weight: 400;\">P\u00e5 KLARA G\u00f6teborg Vallgatan vill vi hj\u00e4lpa dig att f\u00f6rena motivation och prestation i dina studier. H\u00e4r kan du utveckla personliga skills och f\u00e4rdigheter som tar dig vidare i livet &#8211; detta \u00e4r n\u00e5got vi brukar kalla f\u00f6r edyoucation.<\/span><\/p>\n<p>Uppstarten p\u00e5 gymnasiet \u00e4r en viktig tid. Den hj\u00e4lper dig att anpassa dig till en ny skola och f\u00f6rhoppningsvis en stor gemenskap med din nya klass. Vi tror p\u00e5 att en positiv start p\u00e5 gymnasiet bygger ditt sj\u00e4lvf\u00f6rtroende och hj\u00e4lper dig att etablera viktiga rutiner som \u00e4r avg\u00f6rande f\u00f6r en rolig och utvecklande gymnasietid.<\/p>\n<p>Vi vill ocks\u00e5 att du ska f\u00e5 en bra f\u00f6rst\u00e5else f\u00f6r vad som skiljer h\u00f6gstadiet fr\u00e5n gymnasiet. Vi vet att det \u00e4r utmanande att g\u00e5 fr\u00e5n en skola som du k\u00e4nner till, till n\u00e5got helt nytt. V\u00e5rt m\u00e5l \u00e4r att motivera och guida dig fram\u00e5t. Det \u00e4r s\u00e5 du ska klara gymnasiet.<\/p>\n\n\t\t\t\t\t<\/div>\n\t\t\t\t\t\t\t<\/div>\n\n\t\t\t\t\t<\/div>\n\n\t\t <div class=\"ams-fifty__media u-ratio-square\">\n\t\t \t\t\t\t\t<img decoding=\"async\" width=\"600\" height=\"400\" src=\"https:\/\/klaragymnasium.se\/wp-content\/uploads\/sites\/10\/2024\/08\/klaraedyoucation202404-202904-scaled-1-600x400.jpg\" class=\"attachment-md size-md\" alt=\"Ett g\u00e4ng elever promenerar tillsammans till skolan.\" sizes=\"(min-width: 64em) 600px, calc(100vw - 160px)\" srcset=\"https:\/\/klaragymnasium.se\/wp-content\/uploads\/sites\/10\/2024\/08\/klaraedyoucation202404-202904-scaled-1-600x400.jpg 600w, https:\/\/klaragymnasium.se\/wp-content\/uploads\/sites\/10\/2024\/08\/klaraedyoucation202404-202904-scaled-1-300x200.jpg 300w, https:\/\/klaragymnasium.se\/wp-content\/uploads\/sites\/10\/2024\/08\/klaraedyoucation202404-202904-scaled-1-400x267.jpg 400w, https:\/\/klaragymnasium.se\/wp-content\/uploads\/sites\/10\/2024\/08\/klaraedyoucation202404-202904-scaled-1-800x533.jpg 800w, https:\/\/klaragymnasium.se\/wp-content\/uploads\/sites\/10\/2024\/08\/klaraedyoucation202404-202904-scaled-1-1024x683.jpg 1024w, https:\/\/klaragymnasium.se\/wp-content\/uploads\/sites\/10\/2024\/08\/klaraedyoucation202404-202904-scaled-1-1200x800.jpg 1200w\" \/>\n\t\t\t\n\t\t\t\n\t\t\t\t\t<\/div>\n\t<\/div>\n\n\t\t\n\t\t\t\n\t\t\t\t\t\t\t\n\t\t\t\t<div class=\"c-bg c-bg--img\" data-settings=\"{&quot;desktop_settings&quot;:{&quot;size&quot;:&quot;auto&quot;,&quot;position&quot;:&quot;bottom-right&quot;},&quot;mobile_settings&quot;:{&quot;size&quot;:&quot;auto&quot;,&quot;position&quot;:&quot;bottom-right&quot;}}\" data-position=\"middle-center\" data-size=\"cover\">\n\t\t\t\n\t\t<\/div>\n\t\n<\/section>\n\n\n\n\t\n\t\n\t\n\n\t\n\t\n\t\t\n<section  class=\"c-block l-stacked  \" data-color-scheme=\"gra\">\n\t<div class=\"ams-fifty ams-fifty--container ams-fifty--right ams-fifty--bottom l-container u-pt-fluid-md-xl u-pb-fluid-md-xl\">\n\t\t<div class=\"ams-fifty__content l-stack l-stack-xl is-left is-left@lg\">\n\t\t\t<div class=\"ams-fifty__text l-stack l-stack-lg\">\n\t\t\t\t\t\n\t<h2\n\tclass=\"c-heading u-font-title-1 \"\n\tstyle=\"\">\n\t\t\n\t\t\t\t\tMotivation f\u00f6r studier. Och skills som tar dig vidare.\n\t\t\t\t\n\t<\/h2>\n\n\t\t\t\t\t\t\t\t\t<div class=\"text l-stack u-font-body\">\n\t\t\t\t\t\t<p>P\u00e5 KLARA G\u00f6teborg Vallgatan b\u00f6rjar din resa redan vid skolentr\u00e9n, och vi tar dig med l\u00e5ngt bortom klassrummet. H\u00e4r m\u00f6ter du inte bara erfarna l\u00e4rare utan ocks\u00e5 g\u00e4stf\u00f6rel\u00e4sare och tidigare elever som delar sina personliga erfarenheter och inspirerande ber\u00e4ttelser. Genom deras insikter f\u00e5r du f\u00e4rdigheter fr\u00e5n verkligheten, vilket g\u00f6r din gymnasietid mer motiverande och meningsfull.<\/p>\n<p>Vi str\u00e4var efter att l\u00e4ra dig mer om dig sj\u00e4lv och omv\u00e4rlden. D\u00e4rf\u00f6r arrangerar vi studieresor, b\u00e5de inom Sverige och utomlands. T\u00e4nk dig att utforska historiska platser, f\u00f6retag och organisationer. Dessa resor och bes\u00f6k ger dig ett omv\u00e4rldsperspektiv som breddar dina vyer och f\u00f6rbereder dig f\u00f6r livet efter gymnasiet.<\/p>\n<p>Under dina tre \u00e5r vill vi att du ska f\u00e5 se v\u00e4rlden fr\u00e5n nya perspektiv och att vi som gymnasieskola rustar dig med de f\u00e4rdigheter och kunskap som du kan t\u00e4nkas beh\u00f6va f\u00f6r att n\u00e5 din fulla potential. Vi vill ocks\u00e5 att du ska f\u00e5 utforska olika yrkesm\u00f6jligheter och framtidsdr\u00f6mmar.<\/p>\n\n\t\t\t\t\t<\/div>\n\t\t\t\t\t\t\t<\/div>\n\n\t\t\t\t\t<\/div>\n\n\t\t <div class=\"ams-fifty__media u-ratio-square\">\n\t\t \t\t\t\t\t<img decoding=\"async\" width=\"600\" height=\"400\" src=\"https:\/\/klaragymnasium.se\/wp-content\/uploads\/sites\/10\/2024\/08\/klaraedyoucation202404-2029041-scaled-1-600x400.jpg\" class=\"attachment-md size-md\" alt=\"Elever studerar i ett klassrum, en elev ler in i kameran.\" sizes=\"(min-width: 64em) 600px, calc(100vw - 160px)\" srcset=\"https:\/\/klaragymnasium.se\/wp-content\/uploads\/sites\/10\/2024\/08\/klaraedyoucation202404-2029041-scaled-1-600x400.jpg 600w, https:\/\/klaragymnasium.se\/wp-content\/uploads\/sites\/10\/2024\/08\/klaraedyoucation202404-2029041-scaled-1-300x200.jpg 300w, https:\/\/klaragymnasium.se\/wp-content\/uploads\/sites\/10\/2024\/08\/klaraedyoucation202404-2029041-scaled-1-400x267.jpg 400w, https:\/\/klaragymnasium.se\/wp-content\/uploads\/sites\/10\/2024\/08\/klaraedyoucation202404-2029041-scaled-1-800x533.jpg 800w, https:\/\/klaragymnasium.se\/wp-content\/uploads\/sites\/10\/2024\/08\/klaraedyoucation202404-2029041-scaled-1-1024x683.jpg 1024w, https:\/\/klaragymnasium.se\/wp-content\/uploads\/sites\/10\/2024\/08\/klaraedyoucation202404-2029041-scaled-1-1200x800.jpg 1200w\" \/>\n\t\t\t\n\t\t\t\n\t\t\t\t\t<\/div>\n\t<\/div>\n\n\t\t\n\t\t\t\n\t\t\t\t\t\t\t\n\t\t\t\t<div class=\"c-bg c-bg--img\" data-settings=\"{&quot;desktop_settings&quot;:{&quot;size&quot;:&quot;auto&quot;,&quot;position&quot;:&quot;bottom-right&quot;},&quot;mobile_settings&quot;:{&quot;size&quot;:&quot;auto&quot;,&quot;position&quot;:&quot;bottom-right&quot;}}\" data-position=\"middle-center\" data-size=\"cover\">\n\t\t\t\n\t\t<\/div>\n\t\n<\/section>\n\n\n\n\t\n\t\n\t\n\n\t\n\t\n\t\t\n<section  class=\"c-block l-stacked  \" data-color-scheme=\"vit\">\n\t<div class=\"ams-fifty ams-fifty--container ams-fifty--left ams-fifty--bottom l-container u-pt-fluid-md-xl u-pb-fluid-md-xl\">\n\t\t<div class=\"ams-fifty__content l-stack l-stack-xl is-left is-left@lg\">\n\t\t\t<div class=\"ams-fifty__text l-stack l-stack-lg\">\n\t\t\t\t\t\n\t<h2\n\tclass=\"c-heading u-font-title-1 \"\n\tstyle=\"\">\n\t\t\n\t\t\t\t\tBli klart\u00e4nkt. Och handlingskraftig.\n\t\t\t\t\n\t<\/h2>\n\n\t\t\t\t\t\t\t\t\t<div class=\"text l-stack u-font-body\">\n\t\t\t\t\t\t<p>Hos oss \u00e4r du aldrig ensam i din resa. V\u00e5ra l\u00e4rare och mentorer finns alltid d\u00e4r f\u00f6r att st\u00f6tta och guida dig. Genom v\u00e5ra m\u00e5l- och dr\u00f6msamtal hj\u00e4lper vi dig att inte bara uppt\u00e4cka dina dr\u00f6mmar, m\u00e5l och drivkrafter utan ocks\u00e5 att fundera mer \u00f6ver vad n\u00e4sta steg \u00e4r efter gymnasiet.<\/p>\n<p>P\u00e5 gymnasiet b\u00f6rjar du en resa mot din framtid. Men det \u00e4r inte alla som vet vad de vill bli. H\u00e4r str\u00e4var vi efter att varje steg du tar \u00e4r meningsfullt och inspirerande. Vi vill skapa en trygg plats d\u00e4r du kan reflektera \u00f6ver dina m\u00e5l och hitta din egen v\u00e4g fram\u00e5t.<\/p>\n<p>Vi sitter ner tillsammans och pratar om dina dr\u00f6mmar, dina styrkor och vad du vill uppn\u00e5. Dessa samtal handlar inte bara om vad som h\u00e4nder h\u00e4r och nu, utan ocks\u00e5 om att blicka fram\u00e5t mot framtiden. Vad vill du \u00e5stadkomma? Vilka v\u00e4gar kan du ta f\u00f6r att n\u00e5 dit? Det \u00e4r s\u00e5 vi g\u00f6r dig redo f\u00f6r livet efter gymnasiet.<\/p>\n<p>&nbsp;<\/p>\n\n\t\t\t\t\t<\/div>\n\t\t\t\t\t\t\t<\/div>\n\n\t\t\t\t\t<\/div>\n\n\t\t <div class=\"ams-fifty__media u-ratio-square\">\n\t\t \t\t\t\t\t<img decoding=\"async\" width=\"600\" height=\"400\" src=\"https:\/\/klaragymnasium.se\/wp-content\/uploads\/sites\/10\/2024\/08\/klaraedyoucation202404-2029043-scaled-1-600x400.jpg\" class=\"attachment-md size-md\" alt=\"L\u00e4rare hj\u00e4lper elever med uppgift.\" sizes=\"(min-width: 64em) 600px, calc(100vw - 160px)\" srcset=\"https:\/\/klaragymnasium.se\/wp-content\/uploads\/sites\/10\/2024\/08\/klaraedyoucation202404-2029043-scaled-1-600x400.jpg 600w, https:\/\/klaragymnasium.se\/wp-content\/uploads\/sites\/10\/2024\/08\/klaraedyoucation202404-2029043-scaled-1-300x200.jpg 300w, https:\/\/klaragymnasium.se\/wp-content\/uploads\/sites\/10\/2024\/08\/klaraedyoucation202404-2029043-scaled-1-400x267.jpg 400w, https:\/\/klaragymnasium.se\/wp-content\/uploads\/sites\/10\/2024\/08\/klaraedyoucation202404-2029043-scaled-1-800x533.jpg 800w, https:\/\/klaragymnasium.se\/wp-content\/uploads\/sites\/10\/2024\/08\/klaraedyoucation202404-2029043-scaled-1-1024x683.jpg 1024w, https:\/\/klaragymnasium.se\/wp-content\/uploads\/sites\/10\/2024\/08\/klaraedyoucation202404-2029043-scaled-1-1200x800.jpg 1200w\" \/>\n\t\t\t\n\t\t\t\n\t\t\t\t\t<\/div>\n\t<\/div>\n\n\t\t\n\n<\/section>\n\n\n\n\n<section  class=\"ams-cta ams-cta--stacked c-block l-stacked\" data-color-scheme=\"gra\">\n\t<div class=\"l-container l-stack l-stack-fluid-2xl u-pt-fluid-3xl-6xl u-pb-fluid-3xl-6xl is-center is-center@md\">\n\t\t\t\t\t<div class=\"ams-cta__intro l-stack l-stack-lg\">\n\t\t\t\t\t\n\t<h2\n\tclass=\"c-heading u-font-title-1 \"\n\tstyle=\"\">\n\t\t\n\t\t\t\t\tVill du veta mer om edyoucation?\n\t\t\t\t\n\t<\/h2>\n\n\t\t\t\t\t\t\t\t\t<div class=\"c-text l-stack u-cs-xl u-font-body\">\n\t\t\t\t\t\t<p>Varmt v\u00e4lkommen p\u00e5 \u00d6ppet hus hos oss p\u00e5 KLARA G\u00f6teborg Vallgatan f\u00f6r att f\u00e5 reda p\u00e5 hur vi jobbar med din edyoucation.<\/p>\n<p>&nbsp;<\/p>\n\n\t\t\t\t\t<\/div>\n\t\t\t\t\t\t\t<\/div>\n\t\t\n\t\t\n\t\t\t<div class=\"ams-cta__action u-inline-items\">\n\t\t\t\t\t\t\t\n\n\n<a href=\"https:\/\/klaragymnasium.se\/goteborg-vallgatan\/oppet-hus\/\"\n\t\n\tclass=\"c-btn \"\n\tdata-style=\"round\"\n\tdata-size=\"md\"\n\tdata-width=\"full-mobile\"\n\tdata-variant=\"default\"\n\ttarget=\"_self\">\n\t\t\t<span class=\"label\"> Bes\u00f6k \u00d6ppet hus <\/span>\n\t\t\t<\/a>\n\t\t\t<\/div>\n\t<\/div>\n\n\t\t\n\n<\/section>\n","protected":false},"excerpt":{"rendered":"","protected":false},"author":5,"featured_media":0,"parent":0,"menu_order":0,"comment_status":"closed","ping_status":"closed","template":"","meta":{"footnotes":""},"yoast_head":"<!-- This site is optimized with the Yoast SEO plugin v22.0 - https:\/\/yoast.com\/wordpress\/plugins\/seo\/ -->\n<title>Edyoucation - Klara Gymnasium G\u00f6teborg Vallgatan<\/title>\n<meta name=\"description\" content=\"P\u00e5 KLARA G\u00f6teborg Vallgatan ser vi individen i eleven. D\u00e4rf\u00f6r hj\u00e4lper vi dig f\u00f6rena motivation och prestation i dina studier. Det kallar vid edyoucation.\" \/>\n<meta name=\"robots\" content=\"index, follow, max-snippet:-1, max-image-preview:large, max-video-preview:-1\" \/>\n<link rel=\"canonical\" href=\"https:\/\/klaragymnasium.se\/goteborg-vallgatan\/edyoucation\/\" \/>\n<meta property=\"og:locale\" content=\"sv_SE\" \/>\n<meta property=\"og:type\" content=\"article\" \/>\n<meta property=\"og:title\" content=\"Edyoucation - Klara Gymnasium G\u00f6teborg Vallgatan\" \/>\n<meta property=\"og:description\" content=\"P\u00e5 KLARA G\u00f6teborg Vallgatan ser vi individen i eleven. D\u00e4rf\u00f6r hj\u00e4lper vi dig f\u00f6rena motivation och prestation i dina studier. Det kallar vid edyoucation.\" \/>\n<meta property=\"og:url\" content=\"https:\/\/klaragymnasium.se\/goteborg-vallgatan\/edyoucation\/\" \/>\n<meta property=\"og:site_name\" content=\"G\u00f6teborg Vallgatan\" \/>\n<meta property=\"article:modified_time\" content=\"2026-04-08T09:16:27+00:00\" \/>\n<meta name=\"twitter:card\" content=\"summary_large_image\" \/>\n<meta name=\"twitter:title\" content=\"Edyoucation - Klara Gymnasium G\u00f6teborg Vallgatan\" \/>\n<meta name=\"twitter:description\" content=\"P\u00e5 KLARA G\u00f6teborg Vallgatan ser vi individen i eleven. D\u00e4rf\u00f6r hj\u00e4lper vi dig f\u00f6rena motivation och prestation i dina studier. Det kallar vid edyoucation.\" \/>\n<meta name=\"twitter:label1\" content=\"Est. reading time\" \/>\n\t<meta name=\"twitter:data1\" content=\"4 minuter\" \/>\n<script type=\"application\/ld+json\" class=\"yoast-schema-graph\">{\"@context\":\"https:\/\/schema.org\",\"@graph\":[{\"@type\":\"WebPage\",\"@id\":\"https:\/\/klaragymnasium.se\/goteborg-vallgatan\/edyoucation\/\",\"url\":\"https:\/\/klaragymnasium.se\/goteborg-vallgatan\/edyoucation\/\",\"name\":\"Edyoucation - Klara Gymnasium G\u00f6teborg Vallgatan\",\"isPartOf\":{\"@id\":\"https:\/\/klaragymnasium.se\/goteborg-vallgatan\/#website\"},\"datePublished\":\"2023-03-03T12:52:44+00:00\",\"dateModified\":\"2026-04-08T09:16:27+00:00\",\"description\":\"P\u00e5 KLARA G\u00f6teborg Vallgatan ser vi individen i eleven. D\u00e4rf\u00f6r hj\u00e4lper vi dig f\u00f6rena motivation och prestation i dina studier. Det kallar vid edyoucation.\",\"breadcrumb\":{\"@id\":\"https:\/\/klaragymnasium.se\/goteborg-vallgatan\/edyoucation\/#breadcrumb\"},\"inLanguage\":\"sv-SE\",\"potentialAction\":[{\"@type\":\"ReadAction\",\"target\":[\"https:\/\/klaragymnasium.se\/goteborg-vallgatan\/edyoucation\/\"]}]},{\"@type\":\"BreadcrumbList\",\"@id\":\"https:\/\/klaragymnasium.se\/goteborg-vallgatan\/edyoucation\/#breadcrumb\",\"itemListElement\":[{\"@type\":\"ListItem\",\"position\":1,\"name\":\"Start\",\"item\":\"https:\/\/klaragymnasium.se\/goteborg-vallgatan\/\"},{\"@type\":\"ListItem\",\"position\":2,\"name\":\"Edyoucation\"}]},{\"@type\":\"WebSite\",\"@id\":\"https:\/\/klaragymnasium.se\/goteborg-vallgatan\/#website\",\"url\":\"https:\/\/klaragymnasium.se\/goteborg-vallgatan\/\",\"name\":\"G\u00f6teborg Vallgatan\",\"description\":\"Just another WordPress site\",\"potentialAction\":[{\"@type\":\"SearchAction\",\"target\":{\"@type\":\"EntryPoint\",\"urlTemplate\":\"https:\/\/klaragymnasium.se\/goteborg-vallgatan\/?s={search_term_string}\"},\"query-input\":\"required name=search_term_string\"}],\"inLanguage\":\"sv-SE\"}]}<\/script>\n<!-- \/ Yoast SEO plugin. -->","yoast_head_json":{"title":"Edyoucation - Klara Gymnasium G\u00f6teborg Vallgatan","description":"P\u00e5 KLARA G\u00f6teborg Vallgatan ser vi individen i eleven. D\u00e4rf\u00f6r hj\u00e4lper vi dig f\u00f6rena motivation och prestation i dina studier. Det kallar vid edyoucation.","robots":{"index":"index","follow":"follow","max-snippet":"max-snippet:-1","max-image-preview":"max-image-preview:large","max-video-preview":"max-video-preview:-1"},"canonical":"https:\/\/klaragymnasium.se\/goteborg-vallgatan\/edyoucation\/","og_locale":"sv_SE","og_type":"article","og_title":"Edyoucation - Klara Gymnasium G\u00f6teborg Vallgatan","og_description":"P\u00e5 KLARA G\u00f6teborg Vallgatan ser vi individen i eleven. D\u00e4rf\u00f6r hj\u00e4lper vi dig f\u00f6rena motivation och prestation i dina studier. Det kallar vid edyoucation.","og_url":"https:\/\/klaragymnasium.se\/goteborg-vallgatan\/edyoucation\/","og_site_name":"G\u00f6teborg Vallgatan","article_modified_time":"2026-04-08T09:16:27+00:00","twitter_card":"summary_large_image","twitter_title":"Edyoucation - Klara Gymnasium G\u00f6teborg Vallgatan","twitter_description":"P\u00e5 KLARA G\u00f6teborg Vallgatan ser vi individen i eleven. D\u00e4rf\u00f6r hj\u00e4lper vi dig f\u00f6rena motivation och prestation i dina studier. Det kallar vid edyoucation.","twitter_misc":{"Est. reading time":"4 minuter"},"schema":{"@context":"https:\/\/schema.org","@graph":[{"@type":"WebPage","@id":"https:\/\/klaragymnasium.se\/goteborg-vallgatan\/edyoucation\/","url":"https:\/\/klaragymnasium.se\/goteborg-vallgatan\/edyoucation\/","name":"Edyoucation - Klara Gymnasium G\u00f6teborg Vallgatan","isPartOf":{"@id":"https:\/\/klaragymnasium.se\/goteborg-vallgatan\/#website"},"datePublished":"2023-03-03T12:52:44+00:00","dateModified":"2026-04-08T09:16:27+00:00","description":"P\u00e5 KLARA G\u00f6teborg Vallgatan ser vi individen i eleven. D\u00e4rf\u00f6r hj\u00e4lper vi dig f\u00f6rena motivation och prestation i dina studier. Det kallar vid edyoucation.","breadcrumb":{"@id":"https:\/\/klaragymnasium.se\/goteborg-vallgatan\/edyoucation\/#breadcrumb"},"inLanguage":"sv-SE","potentialAction":[{"@type":"ReadAction","target":["https:\/\/klaragymnasium.se\/goteborg-vallgatan\/edyoucation\/"]}]},{"@type":"BreadcrumbList","@id":"https:\/\/klaragymnasium.se\/goteborg-vallgatan\/edyoucation\/#breadcrumb","itemListElement":[{"@type":"ListItem","position":1,"name":"Start","item":"https:\/\/klaragymnasium.se\/goteborg-vallgatan\/"},{"@type":"ListItem","position":2,"name":"Edyoucation"}]},{"@type":"WebSite","@id":"https:\/\/klaragymnasium.se\/goteborg-vallgatan\/#website","url":"https:\/\/klaragymnasium.se\/goteborg-vallgatan\/","name":"G\u00f6teborg Vallgatan","description":"Just another WordPress site","potentialAction":[{"@type":"SearchAction","target":{"@type":"EntryPoint","urlTemplate":"https:\/\/klaragymnasium.se\/goteborg-vallgatan\/?s={search_term_string}"},"query-input":"required name=search_term_string"}],"inLanguage":"sv-SE"}]}},"_links":{"self":[{"href":"https:\/\/klaragymnasium.se\/goteborg-vallgatan\/wp-json\/wp\/v2\/pages\/317"}],"collection":[{"href":"https:\/\/klaragymnasium.se\/goteborg-vallgatan\/wp-json\/wp\/v2\/pages"}],"about":[{"href":"https:\/\/klaragymnasium.se\/goteborg-vallgatan\/wp-json\/wp\/v2\/types\/page"}],"author":[{"embeddable":true,"href":"https:\/\/klaragymnasium.se\/goteborg-vallgatan\/wp-json\/wp\/v2\/users\/5"}],"replies":[{"embeddable":true,"href":"https:\/\/klaragymnasium.se\/goteborg-vallgatan\/wp-json\/wp\/v2\/comments?post=317"}],"version-history":[{"count":10,"href":"https:\/\/klaragymnasium.se\/goteborg-vallgatan\/wp-json\/wp\/v2\/pages\/317\/revisions"}],"predecessor-version":[{"id":4231,"href":"https:\/\/klaragymnasium.se\/goteborg-vallgatan\/wp-json\/wp\/v2\/pages\/317\/revisions\/4231"}],"wp:attachment":[{"href":"https:\/\/klaragymnasium.se\/goteborg-vallgatan\/wp-json\/wp\/v2\/media?parent=317"}],"curies":[{"name":"wp","href":"https:\/\/api.w.org\/{rel}","templated":true}]}}